{"id":22061,"date":"2024-06-29T10:17:55","date_gmt":"2024-06-29T10:17:55","guid":{"rendered":"https:\/\/www.laseyta.com\/?post_type=product&#038;p=22061"},"modified":"2026-05-02T10:08:59","modified_gmt":"2026-05-02T10:08:59","slug":"magnetic-lucky-bracelet-orange","status":"publish","type":"product","link":"https:\/\/www.laseyta.com\/en\/product\/magnetic-lucky-bracelet-orange\/","title":{"rendered":"Magnetic Lucky Bracelet\/Orange"},"content":{"rendered":"<p><span style=\"vertical-align: inherit;\"><span style=\"vertical-align: inherit;\"><span style=\"vertical-align: inherit;\"><span style=\"vertical-align: inherit;\"><span style=\"vertical-align: inherit;\"><span style=\"vertical-align: inherit;\"><span style=\"vertical-align: inherit;\"><span style=\"vertical-align: inherit;\">Malzeme: manyetik kordon, tekstil <\/span><\/span><\/span><\/span><\/span><\/span><\/span><\/span><br \/>\n<span style=\"vertical-align: inherit;\"><span style=\"vertical-align: inherit;\"><span style=\"vertical-align: inherit;\"><span style=\"vertical-align: inherit;\"><span style=\"vertical-align: inherit;\"><span style=\"vertical-align: inherit;\"><span style=\"vertical-align: inherit;\"><span style=\"vertical-align: inherit;\">Uzunluk: 510mm\/(20,1in\u00e7) <\/span><\/span><\/span><\/span><\/span><\/span><\/span><\/span><br \/>\n<span style=\"vertical-align: inherit;\"><span style=\"vertical-align: inherit;\"><span style=\"vertical-align: inherit;\"><span style=\"vertical-align: inherit;\"><span style=\"vertical-align: inherit;\"><span style=\"vertical-align: inherit;\"><span style=\"vertical-align: inherit;\"><span style=\"vertical-align: inherit;\">Kal\u0131nl\u0131k: 2 MM <\/span><\/span><\/span><\/span><\/span><\/span><\/span><\/span><br \/>\n<span style=\"vertical-align: inherit;\"><span style=\"vertical-align: inherit;\"><span style=\"vertical-align: inherit;\"><span style=\"vertical-align: inherit;\"><span style=\"vertical-align: inherit;\"><span style=\"vertical-align: inherit;\"><span style=\"vertical-align: inherit;\"><span style=\"vertical-align: inherit;\">A\u011f\u0131rl\u0131k: 0,01 KG<\/span><\/span><\/span><\/span><\/span><\/span><\/span><\/span><\/p>\n<p>&nbsp;<\/p>\n<p><span style=\"vertical-align: inherit;\"><span style=\"vertical-align: inherit;\"><span style=\"vertical-align: inherit;\"><span style=\"vertical-align: inherit;\"><span style=\"vertical-align: inherit;\"><span style=\"vertical-align: inherit;\"><span style=\"vertical-align: inherit;\"><span style=\"vertical-align: inherit;\">Kar\u0131\u015ft\u0131rma ve e\u015fle\u015ftirme, tak\u0131lar\u0131n\u0131z\u0131 ki\u015fiselle\u015ftirmenin e\u011flenceli bir yolu sunuyor. Tarz\u0131n\u0131z\u0131 yans\u0131t\u0131n kombinler Rengi. \u015eansl\u0131 ip ayn\u0131 zamanda y\u00fczeylerde zay\u0131f bir sinir kuvvetine sahip olan ve temaslar an\u0131nda hemen \u00fcst\u00fcndeya neden olan el \u00fcst\u00fcnde tutma ipi olarak da bilinir. Ancak, Aktris sevgiyi, Aktris ki\u015fileri ve Aktris ki\u015fileri sembolize eder. Ruh halinize g\u00f6re \u00e7ekicili\u011finizi azalt\u0131n.<\/span><\/span><\/span><\/span><\/span><\/span><\/span><\/span><\/p>\n<p><span style=\"vertical-align: inherit;\"><span style=\"vertical-align: inherit;\"><span style=\"vertical-align: inherit;\"><span style=\"vertical-align: inherit;\"><span style=\"vertical-align: inherit;\"><span style=\"vertical-align: inherit;\"><span style=\"vertical-align: inherit;\"><span style=\"vertical-align: inherit;\">Her g\u00fcn farkl\u0131 bir tarz\u0131n\u0131z olsun diye m\u00fckemmel bir aksesuard\u0131r ve tarz\u0131n\u0131za g\u00f6re kar\u0131\u015ft\u0131r\u0131p e\u015fle\u015ftirmenize olanak tan\u0131r. S\u0131f\u0131rdan montaj ve kolay par\u00e7alar\u0131n montaj\u0131 sa\u011flan\u0131r. Saatinizi ve bileziklerinizi, sevdi\u011finiz bileziklerle veya ayak bile\u011finizde takmak i\u00e7in kullanabilirsiniz. Lucky halat bir\u00e7ok renkte mevcuttur, bu da onu \u015f\u0131k ve \u00e7ok y\u00f6nl\u00fc hale getirir. \u015eans\u0131n g\u00f6r\u00fcn\u00fcm\u00fc.<\/span><\/span><\/span><\/span><\/span><\/span><\/span><\/span><\/p>\n<p>&nbsp;<\/p>\n<p>&nbsp;<\/p>\n<p>&nbsp;<\/p>\n","protected":false},"excerpt":{"rendered":"<blockquote><p>&nbsp;<\/p><\/blockquote>\n<p><!--more--><\/p>\n","protected":false},"featured_media":22059,"comment_status":"open","ping_status":"closed","template":"","meta":[],"product_cat":[420,455,437,453,435,418,449,477],"product_tag":[],"class_list":{"0":"post-22061","1":"product","2":"type-product","3":"status-publish","4":"has-post-thumbnail","6":"product_brand-laseyta","7":"product_cat-bangle","8":"product_cat-bangle-women-costume-jewelry","9":"product_cat-bangle-women-silver","10":"product_cat-bracelet-women-costume-jewelry","11":"product_cat-bracelet-women-silver","12":"product_cat-bracelet","13":"product_cat-costume-jewelry","14":"product_cat-magnetic-jewelry","16":"first","17":"outofstock","18":"taxable","19":"shipping-taxable","20":"purchasable","21":"product-type-simple"},"_links":{"self":[{"href":"https:\/\/www.laseyta.com\/en\/wp-json\/wp\/v2\/product\/22061","targetHints":{"allow":["GET"]}}],"collection":[{"href":"https:\/\/www.laseyta.com\/en\/wp-json\/wp\/v2\/product"}],"about":[{"href":"https:\/\/www.laseyta.com\/en\/wp-json\/wp\/v2\/types\/product"}],"replies":[{"embeddable":true,"href":"https:\/\/www.laseyta.com\/en\/wp-json\/wp\/v2\/comments?post=22061"}],"wp:featuredmedia":[{"embeddable":true,"href":"https:\/\/www.laseyta.com\/en\/wp-json\/wp\/v2\/media\/22059"}],"wp:attachment":[{"href":"https:\/\/www.laseyta.com\/en\/wp-json\/wp\/v2\/media?parent=22061"}],"wp:term":[{"taxonomy":"product_cat","embeddable":true,"href":"https:\/\/www.laseyta.com\/en\/wp-json\/wp\/v2\/product_cat?post=22061"},{"taxonomy":"product_tag","embeddable":true,"href":"https:\/\/www.laseyta.com\/en\/wp-json\/wp\/v2\/product_tag?post=22061"}],"curies":[{"name":"wp","href":"https:\/\/api.w.org\/{rel}","templated":true}]}}