{"id":22336,"date":"2024-07-16T18:10:40","date_gmt":"2024-07-16T18:10:40","guid":{"rendered":"https:\/\/www.laseyta.com\/?post_type=product&#038;p=22336"},"modified":"2024-07-16T18:11:51","modified_gmt":"2024-07-16T18:11:51","slug":"silver-woman-plain-oxidized-ring-14","status":"publish","type":"product","link":"https:\/\/www.laseyta.com\/en\/product\/silver-woman-plain-oxidized-ring-14\/","title":{"rendered":"Silver Woman Plain\/Oxidized Ring"},"content":{"rendered":"<p><span style=\"vertical-align: inherit;\"><span style=\"vertical-align: inherit;\"><span style=\"vertical-align: inherit;\"><span style=\"vertical-align: inherit;\"><span style=\"vertical-align: inherit;\"><span style=\"vertical-align: inherit;\"><span style=\"vertical-align: inherit;\"><span style=\"vertical-align: inherit;\">Malzeme:925 ayar g\u00fcm\u00fc\u015f<\/span><\/span><\/span><\/span><\/span><\/span><\/span><\/span><\/p>\n<p><span style=\"vertical-align: inherit;\"><span style=\"vertical-align: inherit;\"><span style=\"vertical-align: inherit;\"><span style=\"vertical-align: inherit;\"><span style=\"vertical-align: inherit;\"><span style=\"vertical-align: inherit;\"><span style=\"vertical-align: inherit;\"><span style=\"vertical-align: inherit;\">Yap\u0131m y\u0131l\u0131: 2017. Cilt tasar\u0131m\u0131 N\u00b0 1 onar\u0131m (+-0,1) de\u011fi\u015fiklik.<\/span><\/span><\/span><\/span><\/span><\/span><\/span><\/span><\/p>\n","protected":false},"excerpt":{"rendered":"<p>Malzeme:925 ayar g\u00fcm\u00fc\u015f Yap\u0131m y\u0131l\u0131: 2017. Cilt tasar\u0131m\u0131 N\u00b0 1 onar\u0131m (+-0,1) de\u011fi\u015fiklik.<\/p>\n","protected":false},"featured_media":22337,"comment_status":"open","ping_status":"closed","template":"","meta":[],"product_cat":[431,436],"product_tag":[160,490],"class_list":{"0":"post-22336","1":"product","2":"type-product","3":"status-publish","4":"has-post-thumbnail","6":"product_brand-laseyta","7":"product_cat-silver","8":"product_cat-ring-women-silver","9":"product_tag-most-viewed-products","10":"product_tag-yeni-gelenler","12":"first","13":"outofstock","14":"taxable","15":"shipping-taxable","16":"purchasable","17":"product-type-simple"},"_links":{"self":[{"href":"https:\/\/www.laseyta.com\/en\/wp-json\/wp\/v2\/product\/22336","targetHints":{"allow":["GET"]}}],"collection":[{"href":"https:\/\/www.laseyta.com\/en\/wp-json\/wp\/v2\/product"}],"about":[{"href":"https:\/\/www.laseyta.com\/en\/wp-json\/wp\/v2\/types\/product"}],"replies":[{"embeddable":true,"href":"https:\/\/www.laseyta.com\/en\/wp-json\/wp\/v2\/comments?post=22336"}],"wp:featuredmedia":[{"embeddable":true,"href":"https:\/\/www.laseyta.com\/en\/wp-json\/wp\/v2\/media\/22337"}],"wp:attachment":[{"href":"https:\/\/www.laseyta.com\/en\/wp-json\/wp\/v2\/media?parent=22336"}],"wp:term":[{"taxonomy":"product_cat","embeddable":true,"href":"https:\/\/www.laseyta.com\/en\/wp-json\/wp\/v2\/product_cat?post=22336"},{"taxonomy":"product_tag","embeddable":true,"href":"https:\/\/www.laseyta.com\/en\/wp-json\/wp\/v2\/product_tag?post=22336"}],"curies":[{"name":"wp","href":"https:\/\/api.w.org\/{rel}","templated":true}]}}