{"id":17377,"date":"2022-09-22T07:30:38","date_gmt":"2022-09-22T07:30:38","guid":{"rendered":"https:\/\/motta.uix.store\/?page_id=17377"},"modified":"2024-03-31T11:43:39","modified_gmt":"2024-03-31T11:43:39","slug":"customer-service","status":"publish","type":"page","link":"https:\/\/www.laseyta.com\/es\/atencion-al-cliente\/","title":{"rendered":"Atenci\u00f3n al cliente"},"content":{"rendered":"<div data-elementor-type=\"wp-page\" data-elementor-id=\"17377\" class=\"elementor elementor-17377\" data-elementor-post-type=\"page\">\n\t\t\t\t\t\t<section class=\"elementor-section elementor-top-section elementor-element elementor-element-6ac5b052 elementor-section-boxed elementor-section-height-default elementor-section-height-default motta-responsive-column motta-tablet-column--default motta-responsive-column motta-mobile-column--default\" data-id=\"6ac5b052\" data-element_type=\"section\" data-e-type=\"section\">\n\t\t\t\t\t\t<div class=\"elementor-container elementor-column-gap-default\">\n\t\t\t\t\t<div class=\"elementor-column elementor-col-33 elementor-top-column elementor-element elementor-element-1f50cb7a\" data-id=\"1f50cb7a\" data-element_type=\"column\" data-e-type=\"column\">\n\t\t\t<div class=\"elementor-widget-wrap\">\n\t\t\t\t\t\t\t<\/div>\n\t\t<\/div>\n\t\t\t\t<div class=\"elementor-column elementor-col-33 elementor-top-column elementor-element elementor-element-1830bc68\" data-id=\"1830bc68\" data-element_type=\"column\" data-e-type=\"column\">\n\t\t\t<div class=\"elementor-widget-wrap elementor-element-populated\">\n\t\t\t\t\t\t<div class=\"elementor-element elementor-element-f00d023 elementor-widget elementor-widget-text-editor\" data-id=\"f00d023\" data-element_type=\"widget\" data-e-type=\"widget\" data-widget_type=\"text-editor.default\">\n\t\t\t\t<div class=\"elementor-widget-container\">\n\t\t\t\t\t\t\t\t\t<p>Bienvenido a la p\u00e1gina de Atenci\u00f3n al Cliente de Laseyta. Estamos comprometidos a proporcionar un servicio excepcional a nuestros clientes mayoristas. A continuaci\u00f3n encontrar\u00e1 informaci\u00f3n sobre c\u00f3mo ponerse en contacto con nosotros, las preguntas m\u00e1s frecuentes y otros recursos para ayudarle con sus necesidades.<\/p><h3>Contacte con nosotros<\/h3><p>Para cualquier consulta, duda o necesidad de asistencia, p\u00f3ngase en contacto con nuestro equipo de atenci\u00f3n al cliente:<\/p><ul><li>Correo electr\u00f3nico: <a href=\"mailto:support@laseyta.com\">support@laseyta.com<\/a><\/li><li>Tel: +90 544 409 90 74<\/li><li>Horario de atenci\u00f3n al p\u00fablico: De lunes a viernes, de 9:00 a 17:00 (GMT+3)<\/li><\/ul><h4>Preguntas m\u00e1s frecuentes (FAQ)<\/h4><dl><dt>\u00bfC\u00f3mo puedo hacer un pedido al por mayor?<\/dt><dd>Puede realizar un pedido a trav\u00e9s de nuestro sitio web registr\u00e1ndose para obtener una cuenta de mayorista y seleccionando los productos que desea comprar.<\/dd><dt>\u00bfCu\u00e1les son los requisitos m\u00ednimos para hacer un pedido?<\/dt><dd>Requerimos un pedido m\u00ednimo de 12 piezas por dise\u00f1o y un valor total m\u00ednimo del pedido de $750.<\/dd><dt>\u00bfQu\u00e9 m\u00e9todos de pago aceptan?<\/dt><dd>Aceptamos pagos con tarjeta de cr\u00e9dito, transferencia bancaria y Western Union para pedidos al por mayor.<\/dd><dt>\u00bfC\u00f3mo puedo hacer el seguimiento de mi pedido?<\/dt><dd>Una vez enviado su pedido, le facilitaremos un n\u00famero de seguimiento por correo electr\u00f3nico. Puede utilizar este n\u00famero para realizar el seguimiento del env\u00edo en el sitio web de la empresa de mensajer\u00eda.<\/dd><dt>\u00bfCu\u00e1l es su pol\u00edtica de devoluciones?<\/dt><dd>Consulte nuestra p\u00e1gina de Pol\u00edtica de devoluciones para obtener informaci\u00f3n detallada sobre devoluciones y reembolsos.<\/dd><\/dl><h3>Pedidos y env\u00edo<\/h3><p>Para m\u00e1s informaci\u00f3n sobre c\u00f3mo hacer un pedido, gastos de env\u00edo y plazos de entrega, visite nuestra p\u00e1gina web <a href=\"https:\/\/www.laseyta.com\/es\/ordering-shipping\/\">Pedidos y env\u00edo<\/a> p\u00e1gina.<\/p><h3>Devoluciones y reembolsos<\/h3><p>Si necesita devolver un producto o solicitar un reembolso, visite nuestro <a href=\"https:\/\/www.laseyta.com\/es\/returns-refunds\/\">Devoluciones y reembolsos<\/a> para obtener instrucciones y pol\u00edticas detalladas.<\/p><h4>Informaci\u00f3n sobre el producto<\/h4><p>Para obtener informaci\u00f3n detallada sobre nuestros productos, incluidas las especificaciones y las instrucciones de cuidado, visite nuestro <a href=\"https:\/\/www.laseyta.com\/es\/products\/\">Productos<\/a> p\u00e1gina.<\/p><h4>Comentarios y sugerencias<\/h4><p>Valoramos sus comentarios y sugerencias. Si tiene alguna idea sobre c\u00f3mo podemos mejorar nuestros servicios o productos, h\u00e1ganoslo saber enviando un correo electr\u00f3nico a <a href=\"mailto:feedback@laseyta.com\">support@laseyta.com<\/a>.<\/p><p>Gracias por elegir Laseyta para sus necesidades de venta al por mayor. \u00a1Esperamos poder servirle!<\/p>\t\t\t\t\t\t\t\t<\/div>\n\t\t\t\t<\/div>\n\t\t\t\t\t<\/div>\n\t\t<\/div>\n\t\t\t\t<div class=\"elementor-column elementor-col-33 elementor-top-column elementor-element elementor-element-19870cfa\" data-id=\"19870cfa\" data-element_type=\"column\" data-e-type=\"column\">\n\t\t\t<div class=\"elementor-widget-wrap\">\n\t\t\t\t\t\t\t<\/div>\n\t\t<\/div>\n\t\t\t\t\t<\/div>\n\t\t<\/section>\n\t\t\t\t<\/div>","protected":false},"excerpt":{"rendered":"<p>Bienvenido a la p\u00e1gina de Atenci\u00f3n al Cliente de Laseyta. Estamos comprometidos a proporcionar un servicio excepcional a nuestros clientes mayoristas. A continuaci\u00f3n encontrar\u00e1 informaci\u00f3n sobre c\u00f3mo ponerse en contacto con nosotros, las preguntas m\u00e1s frecuentes y otros recursos para ayudarle con sus necesidades. Contacte con nosotros Para cualquier consulta, duda o necesidad de asistencia, p\u00f3ngase en contacto con nuestro equipo de atenci\u00f3n al cliente: Correo electr\u00f3nico: [...]<\/p>","protected":false},"author":1,"featured_media":0,"parent":0,"menu_order":0,"comment_status":"closed","ping_status":"closed","template":"","meta":{"footnotes":""},"class_list":["post-17377","page","type-page","status-publish","hentry"],"_links":{"self":[{"href":"https:\/\/www.laseyta.com\/es\/wp-json\/wp\/v2\/pages\/17377","targetHints":{"allow":["GET"]}}],"collection":[{"href":"https:\/\/www.laseyta.com\/es\/wp-json\/wp\/v2\/pages"}],"about":[{"href":"https:\/\/www.laseyta.com\/es\/wp-json\/wp\/v2\/types\/page"}],"author":[{"embeddable":true,"href":"https:\/\/www.laseyta.com\/es\/wp-json\/wp\/v2\/users\/1"}],"replies":[{"embeddable":true,"href":"https:\/\/www.laseyta.com\/es\/wp-json\/wp\/v2\/comments?post=17377"}],"version-history":[{"count":0,"href":"https:\/\/www.laseyta.com\/es\/wp-json\/wp\/v2\/pages\/17377\/revisions"}],"wp:attachment":[{"href":"https:\/\/www.laseyta.com\/es\/wp-json\/wp\/v2\/media?parent=17377"}],"curies":[{"name":"wp","href":"https:\/\/api.w.org\/{rel}","templated":true}]}}