{"id":21446,"date":"2024-03-28T21:31:31","date_gmt":"2024-03-28T21:31:31","guid":{"rendered":"https:\/\/www.laseyta.com\/?page_id=21446"},"modified":"2024-03-28T21:39:08","modified_gmt":"2024-03-28T21:39:08","slug":"how-to-order","status":"publish","type":"page","link":"https:\/\/www.laseyta.com\/es\/como-hacer-un-pedido\/","title":{"rendered":"C\u00f3mo hacer un pedido"},"content":{"rendered":"<div data-elementor-type=\"wp-page\" data-elementor-id=\"21446\" class=\"elementor elementor-21446\" data-elementor-post-type=\"page\">\n\t\t\t\t\t\t<section class=\"elementor-section elementor-top-section elementor-element elementor-element-33780ff4 elementor-section-boxed elementor-section-height-default elementor-section-height-default motta-responsive-column motta-tablet-column--default motta-responsive-column motta-mobile-column--default\" data-id=\"33780ff4\" data-element_type=\"section\" data-e-type=\"section\">\n\t\t\t\t\t\t<div class=\"elementor-container elementor-column-gap-default\">\n\t\t\t\t\t<div class=\"elementor-column elementor-col-100 elementor-top-column elementor-element elementor-element-5f9a38c7\" data-id=\"5f9a38c7\" data-element_type=\"column\" data-e-type=\"column\">\n\t\t\t<div class=\"elementor-widget-wrap elementor-element-populated\">\n\t\t\t\t\t\t<div class=\"elementor-element elementor-element-3e57391a elementor-widget elementor-widget-motta-heading\" data-id=\"3e57391a\" data-element_type=\"widget\" data-e-type=\"widget\" data-widget_type=\"motta-heading.default\">\n\t\t\t\t<div class=\"elementor-widget-container\">\n\t\t\t\t\t\t\t<div class=\"motta-heading-elementor motta-heading__button-on\">\r\n\t\t\t\t<h2 class=\"motta-heading motta-heading--default\">\r\n\t\t\t\t\t\u00bfC\u00f3mo funciona?\t\t\t\t<\/h2>\r\n\t\t\t\t\t\t\t<\/div>\r\n\t\t\t\t\t\t<\/div>\n\t\t\t\t<\/div>\n\t\t\t\t\t<\/div>\n\t\t<\/div>\n\t\t\t\t\t<\/div>\n\t\t<\/section>\n\t\t<div class=\"elementor-element elementor-element-aa83633 e-flex e-con-boxed e-con e-parent\" data-id=\"aa83633\" data-element_type=\"container\" data-e-type=\"container\">\n\t\t\t\t\t<div class=\"e-con-inner\">\n\t\t\t\t<div class=\"elementor-element elementor-element-66e3a92 elementor-widget elementor-widget-text-editor\" data-id=\"66e3a92\" data-element_type=\"widget\" data-e-type=\"widget\" data-widget_type=\"text-editor.default\">\n\t\t\t\t<div class=\"elementor-widget-container\">\n\t\t\t\t\t\t\t\t\t<p>Contamos con un equipo de dise\u00f1adores de joyas y una l\u00ednea de producci\u00f3n flexible que trabajar\u00e1 con usted para fabricar sus joyas, tanto si ya sabe lo que quiere como si tiene un art\u00edculo de muestra, algunas ideas generales o si realmente no sabe por d\u00f3nde empezar.<\/p><p>Tambi\u00e9n sabemos lo inc\u00f3modo que puede resultar crear tus joyas online cuando no sabes mucho sobre el tema. Hay una cantidad abrumadora de informaci\u00f3n sobre metales, galvanoplastia, piedras, estilos de dise\u00f1o y mucho m\u00e1s. Para ayudar a cerrar esa brecha, nos esforzamos por ofrecer el mejor servicio al cliente. A menudo hay muchas opciones \"correctas\", por lo que nuestro trabajo consiste en ayudarle a entender todas las ventajas y desventajas para que pueda tomar una decisi\u00f3n bien informada. Hemos hecho bien nuestro trabajo cuando le ayudamos a encontrar los mejores materiales, opciones y detalles para su presupuesto.<\/p><p>Cu\u00e9ntenos un poco sobre usted y lo que est\u00e1 buscando, y le guiaremos a trav\u00e9s del proceso de creaci\u00f3n de la joya perfecta.<\/p>\t\t\t\t\t\t\t\t<\/div>\n\t\t\t\t<\/div>\n\t\t\t\t\t<\/div>\n\t\t\t\t<\/div>\n\t\t\t\t<section class=\"elementor-section elementor-top-section elementor-element elementor-element-59ef8020 elementor-section-boxed elementor-section-height-default elementor-section-height-default motta-responsive-column motta-tablet-column--default motta-responsive-column motta-mobile-column--default\" data-id=\"59ef8020\" data-element_type=\"section\" data-e-type=\"section\">\n\t\t\t\t\t\t<div class=\"elementor-container elementor-column-gap-default\">\n\t\t\t\t\t<div class=\"elementor-column elementor-col-100 elementor-top-column elementor-element elementor-element-1a2713eb\" data-id=\"1a2713eb\" data-element_type=\"column\" data-e-type=\"column\">\n\t\t\t<div class=\"elementor-widget-wrap elementor-element-populated\">\n\t\t\t\t\t\t<div class=\"elementor-element elementor-element-2e12d145 elementor-widget elementor-widget-motta-accordion\" data-id=\"2e12d145\" data-element_type=\"widget\" data-e-type=\"widget\" data-widget_type=\"motta-accordion.default\">\n\t\t\t\t<div class=\"elementor-widget-container\">\n\t\t\t\t\t\t\t<div class=\"motta-accordion\" role=\"tablist\">\r\n\t\t\t\t\t\t\t<div class=\"motta-accordion__item\">\r\n\t\t\t\t\t<div id=\"motta-tab-title-7721\" class=\"motta-accordion__title\" data-tab=\"1\" role=\"tab\" aria-controls=\"motta-tab-content-7721\">\r\n\t\t\t\t\t\t\t\t\t\t\t\t\t<span class=\"motta-accordion__icon motta-accordion__icon--default\" aria-hidden=\"true\"><\/span>\r\n\t\t\t\t\t\t\t\t\t\t\t\t<a class=\"motta-accordion__title-text\" href=\"#motta-tab-content-7721\">\u00bfCu\u00e1nto dura un proyecto?<\/a>\r\n\t\t\t\t\t<\/div>\r\n\t\t\t\t\t<div id=\"motta-tab-content-7721\" class=\"motta-accordion__content clearfix\" data-tab=\"1\" role=\"tabpanel\" aria-labelledby=\"motta-tab-title-7721\"><p>Normalmente, su pieza personalizada estar\u00e1 en sus manos entre 15 y 20 d\u00edas despu\u00e9s de que hayamos finalizado su dise\u00f1o. Sin embargo, dado que cada proyecto es diferente, el tiempo necesario para completarlo puede variar. A continuaci\u00f3n le ofrecemos un desglose aproximado del tiempo que tarda cada parte de nuestro proceso:<\/p><p><strong>Dise\u00f1o:<\/strong> El tiempo que haga falta para que nos digas que es perfecto<\/p><p>A la hora de crear su dise\u00f1o, trabajaremos a su ritmo. Algunos clientes s\u00f3lo tienen que intercambiar algunos mensajes con nosotros y, a menudo, estaremos listos para realizar su pieza en 15 d\u00edas.<\/p><p><strong>Art\u00edculo de muestra:<\/strong> Aproximadamente 7-15 d\u00edas<\/p><p>Una vez que hayas aprobado un dise\u00f1o, fabricaremos la primera pieza de muestra, acabando todos los detalles a mano. Cuando est\u00e9 lista, te enviaremos fotograf\u00edas de la pieza acabada para que nos des tu visto bueno antes de envi\u00e1rtela.<\/p><p><strong>Producci\u00f3n a granel:<\/strong> Aproximadamente de 2 a 6 semanas<\/p><p>Una vez que le parezca bien nuestro art\u00edculo de muestra, fabricaremos su pieza a granel.<\/p><p><strong>Env\u00edo:<\/strong> 3-5 d\u00edas<\/p><p>Enviamos paquetes internacionales a trav\u00e9s de DHL o Fedex, uno de los servicios m\u00e1s r\u00e1pidos disponibles. Dependiendo de la ubicaci\u00f3n, los env\u00edos internacionales a veces pueden sufrir retrasos en las aduanas locales para su inspecci\u00f3n, lo que puede alargar el plazo de entrega.<\/p><\/div>\r\n\t\t\t\t<\/div>\r\n\t\t\t\t\t\t\t<div class=\"motta-accordion__item\">\r\n\t\t\t\t\t<div id=\"motta-tab-title-7722\" class=\"motta-accordion__title\" data-tab=\"2\" role=\"tab\" aria-controls=\"motta-tab-content-7722\">\r\n\t\t\t\t\t\t\t\t\t\t\t\t\t<span class=\"motta-accordion__icon motta-accordion__icon--default\" aria-hidden=\"true\"><\/span>\r\n\t\t\t\t\t\t\t\t\t\t\t\t<a class=\"motta-accordion__title-text\" href=\"#motta-tab-content-7722\">\u00bfCu\u00e1nto costar\u00e1 mi pieza?<\/a>\r\n\t\t\t\t\t<\/div>\r\n\t\t\t\t\t<div id=\"motta-tab-content-7722\" class=\"motta-accordion__content clearfix\" data-tab=\"2\" role=\"tabpanel\" aria-labelledby=\"motta-tab-title-7722\"><p>La forma m\u00e1s f\u00e1cil de averiguar cu\u00e1nto costar\u00e1 su pieza es iniciar una consulta con nosotros y decirnos lo que est\u00e1 buscando - podemos proporcionar un coste estimado con s\u00f3lo unos pocos detalles.<\/p><p>De hecho, su costo de personalizaci\u00f3n ser\u00e1 barato precio de f\u00e1brica, incluyen la tasa de material, la selecci\u00f3n chapado, galvanoplastia, la tasa de piedra y los gastos de los trabajadores, etc.<\/p><p>Si s\u00f3lo desea una pieza, el precio es de $50 usd+.<\/p><\/div>\r\n\t\t\t\t<\/div>\r\n\t\t\t\t\t<\/div>\r\n\t\t\t\t\t\t<\/div>\n\t\t\t\t<\/div>\n\t\t\t\t\t<\/div>\n\t\t<\/div>\n\t\t\t\t\t<\/div>\n\t\t<\/section>\n\t\t\t\t<section class=\"elementor-section elementor-top-section elementor-element elementor-element-41735927 elementor-section-full_width elementor-section-height-default elementor-section-height-default motta-responsive-column motta-tablet-column--default motta-responsive-column motta-mobile-column--default\" data-id=\"41735927\" data-element_type=\"section\" data-e-type=\"section\" data-settings=\"{&quot;background_background&quot;:&quot;classic&quot;}\">\n\t\t\t\t\t\t<div class=\"elementor-container elementor-column-gap-default\">\n\t\t\t\t\t<div class=\"elementor-column elementor-col-100 elementor-top-column elementor-element elementor-element-1dc9d538\" data-id=\"1dc9d538\" data-element_type=\"column\" data-e-type=\"column\" data-settings=\"{&quot;background_background&quot;:&quot;classic&quot;}\">\n\t\t\t<div class=\"elementor-widget-wrap elementor-element-populated\">\n\t\t\t\t\t\t<div class=\"elementor-element elementor-element-bb2e91d elementor-widget elementor-widget-motta-heading\" data-id=\"bb2e91d\" data-element_type=\"widget\" data-e-type=\"widget\" data-widget_type=\"motta-heading.default\">\n\t\t\t\t<div class=\"elementor-widget-container\">\n\t\t\t\t\t\t\t<div class=\"motta-heading-elementor motta-heading__button-on\">\r\n\t\t\t\t<h2 class=\"motta-heading motta-heading--default\">\r\n\t\t\t\t\t\u00bfEn qu\u00e9 podemos ayudarle?\t\t\t\t<\/h2>\r\n\t\t\t\t\t\t\t<\/div>\r\n\t\t\t\t\t\t<\/div>\n\t\t\t\t<\/div>\n\t\t\t\t<div class=\"elementor-element elementor-element-c207504 elementor-widget elementor-widget-motta-heading\" data-id=\"c207504\" data-element_type=\"widget\" data-e-type=\"widget\" data-widget_type=\"motta-heading.default\">\n\t\t\t\t<div class=\"elementor-widget-container\">\n\t\t\t\t\t\t\t<div class=\"motta-heading-elementor motta-heading__button-on\">\r\n\t\t\t\t<h2 class=\"motta-heading motta-heading--default\">\r\n\t\t\t\t\tNuestro equipo de superh\u00e9roes son <br class=\"hidden-xs\">\na la espera de <br class=\"hidden-lg hiddem-sm\"> Ayuda <br class=\"hidden-xs\">\n\u00a1Apoyo!\t\t\t\t<\/h2>\r\n\t\t\t\t\t\t\t<\/div>\r\n\t\t\t\t\t\t<\/div>\n\t\t\t\t<\/div>\n\t\t\t\t<div class=\"elementor-element elementor-element-2009bc46 elementor-widget elementor-widget-motta-button\" data-id=\"2009bc46\" data-element_type=\"widget\" data-e-type=\"widget\" data-widget_type=\"motta-button.default\">\n\t\t\t\t<div class=\"elementor-widget-container\">\n\t\t\t\t\t\t\t<a class=\"motta-button motta-button-primary  motta-button--base  motta-button--large\" href=\"#\">\n\t\t\t\t\t\t\t\t\t\t\t\t<span class=\"motta-button__text\">Centro de ayuda<\/span>\n\t\t\t\t\t\t<\/a>\n\t\t\t\t\t\t<\/div>\n\t\t\t\t<\/div>\n\t\t\t\t\t<\/div>\n\t\t<\/div>\n\t\t\t\t\t<\/div>\n\t\t<\/section>\n\t\t\t\t<\/div>","protected":false},"excerpt":{"rendered":"<p>\u00bfC\u00f3mo funciona? Tenemos un equipo de dise\u00f1adores de joyas y una l\u00ednea de producci\u00f3n flexible que trabajar\u00e1 con usted para hacer su joya - si usted ya sabe lo que quiere, tiene un art\u00edculo de muestra, tiene algunas ideas generales, o realmente no sabe por d\u00f3nde empezar. Tambi\u00e9n sabemos lo inc\u00f3modo que es [...]<\/p>","protected":false},"author":1,"featured_media":0,"parent":0,"menu_order":0,"comment_status":"closed","ping_status":"closed","template":"","meta":{"footnotes":""},"class_list":["post-21446","page","type-page","status-publish","hentry"],"_links":{"self":[{"href":"https:\/\/www.laseyta.com\/es\/wp-json\/wp\/v2\/pages\/21446","targetHints":{"allow":["GET"]}}],"collection":[{"href":"https:\/\/www.laseyta.com\/es\/wp-json\/wp\/v2\/pages"}],"about":[{"href":"https:\/\/www.laseyta.com\/es\/wp-json\/wp\/v2\/types\/page"}],"author":[{"embeddable":true,"href":"https:\/\/www.laseyta.com\/es\/wp-json\/wp\/v2\/users\/1"}],"replies":[{"embeddable":true,"href":"https:\/\/www.laseyta.com\/es\/wp-json\/wp\/v2\/comments?post=21446"}],"version-history":[{"count":0,"href":"https:\/\/www.laseyta.com\/es\/wp-json\/wp\/v2\/pages\/21446\/revisions"}],"wp:attachment":[{"href":"https:\/\/www.laseyta.com\/es\/wp-json\/wp\/v2\/media?parent=21446"}],"curies":[{"name":"wp","href":"https:\/\/api.w.org\/{rel}","templated":true}]}}