{"id":3,"date":"2024-03-06T07:12:13","date_gmt":"2024-03-06T07:12:13","guid":{"rendered":"https:\/\/www.laseyta.com\/?page_id=3"},"modified":"2024-03-31T10:13:26","modified_gmt":"2024-03-31T10:13:26","slug":"privacy-policy","status":"publish","type":"page","link":"https:\/\/www.laseyta.com\/es\/politica-de-privacidad\/","title":{"rendered":"Pol\u00edtica de privacidad"},"content":{"rendered":"<p><strong>Qui\u00e9nes somos<\/strong><\/p>\n\n\n\n<p>La direcci\u00f3n de nuestro sitio web es: <a href=\"https:\/\/www.laseyta.com\/es\/\" data-type=\"link\" data-id=\"https:\/\/www.laseyta.com\">https:\/\/www.laseyta.com<\/a>. Somos una plataforma de comercio electr\u00f3nico al por mayor.<\/p>\n\n\n\n<p><strong>Recogida y uso de datos personales<\/strong><\/p>\n\n\n\n<ul class=\"wp-block-list\">\n<li><strong>Comentarios<\/strong>: Cuando los visitantes dejan comentarios en el sitio, recopilamos los datos que aparecen en el formulario de comentarios, la direcci\u00f3n IP del visitante y la cadena de agentes de usuario del navegador para ayudar a la detecci\u00f3n de spam.<\/li>\n\n\n\n<li><strong>Medios de comunicaci\u00f3n<\/strong>: Si subes im\u00e1genes al sitio web, debes evitar subir im\u00e1genes con datos de localizaci\u00f3n incrustados (EXIF GPS) incluidos. Los visitantes del sitio web pueden descargar y extraer cualquier dato de localizaci\u00f3n de las im\u00e1genes del sitio web.<\/li>\n\n\n\n<li><strong>Cookies<\/strong>: Si deja un comentario en nuestro sitio, puede optar por guardar su nombre, direcci\u00f3n de correo electr\u00f3nico y sitio web en cookies. Esto es para su comodidad, para que no tenga que rellenar sus datos de nuevo cuando deje otro comentario. Estas cookies durar\u00e1n un a\u00f1o.<\/li>\n\n\n\n<li><strong>Cuentas de usuario<\/strong>: Para los usuarios que se registran en nuestro sitio web (si los hay), almacenamos la informaci\u00f3n personal que proporcionan en su perfil de usuario. Todos los usuarios pueden ver, editar o borrar su informaci\u00f3n personal en cualquier momento (excepto que no pueden cambiar su nombre de usuario). Los administradores del sitio web tambi\u00e9n pueden ver y editar esa informaci\u00f3n.<\/li>\n<\/ul>\n\n\n\n<p><strong>Uso de datos<\/strong><\/p>\n\n\n\n<ul class=\"wp-block-list\">\n<li><strong>Anal\u00edtica<\/strong>: Podemos recopilar datos an\u00f3nimos para analizar el uso de nuestro sitio web.<\/li>\n\n\n\n<li><strong>Transacciones<\/strong>: La informaci\u00f3n recopilada durante las transacciones de pedidos se utiliza para procesar y entregar su pedido. Esta informaci\u00f3n es necesaria para completar su pedido y proporcionarle asistencia.<\/li>\n\n\n\n<li><strong>Marketing<\/strong>: Podemos utilizar su direcci\u00f3n de correo electr\u00f3nico para enviar comunicaciones de marketing, pero s\u00f3lo con su permiso.<\/li>\n<\/ul>\n\n\n\n<p><strong>Intercambio de datos<\/strong><\/p>\n\n\n\n<ul class=\"wp-block-list\">\n<li><strong>Terceros proveedores de servicios<\/strong>: Podemos compartir su informaci\u00f3n con terceros proveedores de servicios necesarios para procesar y entregar pedidos.<\/li>\n\n\n\n<li><strong>Requisitos legales<\/strong>: Podemos compartir sus datos personales cuando as\u00ed lo exija la ley con las autoridades competentes.<\/li>\n<\/ul>\n\n\n\n<p><strong>Protecci\u00f3n de datos<\/strong><\/p>\n\n\n\n<p>Nuestro sitio web emplea medidas de seguridad est\u00e1ndar del sector para proteger sus datos personales. Sin embargo, no se puede garantizar que una transmisi\u00f3n por Internet sea completamente segura.<\/p>\n\n\n\n<p><strong>Conservaci\u00f3n de datos<\/strong><\/p>\n\n\n\n<p>Sus datos personales s\u00f3lo se conservan durante el tiempo necesario para los fines para los que fueron recogidos y de conformidad con los requisitos legales.<\/p>\n\n\n\n<p><strong>Sus derechos<\/strong><\/p>\n\n\n\n<p>Usted tiene derechos sobre sus datos personales, como el acceso, la rectificaci\u00f3n, la supresi\u00f3n y la portabilidad de los datos. Si desea ejercer estos derechos, p\u00f3ngase en contacto con nosotros.<\/p>\n\n\n\n<p><strong>Cambios en la pol\u00edtica de privacidad<\/strong><\/p>\n\n\n\n<p>Es posible que actualicemos nuestra pol\u00edtica de privacidad de vez en cuando. La versi\u00f3n m\u00e1s actualizada puede consultarse en esta p\u00e1gina.<\/p>\n\n\n\n<p><strong>Contacte con nosotros<\/strong><\/p>\n\n\n\n<p>Si tiene alguna pregunta o duda sobre nuestra pol\u00edtica de privacidad, p\u00f3ngase en contacto con nosotros: <a href=\"mailto:info@laseyta.com\" data-type=\"mailto\" data-id=\"mailto:info@laseyta.com\">info@laseyta.com<\/a><\/p>\n\n\n\n<hr class=\"wp-block-separator has-alpha-channel-opacity\"\/>","protected":false},"excerpt":{"rendered":"<p>Qui\u00e9nes somos La direcci\u00f3n de nuestro sitio web es: https:\/\/www.laseyta.com. Somos una plataforma de comercio electr\u00f3nico al por mayor. Recogida y uso de datos personales Protecci\u00f3n de datos Nuestro sitio web emplea medidas de seguridad est\u00e1ndar del sector para proteger sus datos personales. Sin embargo, no se puede garantizar que ninguna transmisi\u00f3n por Internet sea completamente segura. Conservaci\u00f3n de datos Sus datos personales se [...]<\/p>","protected":false},"author":1,"featured_media":0,"parent":0,"menu_order":0,"comment_status":"closed","ping_status":"open","template":"","meta":{"footnotes":""},"class_list":["post-3","page","type-page","status-publish","hentry"],"_links":{"self":[{"href":"https:\/\/www.laseyta.com\/es\/wp-json\/wp\/v2\/pages\/3","targetHints":{"allow":["GET"]}}],"collection":[{"href":"https:\/\/www.laseyta.com\/es\/wp-json\/wp\/v2\/pages"}],"about":[{"href":"https:\/\/www.laseyta.com\/es\/wp-json\/wp\/v2\/types\/page"}],"author":[{"embeddable":true,"href":"https:\/\/www.laseyta.com\/es\/wp-json\/wp\/v2\/users\/1"}],"replies":[{"embeddable":true,"href":"https:\/\/www.laseyta.com\/es\/wp-json\/wp\/v2\/comments?post=3"}],"version-history":[{"count":0,"href":"https:\/\/www.laseyta.com\/es\/wp-json\/wp\/v2\/pages\/3\/revisions"}],"wp:attachment":[{"href":"https:\/\/www.laseyta.com\/es\/wp-json\/wp\/v2\/media?parent=3"}],"curies":[{"name":"wp","href":"https:\/\/api.w.org\/{rel}","templated":true}]}}