{"id":21128,"date":"2024-03-27T15:16:19","date_gmt":"2024-03-27T15:16:19","guid":{"rendered":"https:\/\/www.laseyta.com\/?post_type=product&#038;p=21128"},"modified":"2024-03-27T19:07:32","modified_gmt":"2024-03-27T19:07:32","slug":"3d-zircon-initial-necklace-i","status":"publish","type":"product","link":"https:\/\/www.laseyta.com\/es\/producto\/3d-circon-inicial-cuello-i\/","title":{"rendered":"3D Zircon Initial Necklace-I"},"content":{"rendered":"<p>Material: Plata de ley 925.<br \/>\nEl collar mide 40+5 cm de largo.<br \/>\nDebido a la naturaleza artesanal del producto, el peso puede variar en (+-0,10).<br \/>\nCuidado del producto: No se empa\u00f1a siempre que evites el contacto con lej\u00eda, alcohol, agua, perfume y sustancias similares.<\/p>","protected":false},"excerpt":{"rendered":"<p>Material: Plata de ley 925. El collar mide 40+5 cm de largo. Debido a la naturaleza artesanal del producto, el peso puede variar en (+-0,10). Cuidado del producto: No se empa\u00f1ar\u00e1 siempre que evite el contacto con lej\u00eda, alcohol, agua, perfume y sustancias similares.<\/p>","protected":false},"featured_media":21151,"comment_status":"open","ping_status":"closed","template":"","meta":[],"product_cat":[468,433],"product_tag":[],"class_list":{"0":"post-21128","1":"product","2":"type-product","3":"status-publish","4":"has-post-thumbnail","6":"product_brand-laseyta","7":"product_cat-letter-collection","8":"product_cat-necklace-women-silver","10":"first","11":"outofstock","12":"taxable","13":"shipping-taxable","14":"purchasable","15":"product-type-simple"},"_links":{"self":[{"href":"https:\/\/www.laseyta.com\/es\/wp-json\/wp\/v2\/product\/21128","targetHints":{"allow":["GET"]}}],"collection":[{"href":"https:\/\/www.laseyta.com\/es\/wp-json\/wp\/v2\/product"}],"about":[{"href":"https:\/\/www.laseyta.com\/es\/wp-json\/wp\/v2\/types\/product"}],"replies":[{"embeddable":true,"href":"https:\/\/www.laseyta.com\/es\/wp-json\/wp\/v2\/comments?post=21128"}],"wp:featuredmedia":[{"embeddable":true,"href":"https:\/\/www.laseyta.com\/es\/wp-json\/wp\/v2\/media\/21151"}],"wp:attachment":[{"href":"https:\/\/www.laseyta.com\/es\/wp-json\/wp\/v2\/media?parent=21128"}],"wp:term":[{"taxonomy":"product_cat","embeddable":true,"href":"https:\/\/www.laseyta.com\/es\/wp-json\/wp\/v2\/product_cat?post=21128"},{"taxonomy":"product_tag","embeddable":true,"href":"https:\/\/www.laseyta.com\/es\/wp-json\/wp\/v2\/product_tag?post=21128"}],"curies":[{"name":"wp","href":"https:\/\/api.w.org\/{rel}","templated":true}]}}