{"id":21789,"date":"2024-04-02T17:29:19","date_gmt":"2024-04-02T17:29:19","guid":{"rendered":"https:\/\/www.laseyta.com\/?post_type=product&#038;p=21789"},"modified":"2024-07-28T13:44:31","modified_gmt":"2024-07-28T13:44:31","slug":"silver-midi-stud-earing-eye-2","status":"publish","type":"product","link":"https:\/\/www.laseyta.com\/es\/producto\/silver-midi-stud-ojo-oido-2\/","title":{"rendered":"Pendientes de plata con tachuelas midi"},"content":{"rendered":"<p>Material: Plata de ley 925.<br \/>\nDebido a la naturaleza artesanal del producto, el peso puede variar en (+-0,10).<br \/>\nCuidado del producto: No se empa\u00f1a siempre que evites el contacto con lej\u00eda, alcohol, agua, perfume y sustancias similares.<\/p>","protected":false},"excerpt":{"rendered":"<p>Material: Plata de ley 925. Debido a la naturaleza artesanal del producto, el peso puede variar en (+-0,10). Cuidado del producto: No se empa\u00f1ar\u00e1 siempre que evite el contacto con lej\u00eda, alcohol, agua, perfume y sustancias similares.<\/p>","protected":false},"featured_media":21350,"comment_status":"open","ping_status":"closed","template":"","meta":[],"product_cat":[434,466],"product_tag":[],"class_list":{"0":"post-21789","1":"product","2":"type-product","3":"status-publish","4":"has-post-thumbnail","6":"product_brand-laseyta","7":"product_cat-earrings-women-silver","8":"product_cat-evil-eye-collection","10":"first","11":"outofstock","12":"taxable","13":"shipping-taxable","14":"purchasable","15":"product-type-simple"},"_links":{"self":[{"href":"https:\/\/www.laseyta.com\/es\/wp-json\/wp\/v2\/product\/21789","targetHints":{"allow":["GET"]}}],"collection":[{"href":"https:\/\/www.laseyta.com\/es\/wp-json\/wp\/v2\/product"}],"about":[{"href":"https:\/\/www.laseyta.com\/es\/wp-json\/wp\/v2\/types\/product"}],"replies":[{"embeddable":true,"href":"https:\/\/www.laseyta.com\/es\/wp-json\/wp\/v2\/comments?post=21789"}],"wp:featuredmedia":[{"embeddable":true,"href":"https:\/\/www.laseyta.com\/es\/wp-json\/wp\/v2\/media\/21350"}],"wp:attachment":[{"href":"https:\/\/www.laseyta.com\/es\/wp-json\/wp\/v2\/media?parent=21789"}],"wp:term":[{"taxonomy":"product_cat","embeddable":true,"href":"https:\/\/www.laseyta.com\/es\/wp-json\/wp\/v2\/product_cat?post=21789"},{"taxonomy":"product_tag","embeddable":true,"href":"https:\/\/www.laseyta.com\/es\/wp-json\/wp\/v2\/product_tag?post=21789"}],"curies":[{"name":"wp","href":"https:\/\/api.w.org\/{rel}","templated":true}]}}