{"id":21948,"date":"2024-05-28T06:02:56","date_gmt":"2024-05-28T06:02:56","guid":{"rendered":"https:\/\/www.laseyta.com\/?post_type=product&#038;p=21948"},"modified":"2025-04-07T15:13:34","modified_gmt":"2025-04-07T15:13:34","slug":"magnetic-lucky-bracelet-red","status":"publish","type":"product","link":"https:\/\/www.laseyta.com\/es\/producto\/pulsera-magnetica-de-la-suerte-roja\/","title":{"rendered":"Pulsera magn\u00e9tica de la suerte\/Rojo"},"content":{"rendered":"<p><span style=\"vertical-align: inherit;\"><span style=\"vertical-align: inherit;\"><span style=\"vertical-align: inherit;\"><span style=\"vertical-align: inherit;\"><span style=\"vertical-align: inherit;\"><span style=\"vertical-align: inherit;\">Malzeme :manyetik kordon, tekstil <\/span><\/span><\/span><\/span><\/span><\/span><br \/>\n<span style=\"vertical-align: inherit;\"><span style=\"vertical-align: inherit;\"><span style=\"vertical-align: inherit;\"><span style=\"vertical-align: inherit;\"><span style=\"vertical-align: inherit;\"><span style=\"vertical-align: inherit;\">Longitud:510mm\/(20,1in\u00e7) <\/span><\/span><\/span><\/span><\/span><\/span><br \/>\n<span style=\"vertical-align: inherit;\"><span style=\"vertical-align: inherit;\"><span style=\"vertical-align: inherit;\"><span style=\"vertical-align: inherit;\"><span style=\"vertical-align: inherit;\"><span style=\"vertical-align: inherit;\">Kal\u0131nl\u0131k :2 MM <\/span><\/span><\/span><\/span><\/span><\/span><br \/>\n<span style=\"vertical-align: inherit;\"><span style=\"vertical-align: inherit;\"><span style=\"vertical-align: inherit;\"><span style=\"vertical-align: inherit;\"><span style=\"vertical-align: inherit;\"><span style=\"vertical-align: inherit;\">A\u011f\u0131rl\u0131k:0,01 KG<\/span><\/span><\/span><\/span><\/span><\/span><\/p>\n<p>&nbsp;<\/p>\n<p><span style=\"vertical-align: inherit;\"><span style=\"vertical-align: inherit;\"><span style=\"vertical-align: inherit;\"><span style=\"vertical-align: inherit;\">Kar\u0131\u015ft\u0131r\u0131p e\u015fle\u015ftirmek, m\u00fccevherlerinizi ki\u015fiselle\u015ftirmenin e\u011flenceli bir \u015fekilde da\u011f\u0131t\u0131lmas\u0131. Ki\u015fisel tarz\u0131n\u0131z\u0131 yans\u0131t\u0131rlar. \u015eans ipi, ayn\u0131 zamanda sertlik ipi olarak da s\u0131n\u0131fland\u0131r\u0131labilir ve zay\u0131f bir manyetik kuvvet bulunur ve temas halinde hemen tutunmas\u0131na neden olur. Bu, bu hayatta kalma deste\u011fini, kar\u015f\u0131l\u0131kl\u0131 de\u011fi\u015fim ve kar\u015f\u0131l\u0131kl\u0131 takdiri sembolize eder. Ruh halinize g\u00f6re cazibenizi kazand\u0131n\u0131z.<\/span><\/span><\/span><\/span><\/p>\n<p><span style=\"vertical-align: inherit;\"><span style=\"vertical-align: inherit;\"><span style=\"vertical-align: inherit;\"><span style=\"vertical-align: inherit;\">Manyetik tasar\u0131mlar g\u00fcnl\u00fck k\u0131yafetleriniz i\u00e7in m\u00fckemmel bir aksesuard\u0131r ve stilinizle kar\u0131\u015ft\u0131r\u0131p e\u015fle\u015ftirmenize olanak tan\u0131r. Sorunsuz ba\u011flant\u0131 ve kolay par\u00e7alar\u0131n ayarlanmas\u0131n\u0131 sa\u011flar. Uzunlu\u011funu kombin ve bilezik, kolye veya halhal olarak kullanmak \u00fczere en sevdi\u011finiz tak\u0131larla s\u00fcsleyin. \u015eansl\u0131 halat bir\u00e7ok renkte mevcuttur, bu da onu \u015f\u0131k ve \u00e7ok y\u00f6nl\u00fc olarak i\u00e7erir. \u015eans sana g\u00fclecek.<\/span><\/span><\/span><\/span><\/p>","protected":false},"excerpt":{"rendered":"<blockquote><p>&nbsp;<\/p><\/blockquote>\n<p><!--more--><\/p>","protected":false},"featured_media":21949,"comment_status":"open","ping_status":"closed","template":"","meta":[],"product_cat":[437,420,455,418,453,435,449,477],"product_tag":[],"class_list":{"0":"post-21948","1":"product","2":"type-product","3":"status-publish","4":"has-post-thumbnail","6":"product_brand-laseyta","7":"product_cat-bangle-women-silver","8":"product_cat-bangle","9":"product_cat-bangle-women-costume-jewelry","10":"product_cat-bracelet","11":"product_cat-bracelet-women-costume-jewelry","12":"product_cat-bracelet-women-silver","13":"product_cat-costume-jewelry","14":"product_cat-magnetic-jewelry","16":"first","17":"instock","18":"taxable","19":"shipping-taxable","20":"purchasable","21":"product-type-simple"},"_links":{"self":[{"href":"https:\/\/www.laseyta.com\/es\/wp-json\/wp\/v2\/product\/21948","targetHints":{"allow":["GET"]}}],"collection":[{"href":"https:\/\/www.laseyta.com\/es\/wp-json\/wp\/v2\/product"}],"about":[{"href":"https:\/\/www.laseyta.com\/es\/wp-json\/wp\/v2\/types\/product"}],"replies":[{"embeddable":true,"href":"https:\/\/www.laseyta.com\/es\/wp-json\/wp\/v2\/comments?post=21948"}],"wp:featuredmedia":[{"embeddable":true,"href":"https:\/\/www.laseyta.com\/es\/wp-json\/wp\/v2\/media\/21949"}],"wp:attachment":[{"href":"https:\/\/www.laseyta.com\/es\/wp-json\/wp\/v2\/media?parent=21948"}],"wp:term":[{"taxonomy":"product_cat","embeddable":true,"href":"https:\/\/www.laseyta.com\/es\/wp-json\/wp\/v2\/product_cat?post=21948"},{"taxonomy":"product_tag","embeddable":true,"href":"https:\/\/www.laseyta.com\/es\/wp-json\/wp\/v2\/product_tag?post=21948"}],"curies":[{"name":"wp","href":"https:\/\/api.w.org\/{rel}","templated":true}]}}