{"id":22233,"date":"2024-07-08T17:13:47","date_gmt":"2024-07-08T17:13:47","guid":{"rendered":"https:\/\/www.laseyta.com\/?post_type=product&#038;p=22233"},"modified":"2024-07-23T07:38:12","modified_gmt":"2024-07-23T07:38:12","slug":"silver-handmade-evileye-earring","status":"publish","type":"product","link":"https:\/\/www.laseyta.com\/es\/producto\/silver-handmade-evileye-earing\/","title":{"rendered":"Pendiente Evileye de plata hecho a mano"},"content":{"rendered":"<p>Presentamos nuestro exquisito pendiente Evileye hecho a mano, dise\u00f1ado para aportar elegancia y protecci\u00f3n a su vida. Cada pendiente est\u00e1 meticulosamente elaborado en plata de alta calidad, lo que garantiza su durabilidad y un brillo atemporal. La pieza central, un mal de ojo bellamente detallado, simboliza la protecci\u00f3n y la buena suerte, haciendo de estos pendientes no s\u00f3lo un accesorio con estilo, sino tambi\u00e9n un talism\u00e1n significativo.<\/p>\n<p>Perfectos para cualquier ocasi\u00f3n, estos pendientes a\u00f1aden un toque de sofisticaci\u00f3n a su look diario o complementan su atuendo de noche. Tanto si quieres darte un capricho como si buscas un regalo bien pensado, nuestros pendientes de ojo de buey hechos a mano te impresionar\u00e1n por su dise\u00f1o \u00fanico y su significado cultural.<\/p>\n<p>Caracter\u00edsticas:<\/p>\n<ul>\n<li>Hecho a mano con plata de primera calidad<\/li>\n<li>Detallado dise\u00f1o de mal de ojo para protecci\u00f3n y suerte<\/li>\n<li>Ligero y c\u00f3modo para llevarlo todo el d\u00eda<\/li>\n<li>El regalo perfecto para sus seres queridos o para usted mismo<\/li>\n<\/ul>\n<p>Abrace la elegancia y la protecci\u00f3n con nuestro Pendiente Evileye hecho a mano. Compre ahora y a\u00f1ada esta hermosa pieza a su colecci\u00f3n de joyas.<\/p>","protected":false},"excerpt":{"rendered":"<p>Presentamos nuestro exquisito pendiente Evileye hecho a mano, dise\u00f1ado para aportar elegancia y protecci\u00f3n a su vida. Cada pendiente est\u00e1 meticulosamente elaborado en plata de alta calidad, lo que garantiza su durabilidad y un brillo atemporal. La pieza central, un mal de ojo bellamente detallado, simboliza la protecci\u00f3n y la buena suerte, haciendo de estos pendientes no s\u00f3lo un accesorio con estilo, sino tambi\u00e9n un talism\u00e1n significativo. Perfectos [...]<\/p>","protected":false},"featured_media":22235,"comment_status":"open","ping_status":"closed","template":"","meta":[],"product_cat":[466,464,449,417,452,434,465,450,432,415],"product_tag":[491,493],"class_list":{"0":"post-22233","1":"product","2":"type-product","3":"status-publish","4":"has-post-thumbnail","6":"product_brand-laseyta","7":"product_cat-evil-eye-collection","8":"product_cat-collections","9":"product_cat-costume-jewelry","10":"product_cat-earrings","11":"product_cat-earrings-women-costume-jewelry","12":"product_cat-earrings-women-silver","13":"product_cat-handmade-collection","14":"product_cat-women-costume-jewelry","15":"product_cat-women-silver","16":"product_cat-women","17":"product_tag-en-cok-goruntulenen-urunler","18":"product_tag-terimi-kaldir-en-cok-goruntulenen-urunler-en-cok-goruntulenen-urunler","20":"first","21":"outofstock","22":"taxable","23":"shipping-taxable","24":"purchasable","25":"product-type-simple"},"_links":{"self":[{"href":"https:\/\/www.laseyta.com\/es\/wp-json\/wp\/v2\/product\/22233","targetHints":{"allow":["GET"]}}],"collection":[{"href":"https:\/\/www.laseyta.com\/es\/wp-json\/wp\/v2\/product"}],"about":[{"href":"https:\/\/www.laseyta.com\/es\/wp-json\/wp\/v2\/types\/product"}],"replies":[{"embeddable":true,"href":"https:\/\/www.laseyta.com\/es\/wp-json\/wp\/v2\/comments?post=22233"}],"wp:featuredmedia":[{"embeddable":true,"href":"https:\/\/www.laseyta.com\/es\/wp-json\/wp\/v2\/media\/22235"}],"wp:attachment":[{"href":"https:\/\/www.laseyta.com\/es\/wp-json\/wp\/v2\/media?parent=22233"}],"wp:term":[{"taxonomy":"product_cat","embeddable":true,"href":"https:\/\/www.laseyta.com\/es\/wp-json\/wp\/v2\/product_cat?post=22233"},{"taxonomy":"product_tag","embeddable":true,"href":"https:\/\/www.laseyta.com\/es\/wp-json\/wp\/v2\/product_tag?post=22233"}],"curies":[{"name":"wp","href":"https:\/\/api.w.org\/{rel}","templated":true}]}}