{"id":22277,"date":"2024-07-13T16:09:45","date_gmt":"2024-07-13T16:09:45","guid":{"rendered":"https:\/\/www.laseyta.com\/?post_type=product&#038;p=22277"},"modified":"2024-07-13T16:12:46","modified_gmt":"2024-07-13T16:12:46","slug":"silver-woman-plain-ring-4","status":"publish","type":"product","link":"https:\/\/www.laseyta.com\/es\/producto\/silver-woman-plain-ring-4\/","title":{"rendered":"Anillo Liso Plata Mujer"},"content":{"rendered":"<p><span style=\"vertical-align: inherit;\"><span style=\"vertical-align: inherit;\"><span style=\"vertical-align: inherit;\"><span style=\"vertical-align: inherit;\"><span style=\"vertical-align: inherit;\"><span style=\"vertical-align: inherit;\">Malzeme:925 ayar g\u00fcm\u00fc\u015f<\/span><\/span><\/span><\/span><\/span><\/span><\/p>\n<p><span style=\"vertical-align: inherit;\"><span style=\"vertical-align: inherit;\"><span style=\"vertical-align: inherit;\"><span style=\"vertical-align: inherit;\"><span style=\"vertical-align: inherit;\"><span style=\"vertical-align: inherit;\">Yap\u0131m y\u0131l\u0131: 2017. Cilt tasar\u0131m\u0131 N\u00b0 1 onar\u0131m (+-0,1) de\u011fi\u015fiklik.<\/span><\/span><\/span><\/span><\/span><\/span><\/p>","protected":false},"excerpt":{"rendered":"<p>Malzeme:925 ayar g\u00fcm\u00fc\u015f Yap\u0131m y\u0131l\u0131: 2017. Cilt tasar\u0131m\u0131 N\u00b0 1 onar\u0131m (+-0,1) de\u011fi\u015fiklik.<\/p>","protected":false},"featured_media":22278,"comment_status":"open","ping_status":"closed","template":"","meta":[],"product_cat":[464,470,436,431],"product_tag":[490],"class_list":{"0":"post-22277","1":"product","2":"type-product","3":"status-publish","4":"has-post-thumbnail","6":"product_brand-laseyta","7":"product_cat-collections","8":"product_cat-cross-collection","9":"product_cat-ring-women-silver","10":"product_cat-silver","11":"product_tag-yeni-gelenler","13":"first","14":"outofstock","15":"taxable","16":"shipping-taxable","17":"purchasable","18":"product-type-simple"},"_links":{"self":[{"href":"https:\/\/www.laseyta.com\/es\/wp-json\/wp\/v2\/product\/22277","targetHints":{"allow":["GET"]}}],"collection":[{"href":"https:\/\/www.laseyta.com\/es\/wp-json\/wp\/v2\/product"}],"about":[{"href":"https:\/\/www.laseyta.com\/es\/wp-json\/wp\/v2\/types\/product"}],"replies":[{"embeddable":true,"href":"https:\/\/www.laseyta.com\/es\/wp-json\/wp\/v2\/comments?post=22277"}],"wp:featuredmedia":[{"embeddable":true,"href":"https:\/\/www.laseyta.com\/es\/wp-json\/wp\/v2\/media\/22278"}],"wp:attachment":[{"href":"https:\/\/www.laseyta.com\/es\/wp-json\/wp\/v2\/media?parent=22277"}],"wp:term":[{"taxonomy":"product_cat","embeddable":true,"href":"https:\/\/www.laseyta.com\/es\/wp-json\/wp\/v2\/product_cat?post=22277"},{"taxonomy":"product_tag","embeddable":true,"href":"https:\/\/www.laseyta.com\/es\/wp-json\/wp\/v2\/product_tag?post=22277"}],"curies":[{"name":"wp","href":"https:\/\/api.w.org\/{rel}","templated":true}]}}