{"id":6675,"date":"2022-04-13T02:46:10","date_gmt":"2022-04-13T02:46:10","guid":{"rendered":"https:\/\/demo3.drfuri.com\/motta\/?page_id=13"},"modified":"2024-04-02T09:25:40","modified_gmt":"2024-04-02T09:25:40","slug":"about-us","status":"publish","type":"page","link":"https:\/\/www.laseyta.com\/ru\/\u043e-\u043d\u0430\u0441\/","title":{"rendered":"\u041e \u043d\u0430\u0441"},"content":{"rendered":"<div data-elementor-type=\"wp-page\" data-elementor-id=\"6675\" class=\"elementor elementor-6675\" data-elementor-post-type=\"page\">\n\t\t\t\t\t\t<section class=\"elementor-section elementor-top-section elementor-element elementor-element-3c70f15b elementor-section-stretched elementor-section-boxed elementor-section-height-default elementor-section-height-default motta-responsive-column motta-tablet-column--default motta-responsive-column motta-mobile-column--default\" data-id=\"3c70f15b\" data-element_type=\"section\" data-e-type=\"section\" data-settings=\"{&quot;stretch_section&quot;:&quot;section-stretched&quot;}\">\n\t\t\t\t\t\t<div class=\"elementor-container elementor-column-gap-default\">\n\t\t\t\t\t<div class=\"elementor-column elementor-col-100 elementor-top-column elementor-element elementor-element-50f1962c\" data-id=\"50f1962c\" data-element_type=\"column\" data-e-type=\"column\">\n\t\t\t<div class=\"elementor-widget-wrap elementor-element-populated\">\n\t\t\t\t\t\t<div class=\"elementor-element elementor-element-2c4e185b elementor-widget elementor-widget-motta-heading\" data-id=\"2c4e185b\" data-element_type=\"widget\" data-e-type=\"widget\" data-widget_type=\"motta-heading.default\">\n\t\t\t\t<div class=\"elementor-widget-container\">\n\t\t\t\t\t\t\t<div class=\"motta-heading-elementor motta-heading__button-on\">\r\n\t\t\t\t<div class=\"motta-heading motta-heading--default\">\r\n\t\t\t\t\t\u042d\u043b\u0435\u0433\u0430\u043d\u0442\u043d\u043e\u0441\u0442\u044c, \u0434\u0430\u0440\u0443\u044e\u0449\u0430\u044f \u0441\u0438\u043b\u044b: <br>\u041d\u0430\u0441\u043b\u0435\u0434\u0438\u0435 \u041b\u0430\u0441\u0435\u0439\u0442\u044b\t\t\t\t<\/div>\r\n\t\t\t\t\t\t\t<\/div>\r\n\t\t\t\t\t\t<\/div>\n\t\t\t\t<\/div>\n\t\t\t\t<div class=\"elementor-element elementor-element-a6c9ace motta-slides__arrow-position-center-center motta-slides__dots-position-center elementor-widget elementor-widget-motta-slides\" data-id=\"a6c9ace\" data-element_type=\"widget\" data-e-type=\"widget\" data-settings=\"{&quot;slides_to_show&quot;:1,&quot;slides_to_scroll&quot;:1,&quot;effect&quot;:&quot;fade&quot;,&quot;navigation&quot;:&quot;arrows&quot;,&quot;autoplay&quot;:&quot;yes&quot;,&quot;delay&quot;:3000,&quot;autoplay_speed&quot;:1000,&quot;space_between&quot;:{&quot;unit&quot;:&quot;px&quot;,&quot;size&quot;:&quot;&quot;,&quot;sizes&quot;:[]},&quot;space_between_tablet&quot;:{&quot;unit&quot;:&quot;px&quot;,&quot;size&quot;:&quot;&quot;,&quot;sizes&quot;:[]},&quot;space_between_mobile&quot;:{&quot;unit&quot;:&quot;px&quot;,&quot;size&quot;:&quot;&quot;,&quot;sizes&quot;:[]}}\" data-widget_type=\"motta-slides.default\">\n\t\t\t\t<div class=\"elementor-widget-container\">\n\t\t\t\t\t\t\t\t<div class=\"motta-slides-elementor motta-swiper-carousel-elementor motta-swiper-slider-elementor navigation-arrows navigation-tablet-arrows navigation-mobile-arrows\">\r\n\t\t\t\t<div class=\"motta-slides-elementor__wrapper swiper-container\">\r\n\t\t\t\t\t<div class=\"motta-slides-elementor__inner swiper-wrapper\">\r\n\t\t\t\t\t\t\t\t\t\t\t\t\t\t\t<div class=\"elementor-repeater-item-33d2002 item-slider swiper-slide\" data-dots=\"[]\" data-arrow=\"[]\">\r\n\t\t\t\t\t\t\t\t\t\t<div class=\"slick-slide-inner\">\r\n\t\t\t\t\t\t\t\t\t\t\t<div class=\"motta-slide__content\">\r\n\t\t\t\t\t\t\t\t\t\t\t\t\t\t\t\t\t\t\t\t\t\t\t\t\r\n\t\t\t\t\t\t\t\t\t\t\t\t\r\n\t\t\t\t\t\t\t\t\t\t\t\t\r\n\t\t\t\t\t\t\t\t\t\t\t\t\t\t\t\t\t\t\t\t\t\t\t\t<div class=\"motta-slide-button\">\r\n\t\t\t\t\t\t\t\t\t\t\t\t\t\t\t\t\t\t\t\t\t\t\t\t\t\t\t\t\t\t\t\t\t\t\t\t\t\t<\/div>\r\n\t\t\t\t\t\t\t\t\t\t\t\t\r\n\t\t\t\t\t\t\t\t\t\t\t<\/div>\r\n\r\n\t\t\t\t\t\t\t\t\t\t\t\t\t\t\t\t\t\t\t\t\t<\/div>\r\n\t\t\t\t\t\t\t\t\t\t\t\t\t\t\t\t\t\t\t<\/div>\r\n\t\t\t\t\t\t\t\t\t\t\t\t\t<\/div>\r\n\t\t\t\t<\/div>\r\n\t\t\t\t<div class=\"motta-swiper-arrows-inner\">\r\n\t\t\t\t\t<span class=\"motta-svg-icon motta-svg-icon--left motta-swiper-button-prev swiper-button motta-swiper-button\" ><svg width=\"24\" height=\"24\" aria-hidden=\"true\" role=\"img\" focusable=\"false\" viewbox=\"0 0 32 32\"><path d=\"M20.58 2.58l2.84 2.84-10.6 10.58 10.6 10.58-2.84 2.84-13.4-13.42z\"><\/path><\/svg><\/span><span class=\"motta-svg-icon motta-svg-icon--right motta-swiper-button-next swiper-button motta-swiper-button\" ><svg width=\"24\" height=\"24\" aria-hidden=\"true\" role=\"img\" focusable=\"false\" viewbox=\"0 0 32 32\"><path d=\"M11.42 29.42l-2.84-2.84 10.6-10.58-10.6-10.58 2.84-2.84 13.4 13.42z\"><\/path><\/svg><\/span>\t\t\t\t<\/div>\r\n\t\t\t\t<div class=\"swiper-pagination\"><\/div>\r\n\t\t\t<\/div>\r\n\t\t\t\t\t\t<\/div>\n\t\t\t\t<\/div>\n\t\t\t\t\t<\/div>\n\t\t<\/div>\n\t\t\t\t\t<\/div>\n\t\t<\/section>\n\t\t\t\t<section class=\"elementor-section elementor-top-section elementor-element elementor-element-6eb23444 elementor-section-height-min-height elementor-section-stretched elementor-section-boxed elementor-section-height-default elementor-section-items-middle motta-responsive-column motta-tablet-column--default motta-responsive-column motta-mobile-column--default\" data-id=\"6eb23444\" data-element_type=\"section\" data-e-type=\"section\" data-settings=\"{&quot;stretch_section&quot;:&quot;section-stretched&quot;,&quot;background_background&quot;:&quot;classic&quot;}\">\n\t\t\t\t\t\t<div class=\"elementor-container elementor-column-gap-default\">\n\t\t\t\t\t<div class=\"elementor-column elementor-col-100 elementor-top-column elementor-element elementor-element-4ef425fb\" data-id=\"4ef425fb\" data-element_type=\"column\" data-e-type=\"column\">\n\t\t\t<div class=\"elementor-widget-wrap\">\n\t\t\t\t\t\t\t<\/div>\n\t\t<\/div>\n\t\t\t\t\t<\/div>\n\t\t<\/section>\n\t\t\t\t<section class=\"elementor-section elementor-top-section elementor-element elementor-element-657c62af elementor-section-stretched elementor-section-boxed elementor-section-height-default elementor-section-height-default motta-responsive-column motta-tablet-column--default motta-responsive-column motta-mobile-column--default\" data-id=\"657c62af\" data-element_type=\"section\" data-e-type=\"section\" data-settings=\"{&quot;stretch_section&quot;:&quot;section-stretched&quot;,&quot;background_background&quot;:&quot;classic&quot;}\">\n\t\t\t\t\t\t<div class=\"elementor-container elementor-column-gap-default\">\n\t\t\t\t\t<div class=\"elementor-column elementor-col-20 elementor-top-column elementor-element elementor-element-777f16fe elementor-hidden-tablet elementor-hidden-mobile\" data-id=\"777f16fe\" data-element_type=\"column\" data-e-type=\"column\">\n\t\t\t<div class=\"elementor-widget-wrap\">\n\t\t\t\t\t\t\t<\/div>\n\t\t<\/div>\n\t\t\t\t<div class=\"elementor-column elementor-col-20 elementor-top-column elementor-element elementor-element-24230d89\" data-id=\"24230d89\" data-element_type=\"column\" data-e-type=\"column\">\n\t\t\t<div class=\"elementor-widget-wrap elementor-element-populated\">\n\t\t\t\t\t\t<div class=\"elementor-element elementor-element-24a87185 elementor-widget elementor-widget-motta-heading\" data-id=\"24a87185\" data-element_type=\"widget\" data-e-type=\"widget\" data-widget_type=\"motta-heading.default\">\n\t\t\t\t<div class=\"elementor-widget-container\">\n\t\t\t\t\t\t\t<div class=\"motta-heading-elementor motta-heading__button-on\">\r\n\t\t\t\t<p class=\"motta-heading motta-heading--default\">\r\n\t\t\t\t\t\u041d\u0430\u0448\u0430 \u0438\u0441\u0442\u043e\u0440\u0438\u044f\t\t\t\t<\/p>\r\n\t\t\t\t\t\t\t<\/div>\r\n\t\t\t\t\t\t<\/div>\n\t\t\t\t<\/div>\n\t\t\t\t<div class=\"elementor-element elementor-element-ce4ccf2 elementor-widget elementor-widget-motta-heading\" data-id=\"ce4ccf2\" data-element_type=\"widget\" data-e-type=\"widget\" data-widget_type=\"motta-heading.default\">\n\t\t\t\t<div class=\"elementor-widget-container\">\n\t\t\t\t\t\t\t<div class=\"motta-heading-elementor motta-heading__button-on\">\r\n\t\t\t\t<div class=\"motta-heading motta-heading--default\">\r\n\t\t\t\t\t\u0418\u0437 \u0421\u0442\u0430\u043c\u0431\u0443\u043b\u0430 \u0441 \u0433\u0440\u0430\u0446\u0438\u0435\u0439: \u041e\u0434\u0438\u0441\u0441\u0435\u044f \u041b\u0430\u0441\u0435\u0439\u0442\u044b\t\t\t\t<\/div>\r\n\t\t\t\t\t\t\t<\/div>\r\n\t\t\t\t\t\t<\/div>\n\t\t\t\t<\/div>\n\t\t\t\t\t<\/div>\n\t\t<\/div>\n\t\t\t\t<div class=\"elementor-column elementor-col-20 elementor-top-column elementor-element elementor-element-4ab11295 elementor-hidden-tablet elementor-hidden-mobile\" data-id=\"4ab11295\" data-element_type=\"column\" data-e-type=\"column\">\n\t\t\t<div class=\"elementor-widget-wrap\">\n\t\t\t\t\t\t\t<\/div>\n\t\t<\/div>\n\t\t\t\t<div class=\"elementor-column elementor-col-20 elementor-top-column elementor-element elementor-element-665915e5\" data-id=\"665915e5\" data-element_type=\"column\" data-e-type=\"column\">\n\t\t\t<div class=\"elementor-widget-wrap elementor-element-populated\">\n\t\t\t\t\t\t<div class=\"elementor-element elementor-element-444708d9 elementor-widget elementor-widget-text-editor\" data-id=\"444708d9\" data-element_type=\"widget\" data-e-type=\"widget\" data-widget_type=\"text-editor.default\">\n\t\t\t\t<div class=\"elementor-widget-container\">\n\t\t\t\t\t\t\t\t\t<p>\u041e\u0441\u043d\u043e\u0432\u0430\u043d\u043d\u0430\u044f \u0432 \u0421\u0442\u0430\u043c\u0431\u0443\u043b\u0435 \u0432 2020 \u0433\u043e\u0434\u0443, Laseyta - \u044d\u0442\u043e \u0436\u0435\u043d\u0441\u043a\u0438\u0439 \u043f\u0440\u0435\u0434\u043f\u0440\u0438\u043d\u0438\u043c\u0430\u0442\u0435\u043b\u044c\u0441\u043a\u0438\u0439 \u0431\u0440\u0435\u043d\u0434 \u0441 \u0431\u043e\u0433\u0430\u0442\u044b\u043c \u043d\u0430\u0441\u043b\u0435\u0434\u0438\u0435\u043c \u0432 \u044e\u0432\u0435\u043b\u0438\u0440\u043d\u043e\u043c \u0441\u0435\u043a\u0442\u043e\u0440\u0435, \u043d\u0430\u0441\u0447\u0438\u0442\u044b\u0432\u0430\u044e\u0449\u0438\u043c \u0431\u043e\u043b\u0435\u0435 \u0434\u0432\u0443\u0445 \u0434\u0435\u0441\u044f\u0442\u0438\u043b\u0435\u0442\u0438\u0439. \u041d\u0430\u0448\u0430 \u043c\u0438\u0441\u0441\u0438\u044f \u0437\u0430\u043a\u043b\u044e\u0447\u0430\u0435\u0442\u0441\u044f \u0432 \u0440\u0430\u0441\u0448\u0438\u0440\u0435\u043d\u0438\u0438 \u043f\u0440\u0430\u0432 \u0438 \u0432\u043e\u0437\u043c\u043e\u0436\u043d\u043e\u0441\u0442\u0435\u0439 \u0436\u0435\u043d\u0449\u0438\u043d \u0432 \u043c\u0438\u0440\u0435 \u0431\u0438\u0437\u043d\u0435\u0441\u0430, \u043f\u043e\u0437\u0432\u043e\u043b\u044f\u044f \u0438\u043c \u0434\u043e\u0441\u0442\u0438\u0447\u044c \u044d\u043a\u043e\u043d\u043e\u043c\u0438\u0447\u0435\u0441\u043a\u043e\u0439 \u043d\u0435\u0437\u0430\u0432\u0438\u0441\u0438\u043c\u043e\u0441\u0442\u0438 \u0431\u043b\u0430\u0433\u043e\u0434\u0430\u0440\u044f \u0441\u043e\u0431\u0441\u0442\u0432\u0435\u043d\u043d\u043e\u043c\u0443 \u0432\u044b\u0431\u043e\u0440\u0443. \u0412 Laseyta \u043c\u044b \u0432\u0435\u0440\u0438\u043c \u0432 \u0441\u0438\u043b\u0443 \u0438\u0437\u0434\u0435\u043b\u0438\u0439 \u0440\u0443\u0447\u043d\u043e\u0439 \u0440\u0430\u0431\u043e\u0442\u044b \u0438 \u0443\u0434\u0435\u043b\u044f\u0435\u043c \u043f\u0435\u0440\u0432\u043e\u0441\u0442\u0435\u043f\u0435\u043d\u043d\u043e\u0435 \u0432\u043d\u0438\u043c\u0430\u043d\u0438\u0435 \u0432\u043e\u0432\u043b\u0435\u0447\u0435\u043d\u0438\u044e \u0436\u0435\u043d\u0449\u0438\u043d \u0432 \u043f\u0440\u043e\u0438\u0437\u0432\u043e\u0434\u0441\u0442\u0432\u0435\u043d\u043d\u044b\u0439 \u043f\u0440\u043e\u0446\u0435\u0441\u0441.<\/p>\t\t\t\t\t\t\t\t<\/div>\n\t\t\t\t<\/div>\n\t\t\t\t<div class=\"elementor-element elementor-element-3811077e elementor-widget elementor-widget-text-editor\" data-id=\"3811077e\" data-element_type=\"widget\" data-e-type=\"widget\" data-widget_type=\"text-editor.default\">\n\t\t\t\t<div class=\"elementor-widget-container\">\n\t\t\t\t\t\t\t\t\t<p>\u041d\u0430\u0448\u0438 \u0443\u043a\u0440\u0430\u0448\u0435\u043d\u0438\u044f \u0441\u043e\u0441\u0442\u043e\u044f\u0442 \u0438\u0437 \u0441\u0442\u0438\u043b\u044c\u043d\u044b\u0445, \u043c\u043e\u0434\u043d\u044b\u0445 \u0438\u0437\u0434\u0435\u043b\u0438\u0439, \u043a\u043e\u0442\u043e\u0440\u044b\u0435 \u043d\u0435 \u043e\u0442\u0441\u0442\u0430\u044e\u0442 \u043e\u0442 \u043c\u043e\u0434\u043d\u044b\u0445 \u0442\u0435\u043d\u0434\u0435\u043d\u0446\u0438\u0439. \u041c\u044b \u043f\u0440\u0435\u0434\u043b\u0430\u0433\u0430\u0435\u043c \u0448\u0438\u0440\u043e\u043a\u0438\u0439 \u0432\u044b\u0431\u043e\u0440 \u043a\u043e\u043b\u043b\u0435\u043a\u0446\u0438\u0439, \u043a\u043e\u0442\u043e\u0440\u044b\u0435 \u043f\u043e\u0434\u043e\u0439\u0434\u0443\u0442 \u0434\u043b\u044f \u043b\u044e\u0431\u043e\u0433\u043e \u0441\u0435\u0433\u043c\u0435\u043d\u0442\u0430 \u0438 \u0431\u044e\u0434\u0436\u0435\u0442\u0430. \u0418\u043c\u0435\u044f 20-\u043b\u0435\u0442\u043d\u0438\u0439 \u043e\u043f\u044b\u0442 \u044d\u043a\u0441\u043f\u043e\u0440\u0442\u0430 \u0438 \u043f\u0440\u043e\u0438\u0437\u0432\u043e\u0434\u0441\u0442\u0432\u0430 \u0438\u0437\u0434\u0435\u043b\u0438\u0439 \u0438\u0437 \u0441\u0435\u0440\u0435\u0431\u0440\u0430 925 \u043f\u0440\u043e\u0431\u044b, \u0437\u043e\u043b\u043e\u0442\u0430, \u0431\u0438\u0436\u0443\u0442\u0435\u0440\u0438\u0438 \u0438 \u0430\u043a\u0441\u0435\u0441\u0441\u0443\u0430\u0440\u043e\u0432, \u043c\u044b \u0441\u0442\u0440\u0435\u043c\u0438\u043c\u0441\u044f \u043f\u0440\u0435\u0434\u043b\u043e\u0436\u0438\u0442\u044c \u043a\u0430\u0447\u0435\u0441\u0442\u0432\u0435\u043d\u043d\u044b\u0435 \u0438 \u0441\u0442\u0438\u043b\u044c\u043d\u044b\u0435 \u0430\u043a\u0441\u0435\u0441\u0441\u0443\u0430\u0440\u044b, \u043a\u043e\u0442\u043e\u0440\u044b\u0435 \u043f\u043e\u043d\u0440\u0430\u0432\u044f\u0442\u0441\u044f \u0432\u0430\u0448\u0438\u043c \u043a\u043b\u0438\u0435\u043d\u0442\u0430\u043c.<\/p>\t\t\t\t\t\t\t\t<\/div>\n\t\t\t\t<\/div>\n\t\t\t\t<div class=\"elementor-element elementor-element-63738fe elementor-widget elementor-widget-text-editor\" data-id=\"63738fe\" data-element_type=\"widget\" data-e-type=\"widget\" data-widget_type=\"text-editor.default\">\n\t\t\t\t<div class=\"elementor-widget-container\">\n\t\t\t\t\t\t\t\t\t\u041c\u044b \u0440\u0430\u0434\u044b \u0432\u043e\u0437\u043c\u043e\u0436\u043d\u043e\u0441\u0442\u0438 \u0441\u043e\u0442\u0440\u0443\u0434\u043d\u0438\u0447\u0430\u0442\u044c \u0441 \u0432\u0430\u043c\u0438 \u0438 \u0441\u043f\u043e\u0441\u043e\u0431\u0441\u0442\u0432\u043e\u0432\u0430\u0442\u044c \u0432\u0430\u0448\u0435\u043c\u0443 \u0443\u0441\u043f\u0435\u0445\u0443 \u0441 \u043f\u043e\u043c\u043e\u0449\u044c\u044e \u043d\u0430\u0448\u0438\u0445 \u0438\u0437\u044b\u0441\u043a\u0430\u043d\u043d\u044b\u0445 \u043a\u043e\u043b\u043b\u0435\u043a\u0446\u0438\u0439.\n\n<span style=\"font-family: var(--mt-font__main);\"><br><span style=\"text-align:right;\">\u015eenay \u00dcnl\u00fc,<br>\u041e\u0441\u043d\u043e\u0432\u0430\u0442\u0435\u043b\u044c \u043a\u043e\u043c\u043f\u0430\u043d\u0438\u0438 Laseyta.<\/span><\/span>\t\t\t\t\t\t\t\t<\/div>\n\t\t\t\t<\/div>\n\t\t\t\t\t<\/div>\n\t\t<\/div>\n\t\t\t\t<div class=\"elementor-column elementor-col-20 elementor-top-column elementor-element elementor-element-49e4aeca elementor-hidden-tablet elementor-hidden-mobile\" data-id=\"49e4aeca\" data-element_type=\"column\" data-e-type=\"column\">\n\t\t\t<div class=\"elementor-widget-wrap\">\n\t\t\t\t\t\t\t<\/div>\n\t\t<\/div>\n\t\t\t\t\t<\/div>\n\t\t<\/section>\n\t\t\t\t<\/div>","protected":false},"excerpt":{"rendered":"<p>\u042d\u043b\u0435\u0433\u0430\u043d\u0442\u043d\u043e\u0441\u0442\u044c, \u0434\u0430\u044e\u0449\u0430\u044f \u0441\u0438\u043b\u044b: \u041d\u0430\u0441\u043b\u0435\u0434\u0438\u0435 Laseyta \u041d\u0430\u0448\u0430 \u0438\u0441\u0442\u043e\u0440\u0438\u044f \u0418\u0437 \u0421\u0442\u0430\u043c\u0431\u0443\u043b\u0430 \u0441 \u0433\u0440\u0430\u0446\u0438\u0435\u0439: \u041e\u0434\u0438\u0441\u0441\u0435\u044f Laseyta \u041e\u0441\u043d\u043e\u0432\u0430\u043d\u043d\u0430\u044f \u0432 \u0421\u0442\u0430\u043c\u0431\u0443\u043b\u0435 \u0432 2020 \u0433\u043e\u0434\u0443, Laseyta - \u044d\u0442\u043e \u0436\u0435\u043d\u0441\u043a\u0438\u0439 \u043f\u0440\u0435\u0434\u043f\u0440\u0438\u043d\u0438\u043c\u0430\u0442\u0435\u043b\u044c\u0441\u043a\u0438\u0439 \u0431\u0440\u0435\u043d\u0434 \u0441 \u0431\u043e\u0433\u0430\u0442\u044b\u043c \u043d\u0430\u0441\u043b\u0435\u0434\u0438\u0435\u043c \u0432 \u044e\u0432\u0435\u043b\u0438\u0440\u043d\u043e\u043c \u0441\u0435\u043a\u0442\u043e\u0440\u0435, \u043d\u0430\u0441\u0447\u0438\u0442\u044b\u0432\u0430\u044e\u0449\u0438\u043c \u0431\u043e\u043b\u0435\u0435 \u0434\u0432\u0443\u0445 \u0434\u0435\u0441\u044f\u0442\u0438\u043b\u0435\u0442\u0438\u0439. \u041d\u0430\u0448\u0430 \u043c\u0438\u0441\u0441\u0438\u044f \u0437\u0430\u043a\u043b\u044e\u0447\u0430\u0435\u0442\u0441\u044f \u0432 \u0440\u0430\u0441\u0448\u0438\u0440\u0435\u043d\u0438\u0438 \u043f\u0440\u0430\u0432 \u0438 \u0432\u043e\u0437\u043c\u043e\u0436\u043d\u043e\u0441\u0442\u0435\u0439 \u0436\u0435\u043d\u0449\u0438\u043d \u0432 \u043c\u0438\u0440\u0435 \u0431\u0438\u0437\u043d\u0435\u0441\u0430, \u043f\u043e\u0437\u0432\u043e\u043b\u044f\u044f \u0438\u043c \u0434\u043e\u0441\u0442\u0438\u0447\u044c \u044d\u043a\u043e\u043d\u043e\u043c\u0438\u0447\u0435\u0441\u043a\u043e\u0439 \u043d\u0435\u0437\u0430\u0432\u0438\u0441\u0438\u043c\u043e\u0441\u0442\u0438 \u0447\u0435\u0440\u0435\u0437 \u0441\u0432\u043e\u0438 [...]...<\/p>","protected":false},"author":1,"featured_media":0,"parent":0,"menu_order":0,"comment_status":"closed","ping_status":"closed","template":"","meta":{"footnotes":""},"class_list":["post-6675","page","type-page","status-publish","hentry"],"_links":{"self":[{"href":"https:\/\/www.laseyta.com\/ru\/wp-json\/wp\/v2\/pages\/6675","targetHints":{"allow":["GET"]}}],"collection":[{"href":"https:\/\/www.laseyta.com\/ru\/wp-json\/wp\/v2\/pages"}],"about":[{"href":"https:\/\/www.laseyta.com\/ru\/wp-json\/wp\/v2\/types\/page"}],"author":[{"embeddable":true,"href":"https:\/\/www.laseyta.com\/ru\/wp-json\/wp\/v2\/users\/1"}],"replies":[{"embeddable":true,"href":"https:\/\/www.laseyta.com\/ru\/wp-json\/wp\/v2\/comments?post=6675"}],"version-history":[{"count":0,"href":"https:\/\/www.laseyta.com\/ru\/wp-json\/wp\/v2\/pages\/6675\/revisions"}],"wp:attachment":[{"href":"https:\/\/www.laseyta.com\/ru\/wp-json\/wp\/v2\/media?parent=6675"}],"curies":[{"name":"wp","href":"https:\/\/api.w.org\/{rel}","templated":true}]}}