{"id":21911,"date":"2024-05-20T19:36:15","date_gmt":"2024-05-20T19:36:15","guid":{"rendered":"https:\/\/www.laseyta.com\/?post_type=product&#038;p=21911"},"modified":"2024-07-16T18:47:34","modified_gmt":"2024-07-16T18:47:34","slug":"silver-handmade-evileye-necklace","status":"publish","type":"product","link":"https:\/\/www.laseyta.com\/ru\/product\/\u043e\u0436\u0435\u0440\u0435\u043b\u044c\u0435-\u0438\u0437-\u0441\u0435\u0440\u0435\u0431\u0440\u0430-\u0440\u0443\u043a\u043e\u044f\u0442\u0438\/","title":{"rendered":"\u0421\u0435\u0440\u0435\u0431\u0440\u044f\u043d\u043e\u0435 \u043e\u0436\u0435\u0440\u0435\u043b\u044c\u0435 \u0440\u0443\u0447\u043d\u043e\u0439 \u0440\u0430\u0431\u043e\u0442\u044b Evileye"},"content":{"rendered":"<p><span style=\"vertical-align: inherit;\"><span style=\"vertical-align: inherit;\">Malzeme: 925 ayar g\u00fcm\u00fc\u015f<\/span><\/span><\/p>\n<p><span style=\"vertical-align: inherit;\"><span style=\"vertical-align: inherit;\">\u0423\u0437\u0443\u043d\u043b\u0443\u043a : 40+5 \u0441\u043c<\/span><\/span><\/p>\n<p><span style=\"vertical-align: inherit;\"><span style=\"vertical-align: inherit;\">\u00dcr\u00fcn el yap\u0131m\u0131 oldu\u011fundan gramaj (+-0,5) kadar de\u011fi\u015fiklik g\u00f6sterebilir.<\/span><\/span><\/p>","protected":false},"excerpt":{"rendered":"<p><span style=\"vertical-align: inherit;\"><span style=\"vertical-align: inherit;\">Malzeme: 925 ayar g\u00fcm\u00fc\u015f<\/span><\/span><\/p>\n<p><span style=\"vertical-align: inherit;\"><span style=\"vertical-align: inherit;\">\u0423\u0437\u0443\u043d\u043b\u0443\u043a : 40+5 \u0441\u043c<\/span><\/span><\/p>\n<p><span style=\"vertical-align: inherit;\"><span style=\"vertical-align: inherit;\">\u00dcr\u00fcn el yap\u0131m\u0131 oldu\u011fundan gramaj (+-0,5) kadar de\u011fi\u015fiklik g\u00f6sterebilir.<\/span><\/span><\/p>","protected":false},"featured_media":21914,"comment_status":"open","ping_status":"closed","template":"","meta":[],"product_cat":[464,449,466,465,451,433,450],"product_tag":[],"class_list":{"0":"post-21911","1":"product","2":"type-product","3":"status-publish","4":"has-post-thumbnail","6":"product_brand-laseyta","7":"product_cat-collections","8":"product_cat-costume-jewelry","9":"product_cat-evil-eye-collection","10":"product_cat-handmade-collection","11":"product_cat-necklace-women-costume-jewelry","12":"product_cat-necklace-women-silver","13":"product_cat-women-costume-jewelry","15":"first","16":"outofstock","17":"taxable","18":"shipping-taxable","19":"purchasable","20":"product-type-simple"},"_links":{"self":[{"href":"https:\/\/www.laseyta.com\/ru\/wp-json\/wp\/v2\/product\/21911","targetHints":{"allow":["GET"]}}],"collection":[{"href":"https:\/\/www.laseyta.com\/ru\/wp-json\/wp\/v2\/product"}],"about":[{"href":"https:\/\/www.laseyta.com\/ru\/wp-json\/wp\/v2\/types\/product"}],"replies":[{"embeddable":true,"href":"https:\/\/www.laseyta.com\/ru\/wp-json\/wp\/v2\/comments?post=21911"}],"wp:featuredmedia":[{"embeddable":true,"href":"https:\/\/www.laseyta.com\/ru\/wp-json\/wp\/v2\/media\/21914"}],"wp:attachment":[{"href":"https:\/\/www.laseyta.com\/ru\/wp-json\/wp\/v2\/media?parent=21911"}],"wp:term":[{"taxonomy":"product_cat","embeddable":true,"href":"https:\/\/www.laseyta.com\/ru\/wp-json\/wp\/v2\/product_cat?post=21911"},{"taxonomy":"product_tag","embeddable":true,"href":"https:\/\/www.laseyta.com\/ru\/wp-json\/wp\/v2\/product_tag?post=21911"}],"curies":[{"name":"wp","href":"https:\/\/api.w.org\/{rel}","templated":true}]}}