{"id":22080,"date":"2024-06-29T11:13:45","date_gmt":"2024-06-29T11:13:45","guid":{"rendered":"https:\/\/www.laseyta.com\/?post_type=product&#038;p=22080"},"modified":"2024-06-30T17:25:26","modified_gmt":"2024-06-30T17:25:26","slug":"silver-birthstone-necklace-drop-stone-may-emerald","status":"publish","type":"product","link":"https:\/\/www.laseyta.com\/ru\/product\/\u0441\u0435\u0440\u0435\u0431\u0440\u043e-\u043f\u0435\u0440\u0432\u043e\u0446\u0432\u0435\u0442-\u043e\u0436\u0435\u0440\u0435\u043b\u044c\u0435-\u043a\u0430\u043f\u043b\u044f-\u043a\u0430\u043c-2\/","title":{"rendered":"\u0421\u0435\u0440\u0435\u0431\u0440\u044f\u043d\u043e\u0435 \u043e\u0436\u0435\u0440\u0435\u043b\u044c\u0435 \u0441 \u043a\u0430\u043c\u043d\u0435\u043c \u0440\u043e\u0436\u0434\u0435\u043d\u0438\u044f \/ \u041a\u0430\u043f\u043b\u044f \u043a\u0430\u043c\u043d\u044f - \u043c\u0430\u0439-\u0438\u0437\u0443\u043c\u0440\u0443\u0434"},"content":{"rendered":"<p><span style=\"vertical-align: inherit;\"><span style=\"vertical-align: inherit;\"><span style=\"vertical-align: inherit;\"><span style=\"vertical-align: inherit;\"><span style=\"vertical-align: inherit;\"><span style=\"vertical-align: inherit;\"><span style=\"vertical-align: inherit;\"><span style=\"vertical-align: inherit;\"><span style=\"vertical-align: inherit;\"><span style=\"vertical-align: inherit;\"><span style=\"vertical-align: inherit;\"><span style=\"vertical-align: inherit;\"><span style=\"vertical-align: inherit;\"><span style=\"vertical-align: inherit;\"><span style=\"vertical-align: inherit;\"><span style=\"vertical-align: inherit;\"><span style=\"vertical-align: inherit;\"><span style=\"vertical-align: inherit;\">Malzeme: 925 ayar g\u00fcm\u00fc\u015f<\/span><\/span><\/span><\/span><\/span><\/span><\/span><\/span><\/span><\/span><\/span><\/span><\/span><\/span><\/span><\/span><\/span><\/span><\/p>\n<p><span style=\"vertical-align: inherit;\"><span style=\"vertical-align: inherit;\"><span style=\"vertical-align: inherit;\"><span style=\"vertical-align: inherit;\"><span style=\"vertical-align: inherit;\"><span style=\"vertical-align: inherit;\"><span style=\"vertical-align: inherit;\"><span style=\"vertical-align: inherit;\"><span style=\"vertical-align: inherit;\"><span style=\"vertical-align: inherit;\"><span style=\"vertical-align: inherit;\"><span style=\"vertical-align: inherit;\"><span style=\"vertical-align: inherit;\"><span style=\"vertical-align: inherit;\"><span style=\"vertical-align: inherit;\"><span style=\"vertical-align: inherit;\"><span style=\"vertical-align: inherit;\"><span style=\"vertical-align: inherit;\">\u0423\u0437\u0443\u043d\u043b\u0443\u043a : 40+5 \u0441\u043c<\/span><\/span><\/span><\/span><\/span><\/span><\/span><\/span><\/span><\/span><\/span><\/span><\/span><\/span><\/span><\/span><\/span><\/span><\/p>\n<p><span style=\"vertical-align: inherit;\"><span style=\"vertical-align: inherit;\"><span style=\"vertical-align: inherit;\"><span style=\"vertical-align: inherit;\"><span style=\"vertical-align: inherit;\"><span style=\"vertical-align: inherit;\"><span style=\"vertical-align: inherit;\"><span style=\"vertical-align: inherit;\"><span style=\"vertical-align: inherit;\"><span style=\"vertical-align: inherit;\"><span style=\"vertical-align: inherit;\"><span style=\"vertical-align: inherit;\"><span style=\"vertical-align: inherit;\"><span style=\"vertical-align: inherit;\"><span style=\"vertical-align: inherit;\"><span style=\"vertical-align: inherit;\"><span style=\"vertical-align: inherit;\"><span style=\"vertical-align: inherit;\">\u00dcr\u00fcn el yap\u0131m\u0131 oldu\u011fundan gramaj (+-0,5) kadar de\u011fi\u015fiklik yap\u0131labilir.<\/span><\/span><\/span><\/span><\/span><\/span><\/span><\/span><\/span><\/span><\/span><\/span><\/span><\/span><\/span><\/span><\/span><\/span><\/p>","protected":false},"excerpt":{"rendered":"<p><span style=\"vertical-align: inherit;\" data-mce-style=\"vertical-align: inherit;\"><span style=\"vertical-align: inherit;\" data-mce-style=\"vertical-align: inherit;\"><span style=\"vertical-align: inherit;\" data-mce-style=\"vertical-align: inherit;\"><span style=\"vertical-align: inherit;\" data-mce-style=\"vertical-align: inherit;\"><span style=\"vertical-align: inherit;\" data-mce-style=\"vertical-align: inherit;\"><span style=\"vertical-align: inherit;\" data-mce-style=\"vertical-align: inherit;\"><font style=\"vertical-align: inherit;\"><font style=\"vertical-align: inherit;\">Malzeme: 925 ayar g\u00fcm\u00fc\u015f<\/font><\/font><\/span><\/span><\/span><\/span><\/span><\/span><\/p>\n<p><span style=\"vertical-align: inherit;\" data-mce-style=\"vertical-align: inherit;\"><span style=\"vertical-align: inherit;\" data-mce-style=\"vertical-align: inherit;\"><span style=\"vertical-align: inherit;\" data-mce-style=\"vertical-align: inherit;\"><span style=\"vertical-align: inherit;\" data-mce-style=\"vertical-align: inherit;\"><span style=\"vertical-align: inherit;\" data-mce-style=\"vertical-align: inherit;\"><span style=\"vertical-align: inherit;\" data-mce-style=\"vertical-align: inherit;\"><font style=\"vertical-align: inherit;\"><font style=\"vertical-align: inherit;\">\u0423\u0437\u0443\u043d\u043b\u0443\u043a : 40+5 \u0441\u043c<\/font><\/font><\/span><\/span><\/span><\/span><\/span><\/span><\/p>\n<p><span style=\"vertical-align: inherit;\" data-mce-style=\"vertical-align: inherit;\"><span style=\"vertical-align: inherit;\" data-mce-style=\"vertical-align: inherit;\"><span style=\"vertical-align: inherit;\" data-mce-style=\"vertical-align: inherit;\"><span style=\"vertical-align: inherit;\" data-mce-style=\"vertical-align: inherit;\"><span style=\"vertical-align: inherit;\" data-mce-style=\"vertical-align: inherit;\"><span style=\"vertical-align: inherit;\" data-mce-style=\"vertical-align: inherit;\"><font style=\"vertical-align: inherit;\"><font style=\"vertical-align: inherit;\">\u00dcr\u00fcn el yap\u0131m\u0131 oldu\u011fundan gramaj (+-0,5) kadar de\u011fi\u015fiklik yap\u0131labilir.<\/font><\/font><\/span><\/span><\/span><\/span><\/span><\/span><\/p>","protected":false},"featured_media":0,"comment_status":"closed","ping_status":"closed","template":"","meta":[],"product_cat":[433,431,432,475],"product_tag":[],"class_list":{"0":"post-22080","1":"product","2":"type-product","3":"status-publish","5":"product_brand-laseyta","6":"product_cat-necklace-women-silver","7":"product_cat-silver","8":"product_cat-women-silver","9":"product_cat-zodiac-collection","11":"first","12":"outofstock","13":"taxable","14":"shipping-taxable","15":"purchasable","16":"product-type-simple"},"_links":{"self":[{"href":"https:\/\/www.laseyta.com\/ru\/wp-json\/wp\/v2\/product\/22080","targetHints":{"allow":["GET"]}}],"collection":[{"href":"https:\/\/www.laseyta.com\/ru\/wp-json\/wp\/v2\/product"}],"about":[{"href":"https:\/\/www.laseyta.com\/ru\/wp-json\/wp\/v2\/types\/product"}],"replies":[{"embeddable":true,"href":"https:\/\/www.laseyta.com\/ru\/wp-json\/wp\/v2\/comments?post=22080"}],"wp:attachment":[{"href":"https:\/\/www.laseyta.com\/ru\/wp-json\/wp\/v2\/media?parent=22080"}],"wp:term":[{"taxonomy":"product_cat","embeddable":true,"href":"https:\/\/www.laseyta.com\/ru\/wp-json\/wp\/v2\/product_cat?post=22080"},{"taxonomy":"product_tag","embeddable":true,"href":"https:\/\/www.laseyta.com\/ru\/wp-json\/wp\/v2\/product_tag?post=22080"}],"curies":[{"name":"wp","href":"https:\/\/api.w.org\/{rel}","templated":true}]}}