{"id":10,"date":"2024-03-06T07:17:50","date_gmt":"2024-03-06T07:17:50","guid":{"rendered":"https:\/\/www.laseyta.com\/cart\/"},"modified":"2024-03-06T07:17:50","modified_gmt":"2024-03-06T07:17:50","slug":"cart","status":"publish","type":"page","link":"https:\/\/www.laseyta.com\/tr\/araba\/","title":{"rendered":"Araba"},"content":{"rendered":"<div data-block-name=\"woocommerce\/cart\" class=\"wp-block-woocommerce-cart alignwide is-loading\">\n<div data-block-name=\"woocommerce\/filled-cart-block\" class=\"wp-block-woocommerce-filled-cart-block\">\n<div data-block-name=\"woocommerce\/cart-items-block\" class=\"wp-block-woocommerce-cart-items-block\">\n<div data-block-name=\"woocommerce\/cart-line-items-block\" class=\"wp-block-woocommerce-cart-line-items-block\"><\/div>\n\n\n\n<div data-block-name=\"woocommerce\/cart-cross-sells-block\" class=\"wp-block-woocommerce-cart-cross-sells-block\">\n<h2 class=\"wp-block-heading has-large-font-size\">\u0130lginizi \u00e7ekebilir...<\/h2>\n\n\n\n<div data-block-name=\"woocommerce\/cart-cross-sells-products-block\" class=\"wp-block-woocommerce-cart-cross-sells-products-block\"><\/div>\n<\/div>\n<\/div>\n\n\n\n<div data-block-name=\"woocommerce\/cart-totals-block\" class=\"wp-block-woocommerce-cart-totals-block\">\n<div data-block-name=\"woocommerce\/cart-order-summary-block\" class=\"wp-block-woocommerce-cart-order-summary-block\">\n<div data-block-name=\"woocommerce\/cart-order-summary-heading-block\" class=\"wp-block-woocommerce-cart-order-summary-heading-block\"><\/div><div data-block-name=\"woocommerce\/cart-order-summary-coupon-form-block\" class=\"wp-block-woocommerce-cart-order-summary-coupon-form-block\"><\/div><div data-block-name=\"woocommerce\/cart-order-summary-totals-block\" class=\"wp-block-woocommerce-cart-order-summary-totals-block\">\n<div data-block-name=\"woocommerce\/cart-order-summary-subtotal-block\" class=\"wp-block-woocommerce-cart-order-summary-subtotal-block\"><\/div>\n<div data-block-name=\"woocommerce\/cart-order-summary-discount-block\" class=\"wp-block-woocommerce-cart-order-summary-discount-block\"><\/div>\n<div data-block-name=\"woocommerce\/cart-order-summary-fee-block\" class=\"wp-block-woocommerce-cart-order-summary-fee-block\"><\/div>\n<div data-block-name=\"woocommerce\/cart-order-summary-shipping-block\" class=\"wp-block-woocommerce-cart-order-summary-shipping-block\"><\/div>\n<div data-block-name=\"woocommerce\/cart-order-summary-taxes-block\" class=\"wp-block-woocommerce-cart-order-summary-taxes-block\"><\/div><\/div>\n<\/div>\n\n\n\n<div data-block-name=\"woocommerce\/cart-express-payment-block\" class=\"wp-block-woocommerce-cart-express-payment-block\"><\/div>\n\n\n\n<div data-block-name=\"woocommerce\/proceed-to-checkout-block\" class=\"wp-block-woocommerce-proceed-to-checkout-block\"><\/div>\n\n\n\n<div data-block-name=\"woocommerce\/cart-accepted-payment-methods-block\" class=\"wp-block-woocommerce-cart-accepted-payment-methods-block\"><\/div>\n<\/div>\n<\/div>\n\n\n\n<div data-block-name=\"woocommerce\/empty-cart-block\" class=\"wp-block-woocommerce-empty-cart-block\">\n<h2 class=\"wp-block-heading has-text-align-center with-empty-cart-icon wc-block-cart__empty-cart__title\">Sepetiniz \u015fu anda bo\u015f!<\/h2>\n\n\n\n<hr class=\"wp-block-separator has-alpha-channel-opacity is-style-dots\"\/>\n\n\n\n<h2 class=\"wp-block-heading has-text-align-center\">Ma\u011fazada yeni<\/h2>\n\n\n<div data-block-name=\"woocommerce\/product-new\" data-columns=\"4\" data-rows=\"1\" class=\"wc-block-grid wp-block-product-new wp-block-woocommerce-product-new wc-block-product-new has-4-columns\"><ul class=\"wc-block-grid__products\"><li class=\"wc-block-grid__product\"><span class=\"gtmkit_product_data\" style=\"display:none; visibility:hidden;\" data-gtmkit_product_id=\"22364\" data-gtmkit_product_data=\"{&quot;id&quot;:&quot;NSHL00012&quot;,&quot;item_id&quot;:&quot;NSHL00012&quot;,&quot;item_name&quot;:&quot;Silver Handmade Evileye Necklace&quot;,&quot;currency&quot;:&quot;USD&quot;,&quot;price&quot;:0,&quot;item_brand&quot;:&quot;&quot;,&quot;item_category&quot;:&quot;Collections&quot;,&quot;item_category2&quot;:&quot;Evil Eye Collection&quot;,&quot;item_list_name&quot;:&quot;Genel \\u00dcr\\u00fcn Listesi&quot;,&quot;index&quot;:0}\"><\/span>\n\t\t\t\t<a href=\"https:\/\/www.laseyta.com\/tr\/urun\/silver-handmade-evileye-necklace-3\/\" class=\"wc-block-grid__product-link\">\n\t\t\t\t\t\n\t\t\t\t\t<div class=\"wc-block-grid__product-image\"><img fetchpriority=\"high\" decoding=\"async\" width=\"300\" height=\"300\" src=\"https:\/\/www.laseyta.com\/wp-content\/uploads\/2024\/07\/44-300x300.jpg\" class=\"attachment-woocommerce_thumbnail size-woocommerce_thumbnail\" alt=\"G\u00fcm\u00fc\u015f El Yap\u0131m\u0131 Evileye Kolye\" srcset=\"https:\/\/www.laseyta.com\/wp-content\/uploads\/2024\/07\/44-300x300.jpg 300w, https:\/\/www.laseyta.com\/wp-content\/uploads\/2024\/07\/44-150x150.jpg 150w, https:\/\/www.laseyta.com\/wp-content\/uploads\/2024\/07\/44-100x100.jpg 100w\" sizes=\"(max-width: 300px) 100vw, 300px\" title=\"\"><\/div>\n\t\t\t\t\t<div class=\"wc-block-grid__product-title\">G\u00fcm\u00fc\u015f El Yap\u0131m\u0131 Evileye Kolye<\/div>\n\t\t\t\t<\/a>\n\t\t\t\t<div class=\"wc-block-grid__product-price price\"><span class=\"woocommerce-Price-amount amount\"><span class=\"woocommerce-Price-currencySymbol\">&#8378;<\/span>0,00<\/span><\/div>\n\t\t\t\t\n\t\t\t\t<div class=\"wp-block-button wc-block-grid__product-add-to-cart\"><a href=\"https:\/\/www.laseyta.com\/tr\/urun\/silver-handmade-evileye-necklace-3\/\" aria-label=\"\u201cSilver Handmade Evileye Necklace\u201d hakk\u0131nda daha fazla bilgi edinin\" data-quantity=\"1\" data-product_id=\"22364\" data-product_sku=\"NSHL00012\" data-price=\"0\" rel=\"nofollow\" class=\"wp-block-button__link  add_to_cart_button\" data-no-translation=\"\" data-trp-gettext=\"\" data-no-translation-aria-label=\"\">Devam\u0131n\u0131 oku<\/a><\/div>\n\t\t\t<\/li><li class=\"wc-block-grid__product\"><span class=\"gtmkit_product_data\" style=\"display:none; visibility:hidden;\" data-gtmkit_product_id=\"22363\" data-gtmkit_product_data=\"{&quot;id&quot;:&quot;NSHL00011&quot;,&quot;item_id&quot;:&quot;NSHL00011&quot;,&quot;item_name&quot;:&quot;Silver Handmade Evileye Necklace&quot;,&quot;currency&quot;:&quot;USD&quot;,&quot;price&quot;:0,&quot;item_brand&quot;:&quot;&quot;,&quot;item_category&quot;:&quot;Collections&quot;,&quot;item_category2&quot;:&quot;Evil Eye Collection&quot;,&quot;item_list_name&quot;:&quot;Genel \\u00dcr\\u00fcn Listesi&quot;,&quot;index&quot;:0}\"><\/span>\n\t\t\t\t<a href=\"https:\/\/www.laseyta.com\/tr\/urun\/silver-handmade-evileye-necklace-3\/\" class=\"wc-block-grid__product-link\">\n\t\t\t\t\t\n\t\t\t\t\t<div class=\"wc-block-grid__product-image\"><img decoding=\"async\" width=\"300\" height=\"300\" src=\"https:\/\/www.laseyta.com\/wp-content\/uploads\/2024\/07\/43-300x300.jpg\" class=\"attachment-woocommerce_thumbnail size-woocommerce_thumbnail\" alt=\"G\u00fcm\u00fc\u015f El Yap\u0131m\u0131 Evileye Kolye\" srcset=\"https:\/\/www.laseyta.com\/wp-content\/uploads\/2024\/07\/43-300x300.jpg 300w, https:\/\/www.laseyta.com\/wp-content\/uploads\/2024\/07\/43-150x150.jpg 150w, https:\/\/www.laseyta.com\/wp-content\/uploads\/2024\/07\/43-100x100.jpg 100w\" sizes=\"(max-width: 300px) 100vw, 300px\" title=\"\"><\/div>\n\t\t\t\t\t<div class=\"wc-block-grid__product-title\">G\u00fcm\u00fc\u015f El Yap\u0131m\u0131 Evileye Kolye<\/div>\n\t\t\t\t<\/a>\n\t\t\t\t<div class=\"wc-block-grid__product-price price\"><span class=\"woocommerce-Price-amount amount\"><span class=\"woocommerce-Price-currencySymbol\">&#8378;<\/span>0,00<\/span><\/div>\n\t\t\t\t\n\t\t\t\t<div class=\"wp-block-button wc-block-grid__product-add-to-cart\"><a href=\"https:\/\/www.laseyta.com\/tr\/urun\/silver-handmade-evileye-necklace-3\/\" aria-label=\"\u201cSilver Handmade Evileye Necklace\u201d hakk\u0131nda daha fazla bilgi edinin\" data-quantity=\"1\" data-product_id=\"22363\" data-product_sku=\"NSHL00011\" data-price=\"0\" rel=\"nofollow\" class=\"wp-block-button__link  add_to_cart_button\" data-no-translation=\"\" data-trp-gettext=\"\" data-no-translation-aria-label=\"\">Devam\u0131n\u0131 oku<\/a><\/div>\n\t\t\t<\/li><li class=\"wc-block-grid__product\"><span class=\"gtmkit_product_data\" style=\"display:none; visibility:hidden;\" data-gtmkit_product_id=\"22361\" data-gtmkit_product_data=\"{&quot;id&quot;:&quot;SWRSL00010&quot;,&quot;item_id&quot;:&quot;SWRSL00010&quot;,&quot;item_name&quot;:&quot;Silver Woman  Ring With Stone&quot;,&quot;currency&quot;:&quot;USD&quot;,&quot;price&quot;:0,&quot;item_brand&quot;:&quot;Laseyta&quot;,&quot;item_category&quot;:&quot;Silver&quot;,&quot;item_list_name&quot;:&quot;Genel \\u00dcr\\u00fcn Listesi&quot;,&quot;index&quot;:0}\"><\/span>\n\t\t\t\t<a href=\"https:\/\/www.laseyta.com\/tr\/urun\/gumus-kadin-duz-yuzuk-6\/\" class=\"wc-block-grid__product-link\">\n\t\t\t\t\t\n\t\t\t\t\t<div class=\"wc-block-grid__product-image\"><img decoding=\"async\" width=\"300\" height=\"300\" src=\"https:\/\/www.laseyta.com\/wp-content\/uploads\/2024\/07\/40-300x300.jpg\" class=\"attachment-woocommerce_thumbnail size-woocommerce_thumbnail\" alt=\"Ta\u015fl\u0131 G\u00fcm\u00fc\u015f Kad\u0131n Y\u00fcz\u00fck\" srcset=\"https:\/\/www.laseyta.com\/wp-content\/uploads\/2024\/07\/40-300x300.jpg 300w, https:\/\/www.laseyta.com\/wp-content\/uploads\/2024\/07\/40-150x150.jpg 150w, https:\/\/www.laseyta.com\/wp-content\/uploads\/2024\/07\/40-100x100.jpg 100w\" sizes=\"(max-width: 300px) 100vw, 300px\" title=\"\"><\/div>\n\t\t\t\t\t<div class=\"wc-block-grid__product-title\">Ta\u015fl\u0131 G\u00fcm\u00fc\u015f Kad\u0131n Y\u00fcz\u00fck<\/div>\n\t\t\t\t<\/a>\n\t\t\t\t<div class=\"wc-block-grid__product-price price\"><span class=\"woocommerce-Price-amount amount\"><span class=\"woocommerce-Price-currencySymbol\">&#8378;<\/span>0,00<\/span><\/div>\n\t\t\t\t\n\t\t\t\t<div class=\"wp-block-button wc-block-grid__product-add-to-cart\"><a href=\"https:\/\/www.laseyta.com\/tr\/urun\/gumus-kadin-duz-yuzuk-6\/\" aria-label=\"\u201cSilver Woman  Ring With Stone\u201d hakk\u0131nda daha fazla bilgi edinin\" data-quantity=\"1\" data-product_id=\"22361\" data-product_sku=\"SWRSL00010\" data-price=\"0\" rel=\"nofollow\" class=\"wp-block-button__link  add_to_cart_button\" data-no-translation=\"\" data-trp-gettext=\"\" data-no-translation-aria-label=\"\">Devam\u0131n\u0131 oku<\/a><\/div>\n\t\t\t<\/li><li class=\"wc-block-grid__product\"><span class=\"gtmkit_product_data\" style=\"display:none; visibility:hidden;\" data-gtmkit_product_id=\"22359\" data-gtmkit_product_data=\"{&quot;id&quot;:&quot;SWRSL00009&quot;,&quot;item_id&quot;:&quot;SWRSL00009&quot;,&quot;item_name&quot;:&quot;Silver Woman  Ring With Stone&quot;,&quot;currency&quot;:&quot;USD&quot;,&quot;price&quot;:0,&quot;item_brand&quot;:&quot;Laseyta&quot;,&quot;item_category&quot;:&quot;Silver&quot;,&quot;item_list_name&quot;:&quot;Genel \\u00dcr\\u00fcn Listesi&quot;,&quot;index&quot;:0}\"><\/span>\n\t\t\t\t<a href=\"https:\/\/www.laseyta.com\/tr\/urun\/gumus-kadin-duz-yuzuk-6\/\" class=\"wc-block-grid__product-link\">\n\t\t\t\t\t\n\t\t\t\t\t<div class=\"wc-block-grid__product-image\"><img loading=\"lazy\" decoding=\"async\" width=\"300\" height=\"300\" src=\"https:\/\/www.laseyta.com\/wp-content\/uploads\/2024\/07\/39-300x300.jpg\" class=\"attachment-woocommerce_thumbnail size-woocommerce_thumbnail\" alt=\"Ta\u015fl\u0131 G\u00fcm\u00fc\u015f Kad\u0131n Y\u00fcz\u00fck\" srcset=\"https:\/\/www.laseyta.com\/wp-content\/uploads\/2024\/07\/39-300x300.jpg 300w, https:\/\/www.laseyta.com\/wp-content\/uploads\/2024\/07\/39-150x150.jpg 150w, https:\/\/www.laseyta.com\/wp-content\/uploads\/2024\/07\/39-100x100.jpg 100w\" sizes=\"(max-width: 300px) 100vw, 300px\" title=\"\"><\/div>\n\t\t\t\t\t<div class=\"wc-block-grid__product-title\">Ta\u015fl\u0131 G\u00fcm\u00fc\u015f Kad\u0131n Y\u00fcz\u00fck<\/div>\n\t\t\t\t<\/a>\n\t\t\t\t<div class=\"wc-block-grid__product-price price\"><span class=\"woocommerce-Price-amount amount\"><span class=\"woocommerce-Price-currencySymbol\">&#8378;<\/span>0,00<\/span><\/div>\n\t\t\t\t\n\t\t\t\t<div class=\"wp-block-button wc-block-grid__product-add-to-cart\"><a href=\"https:\/\/www.laseyta.com\/tr\/urun\/gumus-kadin-duz-yuzuk-6\/\" aria-label=\"\u201cSilver Woman  Ring With Stone\u201d hakk\u0131nda daha fazla bilgi edinin\" data-quantity=\"1\" data-product_id=\"22359\" data-product_sku=\"SWRSL00009\" data-price=\"0\" rel=\"nofollow\" class=\"wp-block-button__link  add_to_cart_button\" data-no-translation=\"\" data-trp-gettext=\"\" data-no-translation-aria-label=\"\">Devam\u0131n\u0131 oku<\/a><\/div>\n\t\t\t<\/li><\/ul><\/div><\/div>\n<\/div>","protected":false},"excerpt":{"rendered":"","protected":false},"author":1,"featured_media":0,"parent":0,"menu_order":0,"comment_status":"closed","ping_status":"closed","template":"","meta":{"footnotes":""},"class_list":["post-10","page","type-page","status-publish","hentry"],"_links":{"self":[{"href":"https:\/\/www.laseyta.com\/tr\/wp-json\/wp\/v2\/pages\/10","targetHints":{"allow":["GET"]}}],"collection":[{"href":"https:\/\/www.laseyta.com\/tr\/wp-json\/wp\/v2\/pages"}],"about":[{"href":"https:\/\/www.laseyta.com\/tr\/wp-json\/wp\/v2\/types\/page"}],"author":[{"embeddable":true,"href":"https:\/\/www.laseyta.com\/tr\/wp-json\/wp\/v2\/users\/1"}],"replies":[{"embeddable":true,"href":"https:\/\/www.laseyta.com\/tr\/wp-json\/wp\/v2\/comments?post=10"}],"version-history":[{"count":0,"href":"https:\/\/www.laseyta.com\/tr\/wp-json\/wp\/v2\/pages\/10\/revisions"}],"wp:attachment":[{"href":"https:\/\/www.laseyta.com\/tr\/wp-json\/wp\/v2\/media?parent=10"}],"curies":[{"name":"wp","href":"https:\/\/api.w.org\/{rel}","templated":true}]}}