{"id":118,"date":"2022-04-13T03:26:16","date_gmt":"2022-04-13T03:26:16","guid":{"rendered":"https:\/\/demo3.drfuri.com\/motta\/?page_id=118"},"modified":"2024-03-31T09:05:45","modified_gmt":"2024-03-31T09:05:45","slug":"contact-us","status":"publish","type":"page","link":"https:\/\/www.laseyta.com\/tr\/iletisim-us\/","title":{"rendered":"Bize Ula\u015f\u0131n"},"content":{"rendered":"<div data-elementor-type=\"wp-page\" data-elementor-id=\"118\" class=\"elementor elementor-118\" data-elementor-post-type=\"page\">\n\t\t\t\t\t\t<section class=\"elementor-section elementor-top-section elementor-element elementor-element-21948e67 elementor-section-boxed elementor-section-height-default elementor-section-height-default motta-responsive-column motta-tablet-column--default motta-responsive-column motta-mobile-column--default\" data-id=\"21948e67\" data-element_type=\"section\" data-e-type=\"section\">\n\t\t\t\t\t\t<div class=\"elementor-container elementor-column-gap-default\">\n\t\t\t\t\t<div class=\"elementor-column elementor-col-50 elementor-top-column elementor-element elementor-element-56da2706\" data-id=\"56da2706\" data-element_type=\"column\" data-e-type=\"column\">\n\t\t\t<div class=\"elementor-widget-wrap elementor-element-populated\">\n\t\t\t\t\t\t<div class=\"elementor-element elementor-element-3628841f elementor-widget elementor-widget-motta-heading\" data-id=\"3628841f\" data-element_type=\"widget\" data-e-type=\"widget\" data-widget_type=\"motta-heading.default\">\n\t\t\t\t<div class=\"elementor-widget-container\">\n\t\t\t\t\t\t\t<div class=\"motta-heading-elementor motta-heading__button-on\">\r\n\t\t\t\t<p class=\"motta-heading motta-heading--default\">\r\n\t\t\t\t\tBize Ula\u015f\u0131n\t\t\t\t<\/p>\r\n\t\t\t\t\t\t\t<\/div>\r\n\t\t\t\t\t\t<\/div>\n\t\t\t\t<\/div>\n\t\t\t\t<div class=\"elementor-element elementor-element-841b384 elementor-widget elementor-widget-motta-heading\" data-id=\"841b384\" data-element_type=\"widget\" data-e-type=\"widget\" data-widget_type=\"motta-heading.default\">\n\t\t\t\t<div class=\"elementor-widget-container\">\n\t\t\t\t\t\t\t<div class=\"motta-heading-elementor motta-heading__button-on\">\r\n\t\t\t\t<p class=\"motta-heading motta-heading--default\">\r\n\t\t\t\t\tG\u00fcler y\u00fczl\u00fc ekibimiz her zaman sohbet etmek i\u00e7in burada.\t\t\t\t<\/p>\r\n\t\t\t\t\t\t\t<\/div>\r\n\t\t\t\t\t\t<\/div>\n\t\t\t\t<\/div>\n\t\t\t\t<section class=\"elementor-section elementor-inner-section elementor-element elementor-element-19783c65 elementor-section-boxed elementor-section-height-default elementor-section-height-default motta-responsive-column motta-tablet-column--default motta-responsive-column motta-mobile-column--default\" data-id=\"19783c65\" data-element_type=\"section\" data-e-type=\"section\">\n\t\t\t\t\t\t<div class=\"elementor-container elementor-column-gap-default\">\n\t\t\t\t\t<div class=\"elementor-column elementor-col-25 elementor-inner-column elementor-element elementor-element-4a0a23a7 elementor-hidden-mobile\" data-id=\"4a0a23a7\" data-element_type=\"column\" data-e-type=\"column\">\n\t\t\t<div class=\"elementor-widget-wrap\">\n\t\t\t\t\t\t\t<\/div>\n\t\t<\/div>\n\t\t\t\t<div class=\"elementor-column elementor-col-25 elementor-inner-column elementor-element elementor-element-41c25826\" data-id=\"41c25826\" data-element_type=\"column\" data-e-type=\"column\">\n\t\t\t<div class=\"elementor-widget-wrap elementor-element-populated\">\n\t\t\t\t\t\t<div class=\"elementor-element elementor-element-7712ef26 motta-tablet-icon-box__icon-position--top motta-mobile-icon-box__icon-position--top motta-icon-box__icon-alignment--center motta-icon-box__icon-position--top elementor-widget elementor-widget-motta-icon-box\" data-id=\"7712ef26\" data-element_type=\"widget\" data-e-type=\"widget\" data-widget_type=\"motta-icon-box.default\">\n\t\t\t\t<div class=\"elementor-widget-container\">\n\t\t\t\t\t\t\t<div class=\"motta-icon-box icon-type-icon\">\r\n\t\t\t\t\t\t\t<div class=\"motta-icon-box__icon\">\r\n\t\t\t\t\t<span class=\"motta-svg-icon\"><svg xmlns=\"http:\/\/www.w3.org\/2000\/svg\" width=\"32\" height=\"32\" viewbox=\"0 0 32 32\"><title>call-footer<\/title><path d=\"M26.707 31.36c-0.267 0-0.52-0.013-0.787-0.067-4.253-0.667-8.253-2.213-11.867-4.587-3.507-2.307-6.453-5.253-8.76-8.76-2.373-3.613-3.92-7.613-4.587-11.867-0.227-1.453 0.187-2.92 1.133-4.040 0.933-1.093 2.28-1.707 3.72-1.707h4.467c2.347 0 4.373 1.693 4.813 4.013 0.107 0.533 0.227 1.040 0.387 1.547 0.547 1.813 0.080 3.733-1.187 5.013-1.107 1.107-1.213 2.773-0.293 3.92 1.013 1.267 2.16 2.427 3.427 3.427 1.147 0.92 2.813 0.813 3.867-0.24 1.333-1.333 3.253-1.787 5.067-1.24 0.507 0.147 1.027 0.28 1.547 0.373v0c2.32 0.453 4.013 2.48 4.013 4.827v4.467c0 1.427-0.627 2.787-1.707 3.72-0.907 0.787-2.067 1.2-3.253 1.2zM5.547 2.333c-0.853 0-1.64 0.36-2.2 1.013-0.573 0.667-0.813 1.547-0.68 2.427 0.627 3.973 2.067 7.707 4.28 11.080 2.147 3.28 4.907 6.027 8.187 8.187 3.387 2.213 7.107 3.667 11.080 4.28 0.88 0.147 1.76-0.107 2.427-0.68 0.653-0.56 1.013-1.333 1.013-2.2v-4.467c0-1.387-1-2.587-2.387-2.853-0.573-0.107-1.16-0.253-1.747-0.427-1.107-0.333-2.267-0.067-3.027 0.693-1.827 1.827-4.64 2-6.587 0.44-1.387-1.107-2.64-2.36-3.747-3.747-1.533-1.947-1.373-4.76 0.4-6.533 0.813-0.813 1.080-1.973 0.747-3.080-0.173-0.56-0.32-1.147-0.427-1.747-0.267-1.387-1.467-2.387-2.853-2.387h-4.48z\"><\/path><path d=\"M31.667 12h-2c0-5.333-4.333-9.667-9.667-9.667v-2c6.44 0 11.667 5.24 11.667 11.667z\"><\/path><path d=\"M26.333 12h-2c0-2.387-1.947-4.333-4.333-4.333v-2c3.493 0 6.333 2.84 6.333 6.333z\"><\/path><\/svg><\/span>\t\t\t\t<\/div>\r\n\t\t\t\t\t\t<div class=\"motta-icon-box__wrapper\">\r\n\t\t\t\t\t\t\t\t\t<div class=\"motta-icon-box__title\">M\u00fc\u015fteri Hizmetleri<\/div>\r\n\t\t\t\t\t\t\t\t\t\t\t\t\t\t\t\t\t\t\t<a class=\"motta-button motta-button-primary  motta-button--subtle  motta-button--color-black  motta-button--medium\" href=\"tel: 905444099074\">\n\t\t\t\t\t\t\t\t\t\t\t\t<span class=\"motta-button__text\">+90 544 409 90 74<\/span>\n\t\t\t\t\t\t<\/a>\n\t\t\t\t\t\t\t\t\t<\/div>\r\n\t\t\t\t\t<\/div>\r\n\t\t\t\t\t\t<\/div>\n\t\t\t\t<\/div>\n\t\t\t\t<div class=\"elementor-element elementor-element-23572d3f elementor-widget elementor-widget-motta-heading\" data-id=\"23572d3f\" data-element_type=\"widget\" data-e-type=\"widget\" data-widget_type=\"motta-heading.default\">\n\t\t\t\t<div class=\"elementor-widget-container\">\n\t\t\t\t\t\t\t<div class=\"motta-heading-elementor motta-heading__button-on\">\r\n\t\t\t\t<h2 class=\"motta-heading motta-heading--default\">\r\n\t\t\t\t\tSabah 9'dan ak\u015fam 17'ye kadar bizi aray\u0131n (\u0130stanbul\/Avrupa)\t\t\t\t<\/h2>\r\n\t\t\t\t\t\t\t<\/div>\r\n\t\t\t\t\t\t<\/div>\n\t\t\t\t<\/div>\n\t\t\t\t\t<\/div>\n\t\t<\/div>\n\t\t\t\t<div class=\"elementor-column elementor-col-25 elementor-inner-column elementor-element elementor-element-3c4c97f2\" data-id=\"3c4c97f2\" data-element_type=\"column\" data-e-type=\"column\">\n\t\t\t<div class=\"elementor-widget-wrap elementor-element-populated\">\n\t\t\t\t\t\t<div class=\"elementor-element elementor-element-7c10075e motta-tablet-icon-box__icon-position--top motta-mobile-icon-box__icon-position--top motta-icon-box__icon-alignment--center motta-icon-box__icon-position--top elementor-widget elementor-widget-motta-icon-box\" data-id=\"7c10075e\" data-element_type=\"widget\" data-e-type=\"widget\" data-widget_type=\"motta-icon-box.default\">\n\t\t\t\t<div class=\"elementor-widget-container\">\n\t\t\t\t\t\t\t<div class=\"motta-icon-box icon-type-icon\">\r\n\t\t\t\t\t\t\t<div class=\"motta-icon-box__icon\">\r\n\t\t\t\t\t<span class=\"motta-svg-icon\"><svg xmlns=\"http:\/\/www.w3.org\/2000\/svg\" width=\"32\" height=\"32\" viewbox=\"0 0 32 32\"><title>sohbet<\/title><path d=\"M28.667 3.333v20h-5.333v4.4l-5.28-4.4h-14.72v-20h25.333zM29.333 1.333h-26.667c-0.733 0-1.333 0.6-1.333 1.333v21.333c0 0.733 0.6 1.333 1.333 1.333h14.667l8 6.667v-6.667h4c0.733 0 1.333-0.6 1.333-1.333v-21.333c0-0.733-0.6-1.333-1.333-1.333v0z\"><\/path><path d=\"M8 12.333h16v2h-16v-2z\"><\/path><\/svg><\/span>\t\t\t\t<\/div>\r\n\t\t\t\t\t\t<div class=\"motta-icon-box__wrapper\">\r\n\t\t\t\t\t\t\t\t\t<div class=\"motta-icon-box__title\">Bizimle buradan sohbet edin!<\/div>\r\n\t\t\t\t\t\t\t\t\t\t\t\t\t\t\t\t\t\t\t<a class=\"motta-button motta-button-primary  motta-button--subtle  motta-button--color-black  motta-button--medium\" href=\"https:\/\/api.whatsapp.com\/send?phone=905444099074&#038;Via%20laseyta.com%20-%20contact%20us\" target=\"_blank\" rel=\"noopener\">\n\t\t\t\t\t\t\t\t\t\t\t\t<span class=\"motta-button__text\">\u015eimdi Sohbet Et<\/span>\n\t\t\t\t\t\t<\/a>\n\t\t\t\t\t\t\t\t\t<\/div>\r\n\t\t\t\t\t<\/div>\r\n\t\t\t\t\t\t<\/div>\n\t\t\t\t<\/div>\n\t\t\t\t<div class=\"elementor-element elementor-element-1b1c4aef elementor-widget elementor-widget-motta-heading\" data-id=\"1b1c4aef\" data-element_type=\"widget\" data-e-type=\"widget\" data-widget_type=\"motta-heading.default\">\n\t\t\t\t<div class=\"elementor-widget-container\">\n\t\t\t\t\t\t\t<div class=\"motta-heading-elementor motta-heading__button-on\">\r\n\t\t\t\t<h2 class=\"motta-heading motta-heading--default\">\r\n\t\t\t\t\tSabah 9'dan ak\u015fam 17'ye kadar bizi aray\u0131n (\u0130stanbul\/Avrupa)\t\t\t\t<\/h2>\r\n\t\t\t\t\t\t\t<\/div>\r\n\t\t\t\t\t\t<\/div>\n\t\t\t\t<\/div>\n\t\t\t\t\t<\/div>\n\t\t<\/div>\n\t\t\t\t<div class=\"elementor-column elementor-col-25 elementor-inner-column elementor-element elementor-element-6657e2f8 elementor-hidden-mobile\" data-id=\"6657e2f8\" data-element_type=\"column\" data-e-type=\"column\">\n\t\t\t<div class=\"elementor-widget-wrap\">\n\t\t\t\t\t\t\t<\/div>\n\t\t<\/div>\n\t\t\t\t\t<\/div>\n\t\t<\/section>\n\t\t\t\t<div class=\"elementor-element elementor-element-57c299d elementor-widget elementor-widget-motta-heading\" data-id=\"57c299d\" data-element_type=\"widget\" data-e-type=\"widget\" data-widget_type=\"motta-heading.default\">\n\t\t\t\t<div class=\"elementor-widget-container\">\n\t\t\t\t\t\t\t<div class=\"motta-heading-elementor motta-heading__button-on\">\r\n\t\t\t\t<h4 class=\"motta-heading motta-heading--default\">\r\n\t\t\t\t\t\u0130leti\u015fim Bilgileri\t\t\t\t<\/h4>\r\n\t\t\t\t\t\t\t<\/div>\r\n\t\t\t\t\t\t<\/div>\n\t\t\t\t<\/div>\n\t\t\t\t<div class=\"elementor-element elementor-element-34bddf6 elementor-widget elementor-widget-motta-heading\" data-id=\"34bddf6\" data-element_type=\"widget\" data-e-type=\"widget\" data-widget_type=\"motta-heading.default\">\n\t\t\t\t<div class=\"elementor-widget-container\">\n\t\t\t\t\t\t\t<div class=\"motta-heading-elementor motta-heading__button-on\">\r\n\t\t\t\t<p class=\"motta-heading motta-heading--default\">\r\n\t\t\t\t\tHocapa\u015fa Mah. Ankara Cad. Ankara Han. No:28\/505 Sirkeci - Fatih\/\u0130stanbul\n<span style=\"font-weight: 500\">T\u00dcRK\u0130YE<\/span>\t\t\t\t<\/p>\r\n\t\t\t\t\t\t\t<\/div>\r\n\t\t\t\t\t\t<\/div>\n\t\t\t\t<\/div>\n\t\t\t\t<section class=\"elementor-section elementor-inner-section elementor-element elementor-element-7d3278a4 elementor-section-boxed elementor-section-height-default elementor-section-height-default motta-responsive-column motta-tablet-column--default motta-responsive-column motta-mobile-column--default\" data-id=\"7d3278a4\" data-element_type=\"section\" data-e-type=\"section\">\n\t\t\t\t\t\t<div class=\"elementor-container elementor-column-gap-default\">\n\t\t\t\t\t<div class=\"elementor-column elementor-col-25 elementor-inner-column elementor-element elementor-element-d16bc8 elementor-hidden-mobile\" data-id=\"d16bc8\" data-element_type=\"column\" data-e-type=\"column\">\n\t\t\t<div class=\"elementor-widget-wrap\">\n\t\t\t\t\t\t\t<\/div>\n\t\t<\/div>\n\t\t\t\t<div class=\"elementor-column elementor-col-25 elementor-inner-column elementor-element elementor-element-50c2d241\" data-id=\"50c2d241\" data-element_type=\"column\" data-e-type=\"column\">\n\t\t\t<div class=\"elementor-widget-wrap elementor-element-populated\">\n\t\t\t\t\t\t<div class=\"elementor-element elementor-element-532c725 elementor-widget elementor-widget-motta-heading\" data-id=\"532c725\" data-element_type=\"widget\" data-e-type=\"widget\" data-widget_type=\"motta-heading.default\">\n\t\t\t\t<div class=\"elementor-widget-container\">\n\t\t\t\t\t\t\t<div class=\"motta-heading-elementor motta-heading__button-on\">\r\n\t\t\t\t<h6 class=\"motta-heading motta-heading--default\">\r\n\t\t\t\t\tTelefon\t\t\t\t<\/h6>\r\n\t\t\t\t\t\t\t<\/div>\r\n\t\t\t\t\t\t<\/div>\n\t\t\t\t<\/div>\n\t\t\t\t<div class=\"elementor-element elementor-element-38e264d5 elementor-widget elementor-widget-motta-heading\" data-id=\"38e264d5\" data-element_type=\"widget\" data-e-type=\"widget\" data-widget_type=\"motta-heading.default\">\n\t\t\t\t<div class=\"elementor-widget-container\">\n\t\t\t\t\t\t\t<div class=\"motta-heading-elementor motta-heading__button-on\">\r\n\t\t\t\t<h2 class=\"motta-heading motta-heading--default\">\r\n\t\t\t\t\t+90 544 409 90 74\t\t\t\t<\/h2>\r\n\t\t\t\t\t\t\t<\/div>\r\n\t\t\t\t\t\t<\/div>\n\t\t\t\t<\/div>\n\t\t\t\t\t<\/div>\n\t\t<\/div>\n\t\t\t\t<div class=\"elementor-column elementor-col-25 elementor-inner-column elementor-element elementor-element-cccce12\" data-id=\"cccce12\" data-element_type=\"column\" data-e-type=\"column\">\n\t\t\t<div class=\"elementor-widget-wrap elementor-element-populated\">\n\t\t\t\t\t\t<div class=\"elementor-element elementor-element-2286b8c elementor-widget elementor-widget-motta-heading\" data-id=\"2286b8c\" data-element_type=\"widget\" data-e-type=\"widget\" data-widget_type=\"motta-heading.default\">\n\t\t\t\t<div class=\"elementor-widget-container\">\n\t\t\t\t\t\t\t<div class=\"motta-heading-elementor motta-heading__button-on\">\r\n\t\t\t\t<h6 class=\"motta-heading motta-heading--default\">\r\n\t\t\t\t\tE-posta\t\t\t\t<\/h6>\r\n\t\t\t\t\t\t\t<\/div>\r\n\t\t\t\t\t\t<\/div>\n\t\t\t\t<\/div>\n\t\t\t\t<div class=\"elementor-element elementor-element-68176405 elementor-widget elementor-widget-motta-heading\" data-id=\"68176405\" data-element_type=\"widget\" data-e-type=\"widget\" data-widget_type=\"motta-heading.default\">\n\t\t\t\t<div class=\"elementor-widget-container\">\n\t\t\t\t\t\t\t<div class=\"motta-heading-elementor motta-heading__button-on\">\r\n\t\t\t\t<h2 class=\"motta-heading motta-heading--default\">\r\n\t\t\t\t\t<a href=\"mailto:info@laseyta.com\">info@laseyta.com<\/a>\t\t\t\t<\/h2>\r\n\t\t\t\t\t\t\t<\/div>\r\n\t\t\t\t\t\t<\/div>\n\t\t\t\t<\/div>\n\t\t\t\t\t<\/div>\n\t\t<\/div>\n\t\t\t\t<div class=\"elementor-column elementor-col-25 elementor-inner-column elementor-element elementor-element-39975e1b elementor-hidden-mobile\" data-id=\"39975e1b\" data-element_type=\"column\" data-e-type=\"column\">\n\t\t\t<div class=\"elementor-widget-wrap\">\n\t\t\t\t\t\t\t<\/div>\n\t\t<\/div>\n\t\t\t\t\t<\/div>\n\t\t<\/section>\n\t\t\t\t<div class=\"elementor-element elementor-element-5d58b94d elementor-widget elementor-widget-motta-social-icons\" data-id=\"5d58b94d\" data-element_type=\"widget\" data-e-type=\"widget\" data-widget_type=\"motta-social-icons.default\">\n\t\t\t\t<div class=\"elementor-widget-container\">\n\t\t\t\t\t\t\t<div class=\"motta-social-icons__wrapper\">\r\n\t\t\t\t\t\t\t<a class=\"motta-social-icons__item motta-social-icon-instagram motta-repeater-item-0ad922e\" href=\"https:\/\/www.instagram.com\/laseyta\" target=\"_blank\" rel=\"noopener\">\r\n\t\t\t\t\t\t\t\t\t\t\t<span class=\"motta-svg-icon\"><svg class=\"e-font-icon-svg e-fab-instagram\" viewbox=\"0 0 448 512\" xmlns=\"http:\/\/www.w3.org\/2000\/svg\"><path d=\"M224.1 141c-63.6 0-114.9 51.3-114.9 114.9s51.3 114.9 114.9 114.9S339 319.5 339 255.9 287.7 141 224.1 141zm0 189.6c-41.1 0-74.7-33.5-74.7-74.7s33.5-74.7 74.7-74.7 74.7 33.5 74.7 74.7-33.6 74.7-74.7 74.7zm146.4-194.3c0 14.9-12 26.8-26.8 26.8-14.9 0-26.8-12-26.8-26.8s12-26.8 26.8-26.8 26.8 12 26.8 26.8zm76.1 27.2c-1.7-35.9-9.9-67.7-36.2-93.9-26.2-26.2-58-34.4-93.9-36.2-37-2.1-147.9-2.1-184.9 0-35.8 1.7-67.6 9.9-93.9 36.1s-34.4 58-36.2 93.9c-2.1 37-2.1 147.9 0 184.9 1.7 35.9 9.9 67.7 36.2 93.9s58 34.4 93.9 36.2c37 2.1 147.9 2.1 184.9 0 35.9-1.7 67.7-9.9 93.9-36.2 26.2-26.2 34.4-58 36.2-93.9 2.1-37 2.1-147.8 0-184.8zM398.8 388c-7.8 19.6-22.9 34.7-42.6 42.6-29.5 11.7-99.5 9-132.1 9s-102.7 2.6-132.1-9c-19.6-7.8-34.7-22.9-42.6-42.6-11.7-29.5-9-99.5-9-132.1s-2.6-102.7 9-132.1c7.8-19.6 22.9-34.7 42.6-42.6 29.5-11.7 99.5-9 132.1-9s102.7-2.6 132.1 9c19.6 7.8 34.7 22.9 42.6 42.6 11.7 29.5 9 99.5 9 132.1s2.7 102.7-9 132.1z\"><\/path><\/svg><\/span>\t\t\t\t\t\t\t\t\t<\/a>\r\n\t\t\t\t\t\t\t<a class=\"motta-social-icons__item motta-social-icon-pinterest motta-repeater-item-eccc928\" href=\"https:\/\/www.pinterest.com\/laseytacom\" target=\"_blank\" rel=\"noopener\">\r\n\t\t\t\t\t\t\t\t\t\t\t<span class=\"motta-svg-icon\"><svg class=\"e-font-icon-svg e-fab-pinterest\" viewbox=\"0 0 496 512\" xmlns=\"http:\/\/www.w3.org\/2000\/svg\"><path d=\"M496 256c0 137-111 248-248 248-25.6 0-50.2-3.9-73.4-11.1 10.1-16.5 25.2-43.5 30.8-65 3-11.6 15.4-59 15.4-59 8.1 15.4 31.7 28.5 56.8 28.5 74.8 0 128.7-68.8 128.7-154.3 0-81.9-66.9-143.2-152.9-143.2-107 0-163.9 71.8-163.9 150.1 0 36.4 19.4 81.7 50.3 96.1 4.7 2.2 7.2 1.2 8.3-3.3.8-3.4 5-20.3 6.9-28.1.6-2.5.3-4.7-1.7-7.1-10.1-12.5-18.3-35.3-18.3-56.6 0-54.7 41.4-107.6 112-107.6 60.9 0 103.6 41.5 103.6 100.9 0 67.1-33.9 113.6-78 113.6-24.3 0-42.6-20.1-36.7-44.8 7-29.5 20.5-61.3 20.5-82.6 0-19-10.2-34.9-31.4-34.9-24.9 0-44.9 25.7-44.9 60.2 0 22 7.4 36.8 7.4 36.8s-24.5 103.8-29 123.2c-5 21.4-3 51.6-.9 71.2C65.4 450.9 0 361.1 0 256 0 119 111 8 248 8s248 111 248 248z\"><\/path><\/svg><\/span>\t\t\t\t\t\t\t\t\t<\/a>\r\n\t\t\t\t\t\t\t<a class=\"motta-social-icons__item motta-social-icon-tiktok motta-repeater-item-811caf9\" href=\"https:\/\/www.tiktok.com\/@laseyta\" target=\"_blank\" rel=\"noopener\">\r\n\t\t\t\t\t\t\t\t\t\t\t<span class=\"motta-svg-icon\"><svg class=\"e-font-icon-svg e-fab-tiktok\" viewbox=\"0 0 448 512\" xmlns=\"http:\/\/www.w3.org\/2000\/svg\"><path d=\"M448,209.91a210.06,210.06,0,0,1-122.77-39.25V349.38A162.55,162.55,0,1,1,185,188.31V278.2a74.62,74.62,0,1,0,52.23,71.18V0l88,0a121.18,121.18,0,0,0,1.86,22.17h0A122.18,122.18,0,0,0,381,102.39a121.43,121.43,0,0,0,67,20.14Z\"><\/path><\/svg><\/span>\t\t\t\t\t\t\t\t\t<\/a>\r\n\t\t\t\t\t<\/div>\r\n\t\t\t\t\t\t<\/div>\n\t\t\t\t<\/div>\n\t\t\t\t\t<\/div>\n\t\t<\/div>\n\t\t\t\t<div class=\"elementor-column elementor-col-50 elementor-top-column elementor-element elementor-element-3a7835f9\" data-id=\"3a7835f9\" data-element_type=\"column\" data-e-type=\"column\" data-settings=\"{&quot;background_background&quot;:&quot;classic&quot;}\">\n\t\t\t<div class=\"elementor-widget-wrap elementor-element-populated\">\n\t\t\t\t\t\t<div class=\"elementor-element elementor-element-d79996b elementor-widget elementor-widget-motta-heading\" data-id=\"d79996b\" data-element_type=\"widget\" data-e-type=\"widget\" data-widget_type=\"motta-heading.default\">\n\t\t\t\t<div class=\"elementor-widget-container\">\n\t\t\t\t\t\t\t<div class=\"motta-heading-elementor motta-heading__button-on\">\r\n\t\t\t\t<h4 class=\"motta-heading motta-heading--default\">\r\n\t\t\t\t\t\u0130leti\u015fim Formu\t\t\t\t<\/h4>\r\n\t\t\t\t\t\t\t<\/div>\r\n\t\t\t\t\t\t<\/div>\n\t\t\t\t<\/div>\n\t\t\t\t<div class=\"elementor-element elementor-element-3206a16e elementor-widget elementor-widget-motta-heading\" data-id=\"3206a16e\" data-element_type=\"widget\" data-e-type=\"widget\" data-widget_type=\"motta-heading.default\">\n\t\t\t\t<div class=\"elementor-widget-container\">\n\t\t\t\t\t\t\t<div class=\"motta-heading-elementor motta-heading__button-on\">\r\n\t\t\t\t<div class=\"motta-heading motta-heading--default\">\r\n\t\t\t\t\tSizden haber almak i\u00e7in sab\u0131rs\u0131zlan\u0131yoruz ve<br> \u00fc\u00e7 g\u00fcn i\u00e7inde yan\u0131t vermeye \u00e7al\u0131\u015facakt\u0131r.\t\t\t\t<\/div>\r\n\t\t\t\t\t\t\t<\/div>\r\n\t\t\t\t\t\t<\/div>\n\t\t\t\t<\/div>\n\t\t\t\t<div class=\"elementor-element elementor-element-107457a6 motta-skin--base motta-shape--default elementor-widget elementor-widget-motta-contact-form\" data-id=\"107457a6\" data-element_type=\"widget\" data-e-type=\"widget\" data-widget_type=\"motta-contact-form.default\">\n\t\t\t\t<div class=\"elementor-widget-container\">\n\t\t\t\t\t\t\t<div class=\"motta-contact-form motta-custom-button--skin\">\r\n\t\t\t\n<div class=\"wpcf7 no-js\" id=\"wpcf7-f6676-o1\" lang=\"en-US\" dir=\"ltr\" data-wpcf7-id=\"6676\">\n<div class=\"screen-reader-response\"><p role=\"status\" aria-live=\"polite\" aria-atomic=\"true\"><\/p> <ul><\/ul><\/div>\n<form action=\"\/tr\/wp-json\/wp\/v2\/pages\/118#wpcf7-f6676-o1\" method=\"post\" class=\"wpcf7-form init\" aria-label=\"\u0130leti\u015fim formu\" novalidate=\"novalidate\" data-status=\"init\" data-trp-original-action=\"\/tr\/wp-json\/wp\/v2\/pages\/118#wpcf7-f6676-o1\">\n<fieldset class=\"hidden-fields-container\"><input type=\"hidden\" name=\"_wpcf7\" value=\"6676\" \/><input type=\"hidden\" name=\"_wpcf7_version\" value=\"6.1.5\" \/><input type=\"hidden\" name=\"_wpcf7_locale\" value=\"en_US\" \/><input type=\"hidden\" name=\"_wpcf7_unit_tag\" value=\"wpcf7-f6676-o1\" \/><input type=\"hidden\" name=\"_wpcf7_container_post\" value=\"0\" \/><input type=\"hidden\" name=\"_wpcf7_posted_data_hash\" value=\"\" \/><input type=\"hidden\" name=\"_wpcf7_recaptcha_response\" value=\"\" \/>\n<\/fieldset>\n<div class=\"motta-col2\">\n\t<div class=\"col-1\">\n\t\t<p><label>\u0130sim<\/label><br \/>\n<span class=\"wpcf7-form-control-wrap\" data-name=\"your-name\"><input size=\"40\" maxlength=\"400\" class=\"wpcf7-form-control wpcf7-text wpcf7-validates-as-required\" aria-required=\"true\" aria-invalid=\"false\" placeholder=\"Senin ad\u0131n ne?\" value=\"\" type=\"text\" name=\"your-name\" \/><\/span>\n\t\t<\/p>\n\t<\/div>\n\t<div class=\"col-2\">\n\t\t<p><label>E-posta<\/label><br \/>\n<span class=\"wpcf7-form-control-wrap\" data-name=\"your-email\"><input size=\"40\" maxlength=\"400\" class=\"wpcf7-form-control wpcf7-email wpcf7-validates-as-required wpcf7-text wpcf7-validates-as-email\" aria-required=\"true\" aria-invalid=\"false\" placeholder=\"E-postan\u0131z nedir?\" value=\"\" type=\"email\" name=\"your-email\" \/><\/span>\n\t\t<\/p>\n\t<\/div>\n<\/div>\n<p><label>Konu<\/label><br \/>\n<span class=\"wpcf7-form-control-wrap\" data-name=\"your-subject\"><select class=\"wpcf7-form-control wpcf7-select wpcf7-validates-as-required\" aria-required=\"true\" aria-invalid=\"false\" name=\"your-subject\"><option value=\"Select a topic\">Bir konu se\u00e7in<\/option><option value=\"Question\">Soru<\/option><option value=\"Request\">\u0130stek \/ Talebiniz<\/option><\/select><\/span>\n<\/p>\n<p><label>Mesaj<\/label><br \/>\n<span class=\"wpcf7-form-control-wrap\" data-name=\"your-message\"><textarea cols=\"5\" rows=\"5\" maxlength=\"2000\" class=\"wpcf7-form-control wpcf7-textarea\" aria-invalid=\"false\" placeholder=\"Biraz daha ayr\u0131nt\u0131 verebilir misiniz?\" name=\"your-message\"><\/textarea><\/span>\n<\/p>\n<p><span class=\"wpcf7-form-control-wrap\" data-name=\"checkbox-953\"><span class=\"wpcf7-form-control wpcf7-checkbox wpcf7-validates-as-required wpcf7-exclusive-checkbox\"><span class=\"wpcf7-list-item first last\"><label><input type=\"checkbox\" name=\"checkbox-953\" value=\"You agree to our friendly privacy policy.\" \/><span class=\"wpcf7-list-item-label\">Dostane gizlilik politikam\u0131z\u0131 kabul ediyorsunuz.<\/span><\/label><\/span><\/span><\/span>\n<\/p>\n<p><input class=\"wpcf7-form-control wpcf7-submit has-spinner\" type=\"submit\" value=\"\u0130leti\u015fime Ge\u00e7in\" \/>\n<\/p><div class=\"wpcf7-response-output\" aria-hidden=\"true\"><\/div>\n<input type=\"hidden\" name=\"trp-form-language\" value=\"tr\"\/><\/form>\n<\/div>\n\t\t<\/div>\r\n\t\t\t\t\t\t<\/div>\n\t\t\t\t<\/div>\n\t\t\t\t\t<\/div>\n\t\t<\/div>\n\t\t\t\t\t<\/div>\n\t\t<\/section>\n\t\t\t\t<\/div>","protected":false},"excerpt":{"rendered":"<p>Bize Ula\u015f\u0131n G\u00fcler y\u00fczl\u00fc ekibimiz sohbet etmek i\u00e7in her zaman burada. call-footer M\u00fc\u015fteri Hizmetleri +90 544 409 90 74 Sabah 9'dan ak\u015fam 17'ye kadar bizi aray\u0131n (\u0130stanbul\/Avrupa) chat Bizimle buradan sohbet edin! \u015eimdi Sohbet Edin Sabah 9'dan ak\u015fam 17'ye kadar bizi aray\u0131n (\u0130stanbul\/Avrupa) \u0130leti\u015fim Bilgileri Hocapa\u015fa Mah. Ankara Cad. Ankara Han. No:28\/505 Sirkeci - Fatih\/\u0130stanbul T\u00dcRK\u0130YE Telefon +90 544 [...]<\/p>","protected":false},"author":1,"featured_media":0,"parent":0,"menu_order":0,"comment_status":"closed","ping_status":"closed","template":"","meta":{"footnotes":""},"class_list":["post-118","page","type-page","status-publish","hentry"],"_links":{"self":[{"href":"https:\/\/www.laseyta.com\/tr\/wp-json\/wp\/v2\/pages\/118","targetHints":{"allow":["GET"]}}],"collection":[{"href":"https:\/\/www.laseyta.com\/tr\/wp-json\/wp\/v2\/pages"}],"about":[{"href":"https:\/\/www.laseyta.com\/tr\/wp-json\/wp\/v2\/types\/page"}],"author":[{"embeddable":true,"href":"https:\/\/www.laseyta.com\/tr\/wp-json\/wp\/v2\/users\/1"}],"replies":[{"embeddable":true,"href":"https:\/\/www.laseyta.com\/tr\/wp-json\/wp\/v2\/comments?post=118"}],"version-history":[{"count":0,"href":"https:\/\/www.laseyta.com\/tr\/wp-json\/wp\/v2\/pages\/118\/revisions"}],"wp:attachment":[{"href":"https:\/\/www.laseyta.com\/tr\/wp-json\/wp\/v2\/media?parent=118"}],"curies":[{"name":"wp","href":"https:\/\/api.w.org\/{rel}","templated":true}]}}