{"id":16,"date":"2024-03-06T07:17:50","date_gmt":"2024-03-06T07:17:50","guid":{"rendered":"https:\/\/www.laseyta.com\/wishlist\/"},"modified":"2024-03-06T07:17:50","modified_gmt":"2024-03-06T07:17:50","slug":"wishlist","status":"publish","type":"page","link":"https:\/\/www.laseyta.com\/tr\/istek-listesi\/","title":{"rendered":"\u0130stek Listesi"},"content":{"rendered":"<div class=\"woocommerce wocommerce-wishlist wcboost-wishlist\"><div class=\"wishlist-empty-form\">\r\n\t<div class=\"wishlist-empty-icon\">\r\n\t\t<span class=\"motta-button__icon\"><span class=\"motta-svg-icon motta-svg-icon--wishlist\" ><svg width=\"24\" height=\"24\" aria-hidden=\"true\" role=\"img\" focusable=\"false\" viewbox=\"0 0 32 32\"><path d=\"M22.736 6.4v0c1.792 0 3.44 1.12 4.128 2.768 0.8 1.92 0.112 4.144-1.856 6.112l-9.024 8.992-9.024-8.976c-1.984-1.984-2.64-4.144-1.824-6.080 0.688-1.68 2.352-2.8 4.144-2.8 1.504 0 3.040 0.752 4.448 2.16l2.256 2.256 2.256-2.256c1.44-1.424 2.992-2.176 4.496-2.176zM22.736 3.2c-2.176 0-4.544 0.912-6.752 3.104-2.192-2.176-4.544-3.088-6.704-3.088-6.368 0-11.040 7.904-4.576 14.336l11.28 11.248 11.28-11.248c6.496-6.448 1.856-14.352-4.528-14.352v0z\"><\/path><\/svg><\/span><\/span>\r\n\t<\/div>\r\n\r\n\t<div class=\"wishlist-empty woocommerce-info\">\r\n\t\tG\u00f6r\u00fcn\u00fc\u015fe g\u00f6re kay\u0131tl\u0131 bir \u015feyiniz yok.\t<\/div>\r\n\t<div class=\"wishlist-empty woocommerce-info-description\">\r\n\t\tKaydedilmi\u015f \u00d6\u011felerinizi t\u00fcm cihazlar\u0131n\u0131zda senkronize etmek i\u00e7in oturum a\u00e7\u0131n.\t<\/div>\r\n\r\n\t<p class=\"return-to-shop\">\r\n\t\t<a href=\"https:\/\/www.laseyta.com\/tr\/benim-hesabim\/\" class=\"button wc-backward\">Oturum a\u00e7<\/a>\t<\/p>\r\n<\/div>\r\n\r\n<\/div>","protected":false},"excerpt":{"rendered":"","protected":false},"author":1,"featured_media":0,"parent":0,"menu_order":0,"comment_status":"closed","ping_status":"closed","template":"","meta":{"footnotes":""},"class_list":["post-16","page","type-page","status-publish","hentry"],"_links":{"self":[{"href":"https:\/\/www.laseyta.com\/tr\/wp-json\/wp\/v2\/pages\/16","targetHints":{"allow":["GET"]}}],"collection":[{"href":"https:\/\/www.laseyta.com\/tr\/wp-json\/wp\/v2\/pages"}],"about":[{"href":"https:\/\/www.laseyta.com\/tr\/wp-json\/wp\/v2\/types\/page"}],"author":[{"embeddable":true,"href":"https:\/\/www.laseyta.com\/tr\/wp-json\/wp\/v2\/users\/1"}],"replies":[{"embeddable":true,"href":"https:\/\/www.laseyta.com\/tr\/wp-json\/wp\/v2\/comments?post=16"}],"version-history":[{"count":0,"href":"https:\/\/www.laseyta.com\/tr\/wp-json\/wp\/v2\/pages\/16\/revisions"}],"wp:attachment":[{"href":"https:\/\/www.laseyta.com\/tr\/wp-json\/wp\/v2\/media?parent=16"}],"curies":[{"name":"wp","href":"https:\/\/api.w.org\/{rel}","templated":true}]}}