{"id":17377,"date":"2022-09-22T07:30:38","date_gmt":"2022-09-22T07:30:38","guid":{"rendered":"https:\/\/motta.uix.store\/?page_id=17377"},"modified":"2024-03-31T11:43:39","modified_gmt":"2024-03-31T11:43:39","slug":"customer-service","status":"publish","type":"page","link":"https:\/\/www.laseyta.com\/tr\/musteri\u0307-hi\u0307zmetleri\u0307\/","title":{"rendered":"M\u00fc\u015fteri Hizmetleri"},"content":{"rendered":"<div data-elementor-type=\"wp-page\" data-elementor-id=\"17377\" class=\"elementor elementor-17377\" data-elementor-post-type=\"page\">\n\t\t\t\t\t\t<section class=\"elementor-section elementor-top-section elementor-element elementor-element-6ac5b052 elementor-section-boxed elementor-section-height-default elementor-section-height-default motta-responsive-column motta-tablet-column--default motta-responsive-column motta-mobile-column--default\" data-id=\"6ac5b052\" data-element_type=\"section\" data-e-type=\"section\">\n\t\t\t\t\t\t<div class=\"elementor-container elementor-column-gap-default\">\n\t\t\t\t\t<div class=\"elementor-column elementor-col-33 elementor-top-column elementor-element elementor-element-1f50cb7a\" data-id=\"1f50cb7a\" data-element_type=\"column\" data-e-type=\"column\">\n\t\t\t<div class=\"elementor-widget-wrap\">\n\t\t\t\t\t\t\t<\/div>\n\t\t<\/div>\n\t\t\t\t<div class=\"elementor-column elementor-col-33 elementor-top-column elementor-element elementor-element-1830bc68\" data-id=\"1830bc68\" data-element_type=\"column\" data-e-type=\"column\">\n\t\t\t<div class=\"elementor-widget-wrap elementor-element-populated\">\n\t\t\t\t\t\t<div class=\"elementor-element elementor-element-f00d023 elementor-widget elementor-widget-text-editor\" data-id=\"f00d023\" data-element_type=\"widget\" data-e-type=\"widget\" data-widget_type=\"text-editor.default\">\n\t\t\t\t<div class=\"elementor-widget-container\">\n\t\t\t\t\t\t\t\t\t<p>Laseyta'n\u0131n M\u00fc\u015fteri Hizmetleri sayfas\u0131na ho\u015f geldiniz. Toptan m\u00fc\u015fterilerimize ola\u011fan\u00fcst\u00fc hizmet sunmay\u0131 taahh\u00fct ediyoruz. A\u015fa\u011f\u0131da bize nas\u0131l ula\u015fabilece\u011finiz, s\u0131k\u00e7a sorulan sorular ve ihtiya\u00e7lar\u0131n\u0131zda size yard\u0131mc\u0131 olacak di\u011fer kaynaklar hakk\u0131nda bilgiler bulacaks\u0131n\u0131z.<\/p><h3>Bize Ula\u015f\u0131n<\/h3><p>Sorular\u0131n\u0131z, endi\u015feleriniz veya destek ihtiya\u00e7lar\u0131n\u0131z i\u00e7in l\u00fctfen m\u00fc\u015fteri hizmetleri ekibimizle ileti\u015fime ge\u00e7in:<\/p><ul><li>E-posta: <a href=\"mailto:support@laseyta.com\">support@laseyta.com<\/a><\/li><li>Telefon numaras\u0131: +90 544 409 90 74<\/li><li>\u00c7al\u0131\u015fma Saatleri: Pazartesiden Cumaya, Sabah 9:00 - Ak\u015fam 5:00 (GMT+3)<\/li><\/ul><h4>S\u0131k\u00e7a Sorulan Sorular (SSS)<\/h4><dl><dt>Nas\u0131l toptan sipari\u015f verebilirim?<\/dt><dd>Bir toptan sat\u0131\u015f hesab\u0131na kaydolarak ve sat\u0131n almak istedi\u011finiz \u00fcr\u00fcnleri se\u00e7erek web sitemiz \u00fczerinden sipari\u015f verebilirsiniz.<\/dd><dt>Minimum sipari\u015f gereksinimleri nelerdir?<\/dt><dd>Tasar\u0131m ba\u015f\u0131na minimum 12 adet sipari\u015f ve minimum $750 toplam sipari\u015f de\u011feri talep ediyoruz.<\/dd><dt>Hangi \u00f6deme y\u00f6ntemlerini kabul ediyorsunuz?<\/dt><dd>Toptan sipari\u015fler i\u00e7in Kredi Kart\u0131, Banka Havalesi ve Western Union \u00d6demelerini kabul ediyoruz.<\/dd><dt>Sipari\u015fimi nas\u0131l takip edebilirim?<\/dt><dd>Sipari\u015finiz g\u00f6nderildikten sonra size e-posta yoluyla bir takip numaras\u0131 verece\u011fiz. Bu numaray\u0131 kuryenin web sitesinde g\u00f6nderinizi takip etmek i\u00e7in kullanabilirsiniz.<\/dd><dt>\u0130ade politikan\u0131z nedir?<\/dt><dd>\u0130ade ve geri \u00f6demeler hakk\u0131nda ayr\u0131nt\u0131l\u0131 bilgi i\u00e7in l\u00fctfen \u0130ade Politikas\u0131 sayfam\u0131za bak\u0131n.<\/dd><\/dl><h3>Sipari\u015f ve Nakliye<\/h3><p>Nas\u0131l sipari\u015f verilece\u011fi, nakliye \u00fccretleri ve teslimat s\u00fcreleri hakk\u0131nda bilgi almak i\u00e7in l\u00fctfen <a href=\"https:\/\/www.laseyta.com\/tr\/ordering-shipping\/\">Sipari\u015f ve Nakliye<\/a> Sayfa.<\/p><h3>\u0130adeler ve Geri \u00d6demeler<\/h3><p>Bir \u00fcr\u00fcn\u00fc iade etmeniz veya para iadesi talep etmeniz gerekiyorsa, l\u00fctfen <a href=\"https:\/\/www.laseyta.com\/tr\/returns-refunds\/\">\u0130adeler ve Geri \u00d6demeler<\/a> sayfas\u0131nda ayr\u0131nt\u0131l\u0131 talimatlar ve politikalar bulabilirsiniz.<\/p><h4>\u00dcr\u00fcn Bilgileri<\/h4><p>Teknik \u00f6zellikler ve bak\u0131m talimatlar\u0131 da dahil olmak \u00fczere \u00fcr\u00fcnlerimiz hakk\u0131nda ayr\u0131nt\u0131l\u0131 bilgi i\u00e7in l\u00fctfen <a href=\"https:\/\/www.laseyta.com\/tr\/products\/\">\u00dcr\u00fcnler<\/a> Sayfa.<\/p><h4>Geri Bildirim ve \u00d6neriler<\/h4><p>G\u00f6r\u00fc\u015f ve \u00f6nerilerinize de\u011fer veriyoruz. Hizmetlerimizi veya \u00fcr\u00fcnlerimizi nas\u0131l geli\u015ftirebilece\u011fimize dair herhangi bir fikriniz varsa, l\u00fctfen bize e-posta g\u00f6ndererek bildirin <a href=\"mailto:feedback@laseyta.com\">support@laseyta.com<\/a>.<\/p><p>Toptan sat\u0131\u015f ihtiya\u00e7lar\u0131n\u0131z i\u00e7in Laseyta'y\u0131 tercih etti\u011finiz i\u00e7in te\u015fekk\u00fcr ederiz. Size hizmet etmek i\u00e7in sab\u0131rs\u0131zlan\u0131yoruz!<\/p>\t\t\t\t\t\t\t\t<\/div>\n\t\t\t\t<\/div>\n\t\t\t\t\t<\/div>\n\t\t<\/div>\n\t\t\t\t<div class=\"elementor-column elementor-col-33 elementor-top-column elementor-element elementor-element-19870cfa\" data-id=\"19870cfa\" data-element_type=\"column\" data-e-type=\"column\">\n\t\t\t<div class=\"elementor-widget-wrap\">\n\t\t\t\t\t\t\t<\/div>\n\t\t<\/div>\n\t\t\t\t\t<\/div>\n\t\t<\/section>\n\t\t\t\t<\/div>","protected":false},"excerpt":{"rendered":"<p>Laseyta'n\u0131n M\u00fc\u015fteri Hizmetleri sayfas\u0131na ho\u015f geldiniz. Toptan m\u00fc\u015fterilerimize ola\u011fan\u00fcst\u00fc hizmet sunmay\u0131 taahh\u00fct ediyoruz. A\u015fa\u011f\u0131da bize nas\u0131l ula\u015fabilece\u011finiz, s\u0131k\u00e7a sorulan sorular ve ihtiya\u00e7lar\u0131n\u0131zda size yard\u0131mc\u0131 olacak di\u011fer kaynaklar hakk\u0131nda bilgi bulabilirsiniz. Bize Ula\u015f\u0131n Sorular\u0131n\u0131z, endi\u015feleriniz veya destek ihtiya\u00e7lar\u0131n\u0131z i\u00e7in l\u00fctfen m\u00fc\u015fteri hizmetleri ekibimizle ileti\u015fime ge\u00e7in: E-posta: [...]<\/p>","protected":false},"author":1,"featured_media":0,"parent":0,"menu_order":0,"comment_status":"closed","ping_status":"closed","template":"","meta":{"footnotes":""},"class_list":["post-17377","page","type-page","status-publish","hentry"],"_links":{"self":[{"href":"https:\/\/www.laseyta.com\/tr\/wp-json\/wp\/v2\/pages\/17377","targetHints":{"allow":["GET"]}}],"collection":[{"href":"https:\/\/www.laseyta.com\/tr\/wp-json\/wp\/v2\/pages"}],"about":[{"href":"https:\/\/www.laseyta.com\/tr\/wp-json\/wp\/v2\/types\/page"}],"author":[{"embeddable":true,"href":"https:\/\/www.laseyta.com\/tr\/wp-json\/wp\/v2\/users\/1"}],"replies":[{"embeddable":true,"href":"https:\/\/www.laseyta.com\/tr\/wp-json\/wp\/v2\/comments?post=17377"}],"version-history":[{"count":0,"href":"https:\/\/www.laseyta.com\/tr\/wp-json\/wp\/v2\/pages\/17377\/revisions"}],"wp:attachment":[{"href":"https:\/\/www.laseyta.com\/tr\/wp-json\/wp\/v2\/media?parent=17377"}],"curies":[{"name":"wp","href":"https:\/\/api.w.org\/{rel}","templated":true}]}}