{"id":19108,"date":"2022-11-02T08:47:41","date_gmt":"2022-11-02T08:47:41","guid":{"rendered":"https:\/\/motta.uix.store\/?page_id=19108"},"modified":"2022-11-02T08:47:41","modified_gmt":"2022-11-02T08:47:41","slug":"products-recently-viewed","status":"publish","type":"page","link":"https:\/\/www.laseyta.com\/tr\/products-recently-viewed\/","title":{"rendered":"Son G\u00f6r\u00fcnt\u00fclenen \u00dcr\u00fcnler"},"content":{"rendered":"<div data-elementor-type=\"wp-page\" data-elementor-id=\"19108\" class=\"elementor elementor-19108\" data-elementor-post-type=\"page\">\n\t\t\t\t\t\t<section class=\"elementor-section elementor-top-section elementor-element elementor-element-d2e032c elementor-section-boxed elementor-section-height-default elementor-section-height-default motta-responsive-column motta-tablet-column--default motta-responsive-column motta-mobile-column--default\" data-id=\"d2e032c\" data-element_type=\"section\" data-e-type=\"section\">\n\t\t\t\t\t\t<div class=\"elementor-container elementor-column-gap-default\">\n\t\t\t\t\t<div class=\"elementor-column elementor-col-100 elementor-top-column elementor-element elementor-element-e948321\" data-id=\"e948321\" data-element_type=\"column\" data-e-type=\"column\">\n\t\t\t<div class=\"elementor-widget-wrap elementor-element-populated\">\n\t\t\t\t\t\t<div class=\"elementor-element elementor-element-2268532 elementor-widget elementor-widget-motta-products-recently-viewed-grid\" data-id=\"2268532\" data-element_type=\"widget\" data-e-type=\"widget\" data-widget_type=\"motta-products-recently-viewed-grid.default\">\n\t\t\t\t<div class=\"elementor-widget-container\">\n\t\t\t\t\t        <div class=\"motta-products-recently-viewed-grid\">\r\n            <div class=\"no-ajax\" data-settings=\"{&quot;limit&quot;:8,&quot;desc&quot;:&quot;Recently Viewed Products is a function which helps you keep track of your recent viewing history.&quot;,&quot;button_text&quot;:&quot;Shop Now&quot;,&quot;button_link&quot;:{&quot;url&quot;:&quot;#&quot;,&quot;is_external&quot;:false,&quot;nofollow&quot;:false,&quot;custom_attributes&quot;:&quot;&quot;},&quot;load_ajax&quot;:&quot;&quot;}\">\r\n\t\t\t\t<div class=\"motta-products-recently-viewed__products woocommerce\">\r\n\t\t\t\t\t\t\t\t<div class=\"no-products\">\r\n\t\t\t\t<p>Son G\u00f6r\u00fcnt\u00fclenen \u00dcr\u00fcnler, son g\u00f6r\u00fcnt\u00fcleme ge\u00e7mi\u015finizi takip etmenize yard\u0131mc\u0131 olan bir i\u015flevdir.<\/p>\r\n\r\n\t\t\t\t<a href=\"#\" class=\"motta-button\">\u015eimdi Al\u0131\u015fveri\u015f Yap\u0131n<\/a>\t\t\t<\/div>\r\n\t\t\t\t\t\t\t<\/div>\r\n            <\/div>\r\n        <\/div>\r\n\t\t\t\t\t\t<\/div>\n\t\t\t\t<\/div>\n\t\t\t\t\t<\/div>\n\t\t<\/div>\n\t\t\t\t\t<\/div>\n\t\t<\/section>\n\t\t\t\t<\/div>","protected":false},"excerpt":{"rendered":"<p>Sat\u0131\u015f Kar\u015f\u0131la\u015ft\u0131rma \u0130stek Listesi AF 1 Shadow Kad\u0131n Spor Ayakkab\u0131 (Krem Rengi) Puan 5,00 \u00fczerinden 5 5,00 (1 Yorum) $129,00 $100,00 Sepete ekle H\u0131zl\u0131 G\u00f6r\u00fcn\u00fcm Sat\u0131\u015f Kar\u015f\u0131la\u015ft\u0131rma \u0130stek Listesi Sku: woo-beanie Samsung Galaxy S20+ i\u00e7in Defender Serisi Pro K\u0131l\u0131f Puan 5,00 \u00fczerinden 5 5,00 (2 Yorum) $20,00 $18,00 Sepete ekle H\u0131zl\u0131 G\u00f6r\u00fcn\u00fcm S\u0131cak Kar\u015f\u0131la\u015ft\u0131rma [...]<\/p>","protected":false},"author":1,"featured_media":0,"parent":0,"menu_order":0,"comment_status":"closed","ping_status":"closed","template":"","meta":{"footnotes":""},"class_list":["post-19108","page","type-page","status-publish","hentry"],"_links":{"self":[{"href":"https:\/\/www.laseyta.com\/tr\/wp-json\/wp\/v2\/pages\/19108","targetHints":{"allow":["GET"]}}],"collection":[{"href":"https:\/\/www.laseyta.com\/tr\/wp-json\/wp\/v2\/pages"}],"about":[{"href":"https:\/\/www.laseyta.com\/tr\/wp-json\/wp\/v2\/types\/page"}],"author":[{"embeddable":true,"href":"https:\/\/www.laseyta.com\/tr\/wp-json\/wp\/v2\/users\/1"}],"replies":[{"embeddable":true,"href":"https:\/\/www.laseyta.com\/tr\/wp-json\/wp\/v2\/comments?post=19108"}],"version-history":[{"count":0,"href":"https:\/\/www.laseyta.com\/tr\/wp-json\/wp\/v2\/pages\/19108\/revisions"}],"wp:attachment":[{"href":"https:\/\/www.laseyta.com\/tr\/wp-json\/wp\/v2\/media?parent=19108"}],"curies":[{"name":"wp","href":"https:\/\/api.w.org\/{rel}","templated":true}]}}