{"id":21446,"date":"2024-03-28T21:31:31","date_gmt":"2024-03-28T21:31:31","guid":{"rendered":"https:\/\/www.laseyta.com\/?page_id=21446"},"modified":"2024-03-28T21:39:08","modified_gmt":"2024-03-28T21:39:08","slug":"how-to-order","status":"publish","type":"page","link":"https:\/\/www.laseyta.com\/tr\/nasil-siparis-verilir\/","title":{"rendered":"Nas\u0131l Sipari\u015f Verilir"},"content":{"rendered":"<div data-elementor-type=\"wp-page\" data-elementor-id=\"21446\" class=\"elementor elementor-21446\" data-elementor-post-type=\"page\">\n\t\t\t\t\t\t<section class=\"elementor-section elementor-top-section elementor-element elementor-element-33780ff4 elementor-section-boxed elementor-section-height-default elementor-section-height-default motta-responsive-column motta-tablet-column--default motta-responsive-column motta-mobile-column--default\" data-id=\"33780ff4\" data-element_type=\"section\" data-e-type=\"section\">\n\t\t\t\t\t\t<div class=\"elementor-container elementor-column-gap-default\">\n\t\t\t\t\t<div class=\"elementor-column elementor-col-100 elementor-top-column elementor-element elementor-element-5f9a38c7\" data-id=\"5f9a38c7\" data-element_type=\"column\" data-e-type=\"column\">\n\t\t\t<div class=\"elementor-widget-wrap elementor-element-populated\">\n\t\t\t\t\t\t<div class=\"elementor-element elementor-element-3e57391a elementor-widget elementor-widget-motta-heading\" data-id=\"3e57391a\" data-element_type=\"widget\" data-e-type=\"widget\" data-widget_type=\"motta-heading.default\">\n\t\t\t\t<div class=\"elementor-widget-container\">\n\t\t\t\t\t\t\t<div class=\"motta-heading-elementor motta-heading__button-on\">\r\n\t\t\t\t<h2 class=\"motta-heading motta-heading--default\">\r\n\t\t\t\t\tBu nas\u0131l \u00e7al\u0131\u015f\u0131yor?\t\t\t\t<\/h2>\r\n\t\t\t\t\t\t\t<\/div>\r\n\t\t\t\t\t\t<\/div>\n\t\t\t\t<\/div>\n\t\t\t\t\t<\/div>\n\t\t<\/div>\n\t\t\t\t\t<\/div>\n\t\t<\/section>\n\t\t<div class=\"elementor-element elementor-element-aa83633 e-flex e-con-boxed e-con e-parent\" data-id=\"aa83633\" data-element_type=\"container\" data-e-type=\"container\">\n\t\t\t\t\t<div class=\"e-con-inner\">\n\t\t\t\t<div class=\"elementor-element elementor-element-66e3a92 elementor-widget elementor-widget-text-editor\" data-id=\"66e3a92\" data-element_type=\"widget\" data-e-type=\"widget\" data-widget_type=\"text-editor.default\">\n\t\t\t\t<div class=\"elementor-widget-container\">\n\t\t\t\t\t\t\t\t\t<p>Tak\u0131lar\u0131n\u0131z\u0131 yapmak i\u00e7in sizinle birlikte \u00e7al\u0131\u015facak bir tak\u0131 tasar\u0131mc\u0131lar\u0131 ekibimiz ve esnek \u00fcretim hatt\u0131m\u0131z var - ne istedi\u011finizi zaten biliyorsan\u0131z, \u00f6rnek bir \u00fcr\u00fcn\u00fcn\u00fcz varsa, birka\u00e7 genel fikriniz varsa veya nereden ba\u015flayaca\u011f\u0131n\u0131z\u0131 ger\u00e7ekten bilmiyorsan\u0131z.<\/p><p>Ayr\u0131ca, bu konuda \u00e7ok fazla bilginiz olmad\u0131\u011f\u0131nda m\u00fccevherlerinizi \u00e7evrimi\u00e7i olarak olu\u015fturman\u0131n ne kadar rahats\u0131z edici olabilece\u011fini de biliyoruz. Metaller, elektroplakalar, ta\u015flar, tasar\u0131m stilleri ve daha fazlas\u0131 hakk\u0131nda \u00e7ok fazla bilgi var! Bu bo\u015flu\u011fu doldurmaya yard\u0131mc\u0131 olmak i\u00e7in en iyi m\u00fc\u015fteri hizmetini sunmaya \u00e7al\u0131\u015f\u0131yoruz. Genellikle \u00e7ok say\u0131da \"do\u011fru\" se\u00e7enek vard\u0131r, bu nedenle bizim i\u015fimiz, iyi bilgilendirilmi\u015f bir karar verebilmeniz i\u00e7in t\u00fcm de\u011fi\u015f toku\u015flar\u0131 anlaman\u0131za yard\u0131mc\u0131 olmakt\u0131r. B\u00fct\u00e7enize uygun en iyi malzemeleri, se\u00e7enekleri ve ayr\u0131nt\u0131lar\u0131 bulman\u0131za yard\u0131mc\u0131 oldu\u011fumuzda i\u015fimizi do\u011fru yapm\u0131\u015f oluruz.<\/p><p>Bize biraz kendinizden ve ne arad\u0131\u011f\u0131n\u0131zdan bahsedin, biz de size m\u00fckemmel m\u00fccevher par\u00e7as\u0131n\u0131 yaratma s\u00fcrecinde rehberlik edelim<\/p>\t\t\t\t\t\t\t\t<\/div>\n\t\t\t\t<\/div>\n\t\t\t\t\t<\/div>\n\t\t\t\t<\/div>\n\t\t\t\t<section class=\"elementor-section elementor-top-section elementor-element elementor-element-59ef8020 elementor-section-boxed elementor-section-height-default elementor-section-height-default motta-responsive-column motta-tablet-column--default motta-responsive-column motta-mobile-column--default\" data-id=\"59ef8020\" data-element_type=\"section\" data-e-type=\"section\">\n\t\t\t\t\t\t<div class=\"elementor-container elementor-column-gap-default\">\n\t\t\t\t\t<div class=\"elementor-column elementor-col-100 elementor-top-column elementor-element elementor-element-1a2713eb\" data-id=\"1a2713eb\" data-element_type=\"column\" data-e-type=\"column\">\n\t\t\t<div class=\"elementor-widget-wrap elementor-element-populated\">\n\t\t\t\t\t\t<div class=\"elementor-element elementor-element-2e12d145 elementor-widget elementor-widget-motta-accordion\" data-id=\"2e12d145\" data-element_type=\"widget\" data-e-type=\"widget\" data-widget_type=\"motta-accordion.default\">\n\t\t\t\t<div class=\"elementor-widget-container\">\n\t\t\t\t\t\t\t<div class=\"motta-accordion\" role=\"tablist\">\r\n\t\t\t\t\t\t\t<div class=\"motta-accordion__item\">\r\n\t\t\t\t\t<div id=\"motta-tab-title-7721\" class=\"motta-accordion__title\" data-tab=\"1\" role=\"tab\" aria-controls=\"motta-tab-content-7721\">\r\n\t\t\t\t\t\t\t\t\t\t\t\t\t<span class=\"motta-accordion__icon motta-accordion__icon--default\" aria-hidden=\"true\"><\/span>\r\n\t\t\t\t\t\t\t\t\t\t\t\t<a class=\"motta-accordion__title-text\" href=\"#motta-tab-content-7721\">Bir proje ne kadar s\u00fcrer?<\/a>\r\n\t\t\t\t\t<\/div>\r\n\t\t\t\t\t<div id=\"motta-tab-content-7721\" class=\"motta-accordion__content clearfix\" data-tab=\"1\" role=\"tabpanel\" aria-labelledby=\"motta-tab-title-7721\"><p>Genellikle, \u00f6zel par\u00e7an\u0131z tasar\u0131m\u0131n\u0131z\u0131 tamamlad\u0131ktan 15-20 g\u00fcn sonra elinizde olur. Ancak, her proje farkl\u0131 oldu\u011fundan, projenizi tamamlamak i\u00e7in gereken s\u00fcre de\u011fi\u015febilir. \u0130\u015fte s\u00fcrecimizin her bir b\u00f6l\u00fcm\u00fcn\u00fcn ne kadar s\u00fcrd\u00fc\u011f\u00fcn\u00fcn kabaca bir d\u00f6k\u00fcm\u00fc:<\/p><p><strong>Tasar\u0131m:<\/strong> Bize m\u00fckemmel oldu\u011funu s\u00f6ylemeniz ne kadar s\u00fcrerse<\/p><p>Tasar\u0131m\u0131n\u0131z\u0131 olu\u015fturmak s\u00f6z konusu oldu\u011funda, sizin h\u0131z\u0131n\u0131za g\u00f6re \u00e7al\u0131\u015faca\u011f\u0131z. Baz\u0131 m\u00fc\u015fterilerin bizimle sadece birka\u00e7 mesaj al\u0131\u015fveri\u015finde bulunmas\u0131 yeterlidir - genellikle 15 g\u00fcn i\u00e7inde par\u00e7alar\u0131n\u0131 yapmaya haz\u0131r oluruz<\/p><p><strong>\u00d6rnek e\u015fya:<\/strong> Yakla\u015f\u0131k 7-15 g\u00fcn<\/p><p>Bir tasar\u0131m\u0131 onaylad\u0131ktan sonra, t\u00fcm ayr\u0131nt\u0131lar\u0131 elle tamamlayarak ilk \u00f6rnek \u00fcr\u00fcn\u00fc yapaca\u011f\u0131z. Haz\u0131r oldu\u011funda, size bitmi\u015f par\u00e7an\u0131z\u0131n foto\u011fraflar\u0131n\u0131 g\u00f6nderece\u011fiz, b\u00f6ylece size g\u00f6ndermeden \u00f6nce bize onay m\u00fchr\u00fcn\u00fcz\u00fc verebilirsiniz.<\/p><p><strong>Toplu \u00dcretim:<\/strong> Yakla\u015f\u0131k 2 - 6 hafta<\/p><p>\u00d6rnek \u00fcr\u00fcn\u00fcm\u00fcz\u00fc be\u011fendi\u011finizi hissetti\u011finizde, par\u00e7an\u0131z\u0131 toplu olarak \u00fcretece\u011fiz.<\/p><p><strong>Nakliye:<\/strong> 3-5 g\u00fcn<\/p><p>Uluslararas\u0131 paketleri, mevcut en h\u0131zl\u0131 hizmetlerden biri olan DHL veya Fedex arac\u0131l\u0131\u011f\u0131yla g\u00f6nderiyoruz. Bulundu\u011fu yere ba\u011fl\u0131 olarak, uluslararas\u0131 g\u00f6nderiler bazen yerel g\u00fcmr\u00fckler taraf\u0131ndan incelenmek \u00fczere geciktirilebilir ve bu da teslimat s\u00fcresini uzatabilir.<\/p><\/div>\r\n\t\t\t\t<\/div>\r\n\t\t\t\t\t\t\t<div class=\"motta-accordion__item\">\r\n\t\t\t\t\t<div id=\"motta-tab-title-7722\" class=\"motta-accordion__title\" data-tab=\"2\" role=\"tab\" aria-controls=\"motta-tab-content-7722\">\r\n\t\t\t\t\t\t\t\t\t\t\t\t\t<span class=\"motta-accordion__icon motta-accordion__icon--default\" aria-hidden=\"true\"><\/span>\r\n\t\t\t\t\t\t\t\t\t\t\t\t<a class=\"motta-accordion__title-text\" href=\"#motta-tab-content-7722\">Par\u00e7am\u0131n fiyat\u0131 ne kadar olacak?<\/a>\r\n\t\t\t\t\t<\/div>\r\n\t\t\t\t\t<div id=\"motta-tab-content-7722\" class=\"motta-accordion__content clearfix\" data-tab=\"2\" role=\"tabpanel\" aria-labelledby=\"motta-tab-title-7722\"><p>Par\u00e7an\u0131z\u0131n ne kadara mal olaca\u011f\u0131n\u0131 anlaman\u0131n en kolay yolu, bizimle bir isti\u015fare ba\u015flatmak ve ne arad\u0131\u011f\u0131n\u0131z\u0131 bize bildirmektir - sadece birka\u00e7 ayr\u0131nt\u0131yla tahmini bir maliyet sa\u011flayabiliriz.<\/p><p>Asl\u0131nda, \u00f6zelle\u015ftirme maliyetiniz ucuz fabrika fiyat\u0131 olacak, malzeme \u00fccreti, kaplama se\u00e7imi, elektroliz, ta\u015f \u00fccreti ve i\u015f\u00e7i masraflar\u0131 vb.<\/p><p>Yaln\u0131zca tek bir par\u00e7ay\u0131 \u00f6zelle\u015ftirirseniz, fiyat $50 usd + 'd\u0131r.<\/p><\/div>\r\n\t\t\t\t<\/div>\r\n\t\t\t\t\t<\/div>\r\n\t\t\t\t\t\t<\/div>\n\t\t\t\t<\/div>\n\t\t\t\t\t<\/div>\n\t\t<\/div>\n\t\t\t\t\t<\/div>\n\t\t<\/section>\n\t\t\t\t<section class=\"elementor-section elementor-top-section elementor-element elementor-element-41735927 elementor-section-full_width elementor-section-height-default elementor-section-height-default motta-responsive-column motta-tablet-column--default motta-responsive-column motta-mobile-column--default\" data-id=\"41735927\" data-element_type=\"section\" data-e-type=\"section\" data-settings=\"{&quot;background_background&quot;:&quot;classic&quot;}\">\n\t\t\t\t\t\t<div class=\"elementor-container elementor-column-gap-default\">\n\t\t\t\t\t<div class=\"elementor-column elementor-col-100 elementor-top-column elementor-element elementor-element-1dc9d538\" data-id=\"1dc9d538\" data-element_type=\"column\" data-e-type=\"column\" data-settings=\"{&quot;background_background&quot;:&quot;classic&quot;}\">\n\t\t\t<div class=\"elementor-widget-wrap elementor-element-populated\">\n\t\t\t\t\t\t<div class=\"elementor-element elementor-element-bb2e91d elementor-widget elementor-widget-motta-heading\" data-id=\"bb2e91d\" data-element_type=\"widget\" data-e-type=\"widget\" data-widget_type=\"motta-heading.default\">\n\t\t\t\t<div class=\"elementor-widget-container\">\n\t\t\t\t\t\t\t<div class=\"motta-heading-elementor motta-heading__button-on\">\r\n\t\t\t\t<h2 class=\"motta-heading motta-heading--default\">\r\n\t\t\t\t\tSize nas\u0131l yard\u0131mc\u0131 olabiliriz?\t\t\t\t<\/h2>\r\n\t\t\t\t\t\t\t<\/div>\r\n\t\t\t\t\t\t<\/div>\n\t\t\t\t<\/div>\n\t\t\t\t<div class=\"elementor-element elementor-element-c207504 elementor-widget elementor-widget-motta-heading\" data-id=\"c207504\" data-element_type=\"widget\" data-e-type=\"widget\" data-widget_type=\"motta-heading.default\">\n\t\t\t\t<div class=\"elementor-widget-container\">\n\t\t\t\t\t\t\t<div class=\"motta-heading-elementor motta-heading__button-on\">\r\n\t\t\t\t<h2 class=\"motta-heading motta-heading--default\">\r\n\t\t\t\t\tS\u00fcper kahramanlardan olu\u015fan ekibimiz <br class=\"hidden-xs\">\ni\u00e7in beklemede <br class=\"hidden-lg hiddem-sm\"> Yard\u0131m &amp; <br class=\"hidden-xs\">\nDestek!\t\t\t\t<\/h2>\r\n\t\t\t\t\t\t\t<\/div>\r\n\t\t\t\t\t\t<\/div>\n\t\t\t\t<\/div>\n\t\t\t\t<div class=\"elementor-element elementor-element-2009bc46 elementor-widget elementor-widget-motta-button\" data-id=\"2009bc46\" data-element_type=\"widget\" data-e-type=\"widget\" data-widget_type=\"motta-button.default\">\n\t\t\t\t<div class=\"elementor-widget-container\">\n\t\t\t\t\t\t\t<a class=\"motta-button motta-button-primary  motta-button--base  motta-button--large\" href=\"#\">\n\t\t\t\t\t\t\t\t\t\t\t\t<span class=\"motta-button__text\">Yard\u0131m Merkezi<\/span>\n\t\t\t\t\t\t<\/a>\n\t\t\t\t\t\t<\/div>\n\t\t\t\t<\/div>\n\t\t\t\t\t<\/div>\n\t\t<\/div>\n\t\t\t\t\t<\/div>\n\t\t<\/section>\n\t\t\t\t<\/div>","protected":false},"excerpt":{"rendered":"<p>Bu nas\u0131l i\u015fliyor? Tak\u0131lar\u0131n\u0131z\u0131 yapmak i\u00e7in sizinle birlikte \u00e7al\u0131\u015facak bir tak\u0131 tasar\u0131mc\u0131lar\u0131 ekibimiz ve esnek \u00fcretim hatt\u0131m\u0131z var - ne istedi\u011finizi zaten biliyorsan\u0131z, \u00f6rnek bir \u00fcr\u00fcn\u00fcn\u00fcz varsa, birka\u00e7 genel fikriniz varsa veya nereden ba\u015flayaca\u011f\u0131n\u0131z\u0131 ger\u00e7ekten bilmiyorsan\u0131z. Ayr\u0131ca bunun ne kadar rahats\u0131z edici oldu\u011funu da biliyoruz [...]<\/p>","protected":false},"author":1,"featured_media":0,"parent":0,"menu_order":0,"comment_status":"closed","ping_status":"closed","template":"","meta":{"footnotes":""},"class_list":["post-21446","page","type-page","status-publish","hentry"],"_links":{"self":[{"href":"https:\/\/www.laseyta.com\/tr\/wp-json\/wp\/v2\/pages\/21446","targetHints":{"allow":["GET"]}}],"collection":[{"href":"https:\/\/www.laseyta.com\/tr\/wp-json\/wp\/v2\/pages"}],"about":[{"href":"https:\/\/www.laseyta.com\/tr\/wp-json\/wp\/v2\/types\/page"}],"author":[{"embeddable":true,"href":"https:\/\/www.laseyta.com\/tr\/wp-json\/wp\/v2\/users\/1"}],"replies":[{"embeddable":true,"href":"https:\/\/www.laseyta.com\/tr\/wp-json\/wp\/v2\/comments?post=21446"}],"version-history":[{"count":0,"href":"https:\/\/www.laseyta.com\/tr\/wp-json\/wp\/v2\/pages\/21446\/revisions"}],"wp:attachment":[{"href":"https:\/\/www.laseyta.com\/tr\/wp-json\/wp\/v2\/media?parent=21446"}],"curies":[{"name":"wp","href":"https:\/\/api.w.org\/{rel}","templated":true}]}}