{"id":3,"date":"2024-03-06T07:12:13","date_gmt":"2024-03-06T07:12:13","guid":{"rendered":"https:\/\/www.laseyta.com\/?page_id=3"},"modified":"2024-03-31T10:13:26","modified_gmt":"2024-03-31T10:13:26","slug":"privacy-policy","status":"publish","type":"page","link":"https:\/\/www.laseyta.com\/tr\/gi\u0307zli\u0307li\u0307k-poli\u0307ti\u0307kasi\/","title":{"rendered":"Gizlilik Politikas\u0131"},"content":{"rendered":"<p><strong>Biz Kimiz<\/strong><\/p>\n\n\n\n<p>Web sitesi adresimiz: <a href=\"https:\/\/www.laseyta.com\/tr\/\" data-type=\"link\" data-id=\"https:\/\/www.laseyta.com\">https:\/\/www.laseyta.com<\/a>. Biz toptan bir e-ticaret platformuyuz.<\/p>\n\n\n\n<p><strong>Ki\u015fisel Verilerin Toplanmas\u0131 ve Kullan\u0131m\u0131<\/strong><\/p>\n\n\n\n<ul class=\"wp-block-list\">\n<li><strong>Yorumlar<\/strong>: Ziyaret\u00e7iler siteye yorum b\u0131rakt\u0131\u011f\u0131nda, spam tespitine yard\u0131mc\u0131 olmak i\u00e7in yorum formunda g\u00f6sterilen verileri, ziyaret\u00e7inin IP adresini ve taray\u0131c\u0131 kullan\u0131c\u0131 arac\u0131s\u0131 dizesini toplar\u0131z.<\/li>\n\n\n\n<li><strong>Medya<\/strong>: Web sitesine resim y\u00fckl\u00fcyorsan\u0131z, g\u00f6m\u00fcl\u00fc konum verileri (EXIF GPS) i\u00e7eren resimleri y\u00fcklemekten ka\u00e7\u0131nmal\u0131s\u0131n\u0131z. Web sitesinin ziyaret\u00e7ileri, web sitesindeki resimlerden herhangi bir konum verisini indirebilir ve \u00e7\u0131karabilir.<\/li>\n\n\n\n<li><strong>\u00c7erezler<\/strong>: Sitemize bir yorum b\u0131rak\u0131rsan\u0131z, ad\u0131n\u0131z\u0131, e-posta adresinizi ve web sitenizi \u00e7erezlere kaydetmeyi se\u00e7ebilirsiniz. Bunlar size kolayl\u0131k sa\u011flamak i\u00e7indir, b\u00f6ylece ba\u015fka bir yorum b\u0131rakt\u0131\u011f\u0131n\u0131zda bilgilerinizi tekrar doldurman\u0131z gerekmez. Bu \u00e7erezler bir y\u0131l boyunca saklanacakt\u0131r.<\/li>\n\n\n\n<li><strong>Kullan\u0131c\u0131 Hesaplar\u0131<\/strong>: Web sitemize kaydolan kullan\u0131c\u0131lar i\u00e7in (varsa), sa\u011flad\u0131klar\u0131 ki\u015fisel bilgileri kullan\u0131c\u0131 profillerinde saklar\u0131z. T\u00fcm kullan\u0131c\u0131lar ki\u015fisel bilgilerini istedikleri zaman g\u00f6rebilir, d\u00fczenleyebilir veya silebilir (kullan\u0131c\u0131 adlar\u0131n\u0131 de\u011fi\u015ftirememeleri hari\u00e7). Web sitesi y\u00f6neticileri de bu bilgileri g\u00f6rebilir ve d\u00fczenleyebilir.<\/li>\n<\/ul>\n\n\n\n<p><strong>Veri Kullan\u0131m\u0131<\/strong><\/p>\n\n\n\n<ul class=\"wp-block-list\">\n<li><strong>Analitik<\/strong>: Web sitemizin kullan\u0131m\u0131n\u0131 analiz etmek i\u00e7in anonim veriler toplayabiliriz.<\/li>\n\n\n\n<li><strong>\u0130\u015flemler<\/strong>: Sipari\u015f i\u015flemleri s\u0131ras\u0131nda toplanan bilgiler, sipari\u015finizi i\u015flemek ve teslim etmek i\u00e7in kullan\u0131l\u0131r. Bu bilgiler sipari\u015finizi tamamlamak ve destek sa\u011flamak i\u00e7in gereklidir.<\/li>\n\n\n\n<li><strong>Pazarlama<\/strong>: E-posta adresinizi pazarlama ileti\u015fimleri g\u00f6ndermek i\u00e7in kullanabiliriz, ancak yaln\u0131zca sizin izninizle.<\/li>\n<\/ul>\n\n\n\n<p><strong>Veri Payla\u015f\u0131m\u0131<\/strong><\/p>\n\n\n\n<ul class=\"wp-block-list\">\n<li><strong>\u00dc\u00e7\u00fcnc\u00fc Taraf Hizmet Sa\u011flay\u0131c\u0131lar<\/strong>: Bilgilerinizi, sipari\u015fleri i\u015flemek ve teslim etmek i\u00e7in gerekli olan \u00fc\u00e7\u00fcnc\u00fc taraf hizmet sa\u011flay\u0131c\u0131larla payla\u015fabiliriz.<\/li>\n\n\n\n<li><strong>Yasal Gereklilikler<\/strong>: Yasalar gerektirdi\u011finde ki\u015fisel verilerinizi uygun makamlarla payla\u015fabiliriz.<\/li>\n<\/ul>\n\n\n\n<p><strong>Veri Koruma<\/strong><\/p>\n\n\n\n<p>Web sitemizde ki\u015fisel verilerinizi korumak i\u00e7in end\u00fcstri standard\u0131 g\u00fcvenlik \u00f6nlemleri kullan\u0131lmaktad\u0131r. Ancak, internet \u00fczerinden yap\u0131lan hi\u00e7bir iletimin tamamen g\u00fcvenli oldu\u011fu garanti edilemez.<\/p>\n\n\n\n<p><strong>Veri Saklama<\/strong><\/p>\n\n\n\n<p>Ki\u015fisel verileriniz yaln\u0131zca toplanma ama\u00e7lar\u0131 i\u00e7in gerekli oldu\u011fu s\u00fcrece ve yasal gerekliliklere uygun olarak saklan\u0131r.<\/p>\n\n\n\n<p><strong>Sizin Haklar\u0131n\u0131z<\/strong><\/p>\n\n\n\n<p>Ki\u015fisel verileriniz \u00fczerinde eri\u015fim, d\u00fczeltme, silme ve veri ta\u015f\u0131nabilirli\u011fi gibi haklara sahipsiniz. Bu haklar\u0131n\u0131z\u0131 kullanmak isterseniz, l\u00fctfen bizimle ileti\u015fime ge\u00e7in.<\/p>\n\n\n\n<p><strong>Gizlilik Politikas\u0131 De\u011fi\u015fiklikleri<\/strong><\/p>\n\n\n\n<p>Gizlilik politikam\u0131z\u0131 zaman zaman g\u00fcncelleyebiliriz. En g\u00fcncel versiyonu bu sayfada bulabilirsiniz.<\/p>\n\n\n\n<p><strong>Bize Ula\u015f\u0131n<\/strong><\/p>\n\n\n\n<p>Gizlilik politikam\u0131z hakk\u0131nda herhangi bir sorunuz veya endi\u015feniz varsa, l\u00fctfen bizimle ileti\u015fime ge\u00e7in: <a href=\"mailto:info@laseyta.com\" data-type=\"mailto\" data-id=\"mailto:info@laseyta.com\">info@laseyta.com<\/a><\/p>\n\n\n\n<hr class=\"wp-block-separator has-alpha-channel-opacity\"\/>","protected":false},"excerpt":{"rendered":"<p>Biz Kimiz Web sitesi adresimiz: https:\/\/www.laseyta.com. Biz bir toptan e-ticaret platformuyuz. Ki\u015fisel Verilerin Toplanmas\u0131 ve Kullan\u0131m\u0131 Veri Kullan\u0131m\u0131 Veri Payla\u015f\u0131m\u0131 Veri Koruma Web sitemizde ki\u015fisel verilerinizi korumak i\u00e7in end\u00fcstri standard\u0131 g\u00fcvenlik \u00f6nlemleri kullan\u0131lmaktad\u0131r. Ancak, internet \u00fczerinden hi\u00e7bir iletimin tamamen g\u00fcvenli oldu\u011fu garanti edilemez. Veri Saklama Ki\u015fisel verileriniz [...]<\/p>","protected":false},"author":1,"featured_media":0,"parent":0,"menu_order":0,"comment_status":"closed","ping_status":"open","template":"","meta":{"footnotes":""},"class_list":["post-3","page","type-page","status-publish","hentry"],"_links":{"self":[{"href":"https:\/\/www.laseyta.com\/tr\/wp-json\/wp\/v2\/pages\/3","targetHints":{"allow":["GET"]}}],"collection":[{"href":"https:\/\/www.laseyta.com\/tr\/wp-json\/wp\/v2\/pages"}],"about":[{"href":"https:\/\/www.laseyta.com\/tr\/wp-json\/wp\/v2\/types\/page"}],"author":[{"embeddable":true,"href":"https:\/\/www.laseyta.com\/tr\/wp-json\/wp\/v2\/users\/1"}],"replies":[{"embeddable":true,"href":"https:\/\/www.laseyta.com\/tr\/wp-json\/wp\/v2\/comments?post=3"}],"version-history":[{"count":0,"href":"https:\/\/www.laseyta.com\/tr\/wp-json\/wp\/v2\/pages\/3\/revisions"}],"wp:attachment":[{"href":"https:\/\/www.laseyta.com\/tr\/wp-json\/wp\/v2\/media?parent=3"}],"curies":[{"name":"wp","href":"https:\/\/api.w.org\/{rel}","templated":true}]}}