{"id":21204,"date":"2024-03-27T21:23:40","date_gmt":"2024-03-27T21:23:40","guid":{"rendered":"https:\/\/www.laseyta.com\/?post_type=product&#038;p=21204"},"modified":"2024-03-28T07:13:48","modified_gmt":"2024-03-28T07:13:48","slug":"zodiac-sign-silver-necklace-capricorn","status":"publish","type":"product","link":"https:\/\/www.laseyta.com\/tr\/urun\/zodyak-burcu-gumus-kolye-oglak\/","title":{"rendered":"Bur\u00e7 G\u00fcm\u00fc\u015f Kolye-O\u011flak Burcu"},"content":{"rendered":"<p>Malzeme: 925 Ayar G\u00fcm\u00fc\u015f.<br \/>\nKolye 40+5 cm uzunlu\u011fundad\u0131r.<br \/>\n\u00dcr\u00fcn\u00fcn el yap\u0131m\u0131 olmas\u0131 nedeniyle a\u011f\u0131rl\u0131k (+-0,10) oran\u0131nda de\u011fi\u015fiklik g\u00f6sterebilir.<br \/>\n\u00dcr\u00fcn bak\u0131m\u0131: \u00c7ama\u015f\u0131r suyu, alkol, su, parf\u00fcm ve benzeri maddelerle temas\u0131ndan ka\u00e7\u0131nd\u0131\u011f\u0131n\u0131z s\u00fcrece kararmaz.<\/p>","protected":false},"excerpt":{"rendered":"<p>Malzeme: 925 Ayar G\u00fcm\u00fc\u015f. Kolye 40+5 cm uzunlu\u011fundad\u0131r. \u00dcr\u00fcn\u00fcn el yap\u0131m\u0131 olmas\u0131ndan dolay\u0131 a\u011f\u0131rl\u0131k (+-0,10) oran\u0131nda de\u011fi\u015fiklik g\u00f6sterebilir. \u00dcr\u00fcn bak\u0131m\u0131: \u00c7ama\u015f\u0131r suyu, alkol, su, parf\u00fcm ve benzeri maddelerle temas\u0131ndan ka\u00e7\u0131nd\u0131\u011f\u0131n\u0131z s\u00fcrece kararmaz.<\/p>","protected":false},"featured_media":21192,"comment_status":"open","ping_status":"closed","template":"","meta":[],"product_cat":[433,475],"product_tag":[168],"class_list":{"0":"post-21204","1":"product","2":"type-product","3":"status-publish","4":"has-post-thumbnail","6":"product_brand-laseyta","7":"product_cat-necklace-women-silver","8":"product_cat-zodiac-collection","9":"product_tag-new-arrivals","11":"first","12":"outofstock","13":"taxable","14":"shipping-taxable","15":"purchasable","16":"product-type-simple"},"_links":{"self":[{"href":"https:\/\/www.laseyta.com\/tr\/wp-json\/wp\/v2\/product\/21204","targetHints":{"allow":["GET"]}}],"collection":[{"href":"https:\/\/www.laseyta.com\/tr\/wp-json\/wp\/v2\/product"}],"about":[{"href":"https:\/\/www.laseyta.com\/tr\/wp-json\/wp\/v2\/types\/product"}],"replies":[{"embeddable":true,"href":"https:\/\/www.laseyta.com\/tr\/wp-json\/wp\/v2\/comments?post=21204"}],"wp:featuredmedia":[{"embeddable":true,"href":"https:\/\/www.laseyta.com\/tr\/wp-json\/wp\/v2\/media\/21192"}],"wp:attachment":[{"href":"https:\/\/www.laseyta.com\/tr\/wp-json\/wp\/v2\/media?parent=21204"}],"wp:term":[{"taxonomy":"product_cat","embeddable":true,"href":"https:\/\/www.laseyta.com\/tr\/wp-json\/wp\/v2\/product_cat?post=21204"},{"taxonomy":"product_tag","embeddable":true,"href":"https:\/\/www.laseyta.com\/tr\/wp-json\/wp\/v2\/product_tag?post=21204"}],"curies":[{"name":"wp","href":"https:\/\/api.w.org\/{rel}","templated":true}]}}