{"id":21234,"date":"2024-03-28T08:41:32","date_gmt":"2024-03-28T08:41:32","guid":{"rendered":"https:\/\/www.laseyta.com\/?post_type=product&#038;p=21234"},"modified":"2024-06-30T17:13:44","modified_gmt":"2024-06-30T17:13:44","slug":"14k-gold-friendship-bracelet-clover","status":"publish","type":"product","link":"https:\/\/www.laseyta.com\/tr\/urun\/14k-altin-arkadaslik-bilezigi-yonca\/","title":{"rendered":"14 Ayar Alt\u0131n Dostluk Bilezi\u011fi-Yonca"},"content":{"rendered":"<p>Malzeme 14 ayar alt\u0131n<br \/>\nBilekli\u011fin iplik rengi istek \u00fczerine de\u011fi\u015ftirilebilir\u00dcr\u00fcn\u00fcn el yap\u0131m\u0131 olmas\u0131 nedeniyle a\u011f\u0131rl\u0131k (+-0,5) oran\u0131nda de\u011fi\u015fiklik g\u00f6sterebilir.<\/p>","protected":false},"excerpt":{"rendered":"<p>Malzeme: 14 ayar alt\u0131n Bilezi\u011fin iplik rengi istek \u00fczerine de\u011fi\u015ftirilebilir\u00dcr\u00fcn\u00fcn el yap\u0131m\u0131 olmas\u0131 nedeniyle a\u011f\u0131rl\u0131k (+-0,5) oran\u0131nda farkl\u0131l\u0131k g\u00f6sterebilir.<\/p>","protected":false},"featured_media":21235,"comment_status":"open","ping_status":"closed","template":"","meta":[],"product_cat":[418],"product_tag":[],"class_list":{"0":"post-21234","1":"product","2":"type-product","3":"status-publish","4":"has-post-thumbnail","6":"product_brand-laseyta","7":"product_cat-bracelet","9":"first","10":"outofstock","11":"taxable","12":"shipping-taxable","13":"purchasable","14":"product-type-simple"},"_links":{"self":[{"href":"https:\/\/www.laseyta.com\/tr\/wp-json\/wp\/v2\/product\/21234","targetHints":{"allow":["GET"]}}],"collection":[{"href":"https:\/\/www.laseyta.com\/tr\/wp-json\/wp\/v2\/product"}],"about":[{"href":"https:\/\/www.laseyta.com\/tr\/wp-json\/wp\/v2\/types\/product"}],"replies":[{"embeddable":true,"href":"https:\/\/www.laseyta.com\/tr\/wp-json\/wp\/v2\/comments?post=21234"}],"wp:featuredmedia":[{"embeddable":true,"href":"https:\/\/www.laseyta.com\/tr\/wp-json\/wp\/v2\/media\/21235"}],"wp:attachment":[{"href":"https:\/\/www.laseyta.com\/tr\/wp-json\/wp\/v2\/media?parent=21234"}],"wp:term":[{"taxonomy":"product_cat","embeddable":true,"href":"https:\/\/www.laseyta.com\/tr\/wp-json\/wp\/v2\/product_cat?post=21234"},{"taxonomy":"product_tag","embeddable":true,"href":"https:\/\/www.laseyta.com\/tr\/wp-json\/wp\/v2\/product_tag?post=21234"}],"curies":[{"name":"wp","href":"https:\/\/api.w.org\/{rel}","templated":true}]}}