{"id":21257,"date":"2024-03-28T09:08:54","date_gmt":"2024-03-28T09:08:54","guid":{"rendered":"https:\/\/www.laseyta.com\/?post_type=product&#038;p=21257"},"modified":"2024-03-28T09:10:21","modified_gmt":"2024-03-28T09:10:21","slug":"14k-gold-friendship-bracelet-infinity-2","status":"publish","type":"product","link":"https:\/\/www.laseyta.com\/tr\/urun\/14k-altin-arkadaslik-bi\u0307lezi\u0307gi\u0307-sonsuzluk-2\/","title":{"rendered":"14 Ayar Alt\u0131n Dostluk Bilezi\u011fi-Sonsuzluk"},"content":{"rendered":"<p>Malzeme 14 ayar alt\u0131n<br \/>\nBilekli\u011fin iplik rengi istek \u00fczerine de\u011fi\u015ftirilebilir.<\/p>\n<p>\u00dcr\u00fcn\u00fcn el yap\u0131m\u0131 olmas\u0131 nedeniyle a\u011f\u0131rl\u0131k (+-0,5) oran\u0131nda de\u011fi\u015fiklik g\u00f6sterebilir.<\/p>","protected":false},"excerpt":{"rendered":"<p>Malzeme 14 ayar alt\u0131n Bilezi\u011fin iplik rengi istek \u00fczerine de\u011fi\u015ftirilebilir. \u00dcr\u00fcn\u00fcn el yap\u0131m\u0131 olmas\u0131 nedeniyle a\u011f\u0131rl\u0131k (+-0,5) oran\u0131nda de\u011fi\u015fiklik g\u00f6sterebilir.<\/p>","protected":false},"featured_media":21258,"comment_status":"open","ping_status":"closed","template":"","meta":[],"product_cat":[418,476],"product_tag":[],"class_list":{"0":"post-21257","1":"product","2":"type-product","3":"status-publish","4":"has-post-thumbnail","6":"product_brand-laseyta","7":"product_cat-bracelet","8":"product_cat-infinity-collection","10":"first","11":"outofstock","12":"taxable","13":"shipping-taxable","14":"purchasable","15":"product-type-simple"},"_links":{"self":[{"href":"https:\/\/www.laseyta.com\/tr\/wp-json\/wp\/v2\/product\/21257","targetHints":{"allow":["GET"]}}],"collection":[{"href":"https:\/\/www.laseyta.com\/tr\/wp-json\/wp\/v2\/product"}],"about":[{"href":"https:\/\/www.laseyta.com\/tr\/wp-json\/wp\/v2\/types\/product"}],"replies":[{"embeddable":true,"href":"https:\/\/www.laseyta.com\/tr\/wp-json\/wp\/v2\/comments?post=21257"}],"wp:featuredmedia":[{"embeddable":true,"href":"https:\/\/www.laseyta.com\/tr\/wp-json\/wp\/v2\/media\/21258"}],"wp:attachment":[{"href":"https:\/\/www.laseyta.com\/tr\/wp-json\/wp\/v2\/media?parent=21257"}],"wp:term":[{"taxonomy":"product_cat","embeddable":true,"href":"https:\/\/www.laseyta.com\/tr\/wp-json\/wp\/v2\/product_cat?post=21257"},{"taxonomy":"product_tag","embeddable":true,"href":"https:\/\/www.laseyta.com\/tr\/wp-json\/wp\/v2\/product_tag?post=21257"}],"curies":[{"name":"wp","href":"https:\/\/api.w.org\/{rel}","templated":true}]}}