{"id":21301,"date":"2024-03-28T10:27:58","date_gmt":"2024-03-28T10:27:58","guid":{"rendered":"https:\/\/www.laseyta.com\/?post_type=product&#038;p=21301"},"modified":"2024-03-28T10:31:06","modified_gmt":"2024-03-28T10:31:06","slug":"14k-gold-ghost-bracelet-infinity-2","status":"publish","type":"product","link":"https:\/\/www.laseyta.com\/tr\/urun\/14k-gold-ghost-bracelet-infinity-2\/","title":{"rendered":"14 Ayar Alt\u0131n Hayalet Bileklik-Sonsuzluk"},"content":{"rendered":"<p>Malzeme 14 ayar alt\u0131n<\/p>\n<p>Gram:1,56 gr<\/p>\n<p>Uzunluk : 16+3 cm<\/p>\n<p>\u00dcr\u00fcn\u00fcn el yap\u0131m\u0131 olmas\u0131 nedeniyle a\u011f\u0131rl\u0131k (+-0,5) oran\u0131nda de\u011fi\u015fiklik g\u00f6sterebilir.<\/p>","protected":false},"excerpt":{"rendered":"<p>Material: 14k gold Gram:1,56 gr Lenght : 16+3 cm Due to the handmade nature of the product, the weight may vary by (+-0.5).<\/p>","protected":false},"featured_media":21297,"comment_status":"open","ping_status":"closed","template":"","meta":[],"product_cat":[418,476],"product_tag":[],"class_list":{"0":"post-21301","1":"product","2":"type-product","3":"status-publish","4":"has-post-thumbnail","6":"product_brand-laseyta","7":"product_cat-bracelet","8":"product_cat-infinity-collection","10":"first","11":"outofstock","12":"taxable","13":"shipping-taxable","14":"purchasable","15":"product-type-simple"},"_links":{"self":[{"href":"https:\/\/www.laseyta.com\/tr\/wp-json\/wp\/v2\/product\/21301","targetHints":{"allow":["GET"]}}],"collection":[{"href":"https:\/\/www.laseyta.com\/tr\/wp-json\/wp\/v2\/product"}],"about":[{"href":"https:\/\/www.laseyta.com\/tr\/wp-json\/wp\/v2\/types\/product"}],"replies":[{"embeddable":true,"href":"https:\/\/www.laseyta.com\/tr\/wp-json\/wp\/v2\/comments?post=21301"}],"wp:featuredmedia":[{"embeddable":true,"href":"https:\/\/www.laseyta.com\/tr\/wp-json\/wp\/v2\/media\/21297"}],"wp:attachment":[{"href":"https:\/\/www.laseyta.com\/tr\/wp-json\/wp\/v2\/media?parent=21301"}],"wp:term":[{"taxonomy":"product_cat","embeddable":true,"href":"https:\/\/www.laseyta.com\/tr\/wp-json\/wp\/v2\/product_cat?post=21301"},{"taxonomy":"product_tag","embeddable":true,"href":"https:\/\/www.laseyta.com\/tr\/wp-json\/wp\/v2\/product_tag?post=21301"}],"curies":[{"name":"wp","href":"https:\/\/api.w.org\/{rel}","templated":true}]}}