{"id":21377,"date":"2024-03-28T15:56:05","date_gmt":"2024-03-28T15:56:05","guid":{"rendered":"https:\/\/www.laseyta.com\/?post_type=product&#038;p=21377"},"modified":"2024-07-28T13:47:09","modified_gmt":"2024-07-28T13:47:09","slug":"14k-gold-mini-stud-earing-zircon-ball-black","status":"publish","type":"product","link":"https:\/\/www.laseyta.com\/tr\/urun\/14k-gold-mini-stud-earing-zircon-ball-black\/","title":{"rendered":"14 Ayar Alt\u0131n Mini Saplama K\u00fcpe-Zirkon Top \/siyah"},"content":{"rendered":"<p>Malzeme:14 ayar alt\u0131n<\/p>\n<p>Gram :1,60 <span style=\"font-family: var(--mt-font__main); font-size: 1rem;\">gr<\/span><\/p>\n<p>\u00dcr\u00fcn\u00fcn el yap\u0131m\u0131 olmas\u0131 nedeniyle a\u011f\u0131rl\u0131k (+-0,5) oran\u0131nda de\u011fi\u015fiklik g\u00f6sterebilir.<\/p>","protected":false},"excerpt":{"rendered":"<p>Malzeme:14 Ayar Alt\u0131n Gram :1,60 gr \u00dcr\u00fcn\u00fcn el yap\u0131m\u0131 olmas\u0131 sebebiyle a\u011f\u0131rl\u0131k (+-0,5) oran\u0131nda farkl\u0131l\u0131k g\u00f6sterebilir.<\/p>","protected":false},"featured_media":21378,"comment_status":"open","ping_status":"closed","template":"","meta":[],"product_cat":[417],"product_tag":[],"class_list":{"0":"post-21377","1":"product","2":"type-product","3":"status-publish","4":"has-post-thumbnail","6":"product_brand-laseyta","7":"product_cat-earrings","9":"first","10":"outofstock","11":"taxable","12":"shipping-taxable","13":"purchasable","14":"product-type-simple"},"_links":{"self":[{"href":"https:\/\/www.laseyta.com\/tr\/wp-json\/wp\/v2\/product\/21377","targetHints":{"allow":["GET"]}}],"collection":[{"href":"https:\/\/www.laseyta.com\/tr\/wp-json\/wp\/v2\/product"}],"about":[{"href":"https:\/\/www.laseyta.com\/tr\/wp-json\/wp\/v2\/types\/product"}],"replies":[{"embeddable":true,"href":"https:\/\/www.laseyta.com\/tr\/wp-json\/wp\/v2\/comments?post=21377"}],"wp:featuredmedia":[{"embeddable":true,"href":"https:\/\/www.laseyta.com\/tr\/wp-json\/wp\/v2\/media\/21378"}],"wp:attachment":[{"href":"https:\/\/www.laseyta.com\/tr\/wp-json\/wp\/v2\/media?parent=21377"}],"wp:term":[{"taxonomy":"product_cat","embeddable":true,"href":"https:\/\/www.laseyta.com\/tr\/wp-json\/wp\/v2\/product_cat?post=21377"},{"taxonomy":"product_tag","embeddable":true,"href":"https:\/\/www.laseyta.com\/tr\/wp-json\/wp\/v2\/product_tag?post=21377"}],"curies":[{"name":"wp","href":"https:\/\/api.w.org\/{rel}","templated":true}]}}