{"id":21589,"date":"2024-03-31T10:25:58","date_gmt":"2024-03-31T10:25:58","guid":{"rendered":"https:\/\/www.laseyta.com\/?post_type=product&#038;p=21589"},"modified":"2024-03-31T10:29:10","modified_gmt":"2024-03-31T10:29:10","slug":"silver-evileye-ring-3","status":"publish","type":"product","link":"https:\/\/www.laseyta.com\/tr\/urun\/silver-evileye-ring-3\/","title":{"rendered":"G\u00fcm\u00fc\u015f Evileye Y\u00fcz\u00fck"},"content":{"rendered":"<p>Malzeme:925 ayar g\u00fcm\u00fc\u015f<\/p>\n<p>Serbest boy<\/p>\n<p>\u00dcr\u00fcn\u00fcn el yap\u0131m\u0131 olmas\u0131 nedeniyle a\u011f\u0131rl\u0131k (+-0,1) oran\u0131nda de\u011fi\u015fiklik g\u00f6sterebilir.<\/p>\n<p>&nbsp;<\/p>","protected":false},"excerpt":{"rendered":"<p>Malzeme: 925 ayar g\u00fcm\u00fc\u015f Serbest \u00f6l\u00e7\u00fc \u00dcr\u00fcn\u00fcn el yap\u0131m\u0131 olmas\u0131ndan dolay\u0131 a\u011f\u0131rl\u0131k (+-0,1) oran\u0131nda de\u011fi\u015fiklik g\u00f6sterebilir. &nbsp;<\/p>","protected":false},"featured_media":21550,"comment_status":"open","ping_status":"closed","template":"","meta":[],"product_cat":[466,436],"product_tag":[],"class_list":{"0":"post-21589","1":"product","2":"type-product","3":"status-publish","4":"has-post-thumbnail","6":"product_brand-laseyta","7":"product_cat-evil-eye-collection","8":"product_cat-ring-women-silver","10":"first","11":"outofstock","12":"taxable","13":"shipping-taxable","14":"purchasable","15":"product-type-simple"},"_links":{"self":[{"href":"https:\/\/www.laseyta.com\/tr\/wp-json\/wp\/v2\/product\/21589","targetHints":{"allow":["GET"]}}],"collection":[{"href":"https:\/\/www.laseyta.com\/tr\/wp-json\/wp\/v2\/product"}],"about":[{"href":"https:\/\/www.laseyta.com\/tr\/wp-json\/wp\/v2\/types\/product"}],"replies":[{"embeddable":true,"href":"https:\/\/www.laseyta.com\/tr\/wp-json\/wp\/v2\/comments?post=21589"}],"wp:featuredmedia":[{"embeddable":true,"href":"https:\/\/www.laseyta.com\/tr\/wp-json\/wp\/v2\/media\/21550"}],"wp:attachment":[{"href":"https:\/\/www.laseyta.com\/tr\/wp-json\/wp\/v2\/media?parent=21589"}],"wp:term":[{"taxonomy":"product_cat","embeddable":true,"href":"https:\/\/www.laseyta.com\/tr\/wp-json\/wp\/v2\/product_cat?post=21589"},{"taxonomy":"product_tag","embeddable":true,"href":"https:\/\/www.laseyta.com\/tr\/wp-json\/wp\/v2\/product_tag?post=21589"}],"curies":[{"name":"wp","href":"https:\/\/api.w.org\/{rel}","templated":true}]}}