{"id":21688,"date":"2024-03-31T17:52:51","date_gmt":"2024-03-31T17:52:51","guid":{"rendered":"https:\/\/www.laseyta.com\/?post_type=product&#038;p=21688"},"modified":"2024-03-31T17:53:24","modified_gmt":"2024-03-31T17:53:24","slug":"silver-single-stone-necklace-3","status":"publish","type":"product","link":"https:\/\/www.laseyta.com\/tr\/urun\/gumus-tek-tas-kolye-3\/","title":{"rendered":"G\u00fcm\u00fc\u015f Tek Ta\u015f Kolye"},"content":{"rendered":"<p>Malzeme:925 ayar g\u00fcm\u00fc\u015f<\/p>\n<p>Uzunluk : 40+5 cm<\/p>\n<p>\u00dcr\u00fcn\u00fcn el yap\u0131m\u0131 olmas\u0131 nedeniyle a\u011f\u0131rl\u0131k (+-0,5) oran\u0131nda de\u011fi\u015fiklik g\u00f6sterebilir.<\/p>","protected":false},"excerpt":{"rendered":"<p>Malzeme:925 ayar g\u00fcm\u00fc\u015f<\/p>\n<p>Uzunluk : 40+5 cm<\/p>\n<p>\u00dcr\u00fcn\u00fcn el yap\u0131m\u0131 olmas\u0131 nedeniyle a\u011f\u0131rl\u0131k (+-0,5) oran\u0131nda de\u011fi\u015fiklik g\u00f6sterebilir.<\/p>","protected":false},"featured_media":21681,"comment_status":"open","ping_status":"closed","template":"","meta":[],"product_cat":[433],"product_tag":[],"class_list":{"0":"post-21688","1":"product","2":"type-product","3":"status-publish","4":"has-post-thumbnail","6":"product_brand-laseyta","7":"product_cat-necklace-women-silver","9":"first","10":"outofstock","11":"taxable","12":"shipping-taxable","13":"purchasable","14":"product-type-simple"},"_links":{"self":[{"href":"https:\/\/www.laseyta.com\/tr\/wp-json\/wp\/v2\/product\/21688","targetHints":{"allow":["GET"]}}],"collection":[{"href":"https:\/\/www.laseyta.com\/tr\/wp-json\/wp\/v2\/product"}],"about":[{"href":"https:\/\/www.laseyta.com\/tr\/wp-json\/wp\/v2\/types\/product"}],"replies":[{"embeddable":true,"href":"https:\/\/www.laseyta.com\/tr\/wp-json\/wp\/v2\/comments?post=21688"}],"wp:featuredmedia":[{"embeddable":true,"href":"https:\/\/www.laseyta.com\/tr\/wp-json\/wp\/v2\/media\/21681"}],"wp:attachment":[{"href":"https:\/\/www.laseyta.com\/tr\/wp-json\/wp\/v2\/media?parent=21688"}],"wp:term":[{"taxonomy":"product_cat","embeddable":true,"href":"https:\/\/www.laseyta.com\/tr\/wp-json\/wp\/v2\/product_cat?post=21688"},{"taxonomy":"product_tag","embeddable":true,"href":"https:\/\/www.laseyta.com\/tr\/wp-json\/wp\/v2\/product_tag?post=21688"}],"curies":[{"name":"wp","href":"https:\/\/api.w.org\/{rel}","templated":true}]}}