{"id":21870,"date":"2024-05-20T08:17:48","date_gmt":"2024-05-20T08:17:48","guid":{"rendered":"https:\/\/www.laseyta.com\/?post_type=product&#038;p=21870"},"modified":"2024-05-20T09:13:59","modified_gmt":"2024-05-20T09:13:59","slug":"silver-cross-bracelet","status":"publish","type":"product","link":"https:\/\/www.laseyta.com\/tr\/urun\/gumus-hac-bilezik\/","title":{"rendered":"G\u00fcm\u00fc\u015f Ha\u00e7 Bileklik"},"content":{"rendered":"<p>Malzeme: 925 ayar g\u00fcm\u00fc\u015f<\/p>\n<p>Uzunluk : 16+3 cm<\/p>\n<p>\u00dcr\u00fcn el yap\u0131m\u0131 oldu\u011fundan gramaj (+-0,5) kadar de\u011fi\u015fiklik g\u00f6sterebilir.<\/p>","protected":false},"excerpt":{"rendered":"<p>Malzeme: 925 ayar g\u00fcm\u00fc\u015f Uzunluk : 16+3 cm \u00dcr\u00fcn el yap\u0131m\u0131 oldu\u011fundan gramaj (+-0,5) kadar de\u011fi\u015fiklik g\u00f6sterebilir.<\/p>","protected":false},"featured_media":21884,"comment_status":"open","ping_status":"closed","template":"","meta":[],"product_cat":[437,470],"product_tag":[],"class_list":{"0":"post-21870","1":"product","2":"type-product","3":"status-publish","4":"has-post-thumbnail","6":"product_brand-laseyta","7":"product_cat-bangle-women-silver","8":"product_cat-cross-collection","10":"first","11":"outofstock","12":"taxable","13":"shipping-taxable","14":"purchasable","15":"product-type-simple"},"_links":{"self":[{"href":"https:\/\/www.laseyta.com\/tr\/wp-json\/wp\/v2\/product\/21870","targetHints":{"allow":["GET"]}}],"collection":[{"href":"https:\/\/www.laseyta.com\/tr\/wp-json\/wp\/v2\/product"}],"about":[{"href":"https:\/\/www.laseyta.com\/tr\/wp-json\/wp\/v2\/types\/product"}],"replies":[{"embeddable":true,"href":"https:\/\/www.laseyta.com\/tr\/wp-json\/wp\/v2\/comments?post=21870"}],"wp:featuredmedia":[{"embeddable":true,"href":"https:\/\/www.laseyta.com\/tr\/wp-json\/wp\/v2\/media\/21884"}],"wp:attachment":[{"href":"https:\/\/www.laseyta.com\/tr\/wp-json\/wp\/v2\/media?parent=21870"}],"wp:term":[{"taxonomy":"product_cat","embeddable":true,"href":"https:\/\/www.laseyta.com\/tr\/wp-json\/wp\/v2\/product_cat?post=21870"},{"taxonomy":"product_tag","embeddable":true,"href":"https:\/\/www.laseyta.com\/tr\/wp-json\/wp\/v2\/product_tag?post=21870"}],"curies":[{"name":"wp","href":"https:\/\/api.w.org\/{rel}","templated":true}]}}