{"id":21899,"date":"2024-05-20T19:11:08","date_gmt":"2024-05-20T19:11:08","guid":{"rendered":"https:\/\/www.laseyta.com\/?post_type=product&#038;p=21899"},"modified":"2024-05-20T19:19:24","modified_gmt":"2024-05-20T19:19:24","slug":"handmade-evileye-pillow-3","status":"publish","type":"product","link":"https:\/\/www.laseyta.com\/tr\/urun\/el-yapimi-evileye-yastik-3\/","title":{"rendered":"El Yap\u0131m\u0131 Evileye Yast\u0131k"},"content":{"rendered":"","protected":false},"excerpt":{"rendered":"","protected":false},"featured_media":21900,"comment_status":"open","ping_status":"closed","template":"","meta":[],"product_cat":[458,463],"product_tag":[],"class_list":{"0":"post-21899","1":"product","2":"type-product","3":"status-publish","4":"has-post-thumbnail","6":"product_brand-laseyta","7":"product_cat-accessories","8":"product_cat-home-accessories","10":"first","11":"outofstock","12":"taxable","13":"shipping-taxable","14":"purchasable","15":"product-type-simple"},"_links":{"self":[{"href":"https:\/\/www.laseyta.com\/tr\/wp-json\/wp\/v2\/product\/21899","targetHints":{"allow":["GET"]}}],"collection":[{"href":"https:\/\/www.laseyta.com\/tr\/wp-json\/wp\/v2\/product"}],"about":[{"href":"https:\/\/www.laseyta.com\/tr\/wp-json\/wp\/v2\/types\/product"}],"replies":[{"embeddable":true,"href":"https:\/\/www.laseyta.com\/tr\/wp-json\/wp\/v2\/comments?post=21899"}],"wp:featuredmedia":[{"embeddable":true,"href":"https:\/\/www.laseyta.com\/tr\/wp-json\/wp\/v2\/media\/21900"}],"wp:attachment":[{"href":"https:\/\/www.laseyta.com\/tr\/wp-json\/wp\/v2\/media?parent=21899"}],"wp:term":[{"taxonomy":"product_cat","embeddable":true,"href":"https:\/\/www.laseyta.com\/tr\/wp-json\/wp\/v2\/product_cat?post=21899"},{"taxonomy":"product_tag","embeddable":true,"href":"https:\/\/www.laseyta.com\/tr\/wp-json\/wp\/v2\/product_tag?post=21899"}],"curies":[{"name":"wp","href":"https:\/\/api.w.org\/{rel}","templated":true}]}}