{"id":21955,"date":"2024-05-28T06:06:30","date_gmt":"2024-05-28T06:06:30","guid":{"rendered":"https:\/\/www.laseyta.com\/?post_type=product&#038;p=21955"},"modified":"2026-05-03T07:49:22","modified_gmt":"2026-05-03T07:49:22","slug":"magnetic-lucky-bracelet-gold","status":"publish","type":"product","link":"https:\/\/www.laseyta.com\/tr\/urun\/manyetik-sans-bilezigi-altin\/","title":{"rendered":"Manyetik \u015eans Bilezi\u011fi\/Alt\u0131n"},"content":{"rendered":"<p><span style=\"vertical-align: inherit;\"><span style=\"vertical-align: inherit;\"><span style=\"vertical-align: inherit;\"><span style=\"vertical-align: inherit;\">Malzeme: manyetik kordon, tekstil <\/span><\/span><\/span><\/span><br \/>\n<span style=\"vertical-align: inherit;\"><span style=\"vertical-align: inherit;\"><span style=\"vertical-align: inherit;\"><span style=\"vertical-align: inherit;\">Uzunluk: 510mm\/(20,1in\u00e7) <\/span><\/span><\/span><\/span><br \/>\n<span style=\"vertical-align: inherit;\"><span style=\"vertical-align: inherit;\"><span style=\"vertical-align: inherit;\"><span style=\"vertical-align: inherit;\">Kal\u0131nl\u0131k: 2 MM <\/span><\/span><\/span><\/span><br \/>\n<span style=\"vertical-align: inherit;\"><span style=\"vertical-align: inherit;\"><span style=\"vertical-align: inherit;\"><span style=\"vertical-align: inherit;\">A\u011f\u0131rl\u0131k: 0,01 KG<\/span><\/span><\/span><\/span><\/p>\n<p>&nbsp;<\/p>\n<p><span style=\"vertical-align: inherit;\"><span style=\"vertical-align: inherit;\">Kar\u0131\u015ft\u0131rma ve e\u015fle\u015ftirme, tak\u0131lar\u0131n\u0131z\u0131 ki\u015fiselle\u015ftirmenin e\u011flenceli bir yoludur. Ki\u015fisel tarz\u0131n\u0131z\u0131 yans\u0131tan kombinler yarat\u0131n. \u015eansl\u0131 ip ayn\u0131 zamanda y\u00fczeyde zay\u0131f bir manyetik kuvvete sahip oldu\u011fundan temas halinde hemen ba\u011flanmas\u0131na neden olan el \u00fcst\u00fcnde tutma ipi olarak da adland\u0131r\u0131l\u0131r. Bu hayatta sevgiyi, kar\u015f\u0131l\u0131kl\u0131 ba\u011f\u0131ml\u0131l\u0131\u011f\u0131 ve kar\u015f\u0131l\u0131kl\u0131 takdiri sembolize eder. Ruh halinize g\u00f6re \u00e7ekicili\u011finizi de\u011fi\u015ftirin.<\/span><\/span><\/p>\n<p><span style=\"vertical-align: inherit;\"><span style=\"vertical-align: inherit;\">Manyetik tasmalar g\u00fcnl\u00fck k\u0131yafetleriniz i\u00e7in m\u00fckemmel bir aksesuard\u0131r ve stilinizle kar\u0131\u015ft\u0131r\u0131p e\u015fle\u015ftirmenize olanak tan\u0131r. Sorunsuz ba\u011flant\u0131 ve kolay uzunluk ayarlamalar\u0131 sa\u011flar. Uzunlu\u011funu ayarlay\u0131n ve bilezik, kolye veya halhal olarak kullanmak \u00fczere en sevdi\u011finiz tak\u0131larla s\u00fcsleyin. \u015eansl\u0131 halat bir\u00e7ok renkte mevcuttur, bu da onu \u015f\u0131k ve \u00e7ok y\u00f6nl\u00fc k\u0131lar. \u015eans sana g\u00fclecek.<\/span><\/span><\/p>","protected":false},"excerpt":{"rendered":"<blockquote><p>&nbsp;<\/p><\/blockquote>\n<p><!--more--><\/p>","protected":false},"featured_media":21958,"comment_status":"open","ping_status":"closed","template":"","meta":[],"product_cat":[455,437,420,435,418,453,449,477],"product_tag":[160,183],"class_list":{"0":"post-21955","1":"product","2":"type-product","3":"status-publish","4":"has-post-thumbnail","6":"product_brand-laseyta","7":"product_cat-bangle-women-costume-jewelry","8":"product_cat-bangle-women-silver","9":"product_cat-bangle","10":"product_cat-bracelet-women-silver","11":"product_cat-bracelet","12":"product_cat-bracelet-women-costume-jewelry","13":"product_cat-costume-jewelry","14":"product_cat-magnetic-jewelry","15":"product_tag-most-viewed-products","16":"product_tag-popular-products","18":"first","19":"instock","20":"taxable","21":"shipping-taxable","22":"purchasable","23":"product-type-simple"},"_links":{"self":[{"href":"https:\/\/www.laseyta.com\/tr\/wp-json\/wp\/v2\/product\/21955","targetHints":{"allow":["GET"]}}],"collection":[{"href":"https:\/\/www.laseyta.com\/tr\/wp-json\/wp\/v2\/product"}],"about":[{"href":"https:\/\/www.laseyta.com\/tr\/wp-json\/wp\/v2\/types\/product"}],"replies":[{"embeddable":true,"href":"https:\/\/www.laseyta.com\/tr\/wp-json\/wp\/v2\/comments?post=21955"}],"wp:featuredmedia":[{"embeddable":true,"href":"https:\/\/www.laseyta.com\/tr\/wp-json\/wp\/v2\/media\/21958"}],"wp:attachment":[{"href":"https:\/\/www.laseyta.com\/tr\/wp-json\/wp\/v2\/media?parent=21955"}],"wp:term":[{"taxonomy":"product_cat","embeddable":true,"href":"https:\/\/www.laseyta.com\/tr\/wp-json\/wp\/v2\/product_cat?post=21955"},{"taxonomy":"product_tag","embeddable":true,"href":"https:\/\/www.laseyta.com\/tr\/wp-json\/wp\/v2\/product_tag?post=21955"}],"curies":[{"name":"wp","href":"https:\/\/api.w.org\/{rel}","templated":true}]}}