{"id":22005,"date":"2024-06-02T09:09:22","date_gmt":"2024-06-02T09:09:22","guid":{"rendered":"https:\/\/www.laseyta.com\/?post_type=product&#038;p=22005"},"modified":"2024-06-02T09:12:04","modified_gmt":"2024-06-02T09:12:04","slug":"silver-birthstone-necklace-square-stone-july-ruby","status":"publish","type":"product","link":"https:\/\/www.laseyta.com\/tr\/urun\/gumus-dogum-tasi-kolye-kare-tas-temmuz-yakut\/","title":{"rendered":"G\u00fcm\u00fc\u015f Birthstone Kolye \/Kare Ta\u015fl\u0131 -Temmuz-Ruby"},"content":{"rendered":"<p><span style=\"vertical-align: inherit;\"><span style=\"vertical-align: inherit;\"><span style=\"vertical-align: inherit;\"><span style=\"vertical-align: inherit;\"><span style=\"vertical-align: inherit;\"><span style=\"vertical-align: inherit;\"><span style=\"vertical-align: inherit;\"><span style=\"vertical-align: inherit;\"><span style=\"vertical-align: inherit;\"><span style=\"vertical-align: inherit;\"><span style=\"vertical-align: inherit;\"><span style=\"vertical-align: inherit;\"><span style=\"vertical-align: inherit;\"><span style=\"vertical-align: inherit;\"><span style=\"vertical-align: inherit;\"><span style=\"vertical-align: inherit;\"><span style=\"vertical-align: inherit;\"><span style=\"vertical-align: inherit;\"><span style=\"vertical-align: inherit;\"><span style=\"vertical-align: inherit;\">Malzeme: 925 ayar g\u00fcm\u00fc\u015f<\/span><\/span><\/span><\/span><\/span><\/span><\/span><\/span><\/span><\/span><\/span><\/span><\/span><\/span><\/span><\/span><\/span><\/span><\/span><\/span><\/p>\n<p><span style=\"vertical-align: inherit;\"><span style=\"vertical-align: inherit;\"><span style=\"vertical-align: inherit;\"><span style=\"vertical-align: inherit;\"><span style=\"vertical-align: inherit;\"><span style=\"vertical-align: inherit;\"><span style=\"vertical-align: inherit;\"><span style=\"vertical-align: inherit;\"><span style=\"vertical-align: inherit;\"><span style=\"vertical-align: inherit;\"><span style=\"vertical-align: inherit;\"><span style=\"vertical-align: inherit;\"><span style=\"vertical-align: inherit;\"><span style=\"vertical-align: inherit;\"><span style=\"vertical-align: inherit;\"><span style=\"vertical-align: inherit;\"><span style=\"vertical-align: inherit;\"><span style=\"vertical-align: inherit;\"><span style=\"vertical-align: inherit;\"><span style=\"vertical-align: inherit;\">Uzunluk : 40+5 cm<\/span><\/span><\/span><\/span><\/span><\/span><\/span><\/span><\/span><\/span><\/span><\/span><\/span><\/span><\/span><\/span><\/span><\/span><\/span><\/span><\/p>\n<p><span style=\"vertical-align: inherit;\"><span style=\"vertical-align: inherit;\"><span style=\"vertical-align: inherit;\"><span style=\"vertical-align: inherit;\"><span style=\"vertical-align: inherit;\"><span style=\"vertical-align: inherit;\"><span style=\"vertical-align: inherit;\"><span style=\"vertical-align: inherit;\"><span style=\"vertical-align: inherit;\"><span style=\"vertical-align: inherit;\"><span style=\"vertical-align: inherit;\"><span style=\"vertical-align: inherit;\"><span style=\"vertical-align: inherit;\"><span style=\"vertical-align: inherit;\"><span style=\"vertical-align: inherit;\"><span style=\"vertical-align: inherit;\"><span style=\"vertical-align: inherit;\"><span style=\"vertical-align: inherit;\"><span style=\"vertical-align: inherit;\"><span style=\"vertical-align: inherit;\">\u00dcr\u00fcn el yap\u0131m\u0131 oldu\u011fundan gramaj (+-0,5) kadar de\u011fi\u015fiklik yap\u0131labilir.<\/span><\/span><\/span><\/span><\/span><\/span><\/span><\/span><\/span><\/span><\/span><\/span><\/span><\/span><\/span><\/span><\/span><\/span><\/span><\/span><\/p>","protected":false},"excerpt":{"rendered":"<p><span style=\"vertical-align: inherit;\"><span style=\"vertical-align: inherit;\"><span style=\"vertical-align: inherit;\"><span style=\"vertical-align: inherit;\"><span style=\"vertical-align: inherit;\"><span style=\"vertical-align: inherit;\">Malzeme: 925 ayar g\u00fcm\u00fc\u015f<\/span><\/span><\/span><\/span><\/span><\/span><\/p>\n<p><span style=\"vertical-align: inherit;\"><span style=\"vertical-align: inherit;\"><span style=\"vertical-align: inherit;\"><span style=\"vertical-align: inherit;\"><span style=\"vertical-align: inherit;\"><span style=\"vertical-align: inherit;\">Uzunluk : 40+5 cm<\/span><\/span><\/span><\/span><\/span><\/span><\/p>\n<p><span style=\"vertical-align: inherit;\"><span style=\"vertical-align: inherit;\"><span style=\"vertical-align: inherit;\"><span style=\"vertical-align: inherit;\"><span style=\"vertical-align: inherit;\"><span style=\"vertical-align: inherit;\">\u00dcr\u00fcn el yap\u0131m\u0131 oldu\u011fundan gramaj (+-0,5) kadar de\u011fi\u015fiklik yap\u0131labilir.<\/span><\/span><\/span><\/span><\/span><\/span><\/p>","protected":false},"featured_media":21988,"comment_status":"open","ping_status":"closed","template":"","meta":[],"product_cat":[433,431,432,475],"product_tag":[],"class_list":{"0":"post-22005","1":"product","2":"type-product","3":"status-publish","4":"has-post-thumbnail","6":"product_brand-laseyta","7":"product_cat-necklace-women-silver","8":"product_cat-silver","9":"product_cat-women-silver","10":"product_cat-zodiac-collection","12":"first","13":"outofstock","14":"taxable","15":"shipping-taxable","16":"purchasable","17":"product-type-simple"},"_links":{"self":[{"href":"https:\/\/www.laseyta.com\/tr\/wp-json\/wp\/v2\/product\/22005","targetHints":{"allow":["GET"]}}],"collection":[{"href":"https:\/\/www.laseyta.com\/tr\/wp-json\/wp\/v2\/product"}],"about":[{"href":"https:\/\/www.laseyta.com\/tr\/wp-json\/wp\/v2\/types\/product"}],"replies":[{"embeddable":true,"href":"https:\/\/www.laseyta.com\/tr\/wp-json\/wp\/v2\/comments?post=22005"}],"wp:featuredmedia":[{"embeddable":true,"href":"https:\/\/www.laseyta.com\/tr\/wp-json\/wp\/v2\/media\/21988"}],"wp:attachment":[{"href":"https:\/\/www.laseyta.com\/tr\/wp-json\/wp\/v2\/media?parent=22005"}],"wp:term":[{"taxonomy":"product_cat","embeddable":true,"href":"https:\/\/www.laseyta.com\/tr\/wp-json\/wp\/v2\/product_cat?post=22005"},{"taxonomy":"product_tag","embeddable":true,"href":"https:\/\/www.laseyta.com\/tr\/wp-json\/wp\/v2\/product_tag?post=22005"}],"curies":[{"name":"wp","href":"https:\/\/api.w.org\/{rel}","templated":true}]}}