{"id":22233,"date":"2024-07-08T17:13:47","date_gmt":"2024-07-08T17:13:47","guid":{"rendered":"https:\/\/www.laseyta.com\/?post_type=product&#038;p=22233"},"modified":"2024-07-23T07:38:12","modified_gmt":"2024-07-23T07:38:12","slug":"silver-handmade-evileye-earring","status":"publish","type":"product","link":"https:\/\/www.laseyta.com\/tr\/urun\/silver-handmade-evileye-earing\/","title":{"rendered":"G\u00fcm\u00fc\u015f El Yap\u0131m\u0131 Nazarl\u0131k K\u00fcpe"},"content":{"rendered":"<p>Hayat\u0131n\u0131za zarafet ve koruma getirmek i\u00e7in tasarlanm\u0131\u015f zarif El Yap\u0131m\u0131 G\u00f6z K\u00fcpemizle tan\u0131\u015f\u0131n. Her bir k\u00fcpe, dayan\u0131kl\u0131l\u0131k ve zamans\u0131z bir parlakl\u0131k sa\u011flamak i\u00e7in y\u00fcksek kaliteli g\u00fcm\u00fc\u015ften titizlikle \u00fcretilmi\u015ftir. G\u00fczel bir \u015fekilde detayland\u0131r\u0131lm\u0131\u015f nazar boncu\u011fu, koruma ve iyi \u015fans\u0131 sembolize ederek bu k\u00fcpeleri yaln\u0131zca \u015f\u0131k bir aksesuar de\u011fil, ayn\u0131 zamanda anlaml\u0131 bir t\u0131ls\u0131m haline getirir.<\/p>\n<p>Her durum i\u00e7in m\u00fckemmel olan bu k\u00fcpeler, g\u00fcnl\u00fck g\u00f6r\u00fcn\u00fcm\u00fcn\u00fcze sofistike bir dokunu\u015f katar veya gece k\u0131yafetlerinizi tamamlar. \u0130ster kendinizi \u015f\u0131mart\u0131yor olun, ister \u00f6zenli bir hediye ar\u0131yor olun, El Yap\u0131m\u0131 Evileye K\u00fcpemizin benzersiz tasar\u0131m\u0131 ve k\u00fclt\u00fcrel \u00f6nemi ile etkileyece\u011finden emin olabilirsiniz.<\/p>\n<p>\u00d6zellikler:<\/p>\n<ul>\n<li>Birinci s\u0131n\u0131f g\u00fcm\u00fc\u015ften el yap\u0131m\u0131<\/li>\n<li>Koruma ve \u015fans i\u00e7in detayl\u0131 nazar boncu\u011fu tasar\u0131m\u0131<\/li>\n<li>T\u00fcm g\u00fcn kullan\u0131m i\u00e7in hafif ve rahat<\/li>\n<li>Sevdikleriniz i\u00e7in m\u00fckemmel bir hediye veya kendiniz i\u00e7in \u00f6zel bir ikram<\/li>\n<\/ul>\n<p>El Yap\u0131m\u0131 Evileye K\u00fcpemiz ile zarafeti ve korumay\u0131 kucaklay\u0131n. \u015eimdi al\u0131\u015fveri\u015f yap\u0131n ve bu g\u00fczel par\u00e7ay\u0131 m\u00fccevher koleksiyonunuza ekleyin.<\/p>","protected":false},"excerpt":{"rendered":"<p>Hayat\u0131n\u0131za zarafet ve koruma getirmek i\u00e7in tasarlanm\u0131\u015f zarif El Yap\u0131m\u0131 G\u00f6z K\u00fcpemizle tan\u0131\u015f\u0131n. Her bir k\u00fcpe, dayan\u0131kl\u0131l\u0131k ve zamans\u0131z bir parlakl\u0131k sa\u011flamak i\u00e7in y\u00fcksek kaliteli g\u00fcm\u00fc\u015ften titizlikle \u00fcretilmi\u015ftir. G\u00fczel bir \u015fekilde detayland\u0131r\u0131lm\u0131\u015f nazar boncu\u011fu, koruma ve iyi \u015fans\u0131 sembolize ederek bu k\u00fcpeleri yaln\u0131zca \u015f\u0131k bir aksesuar de\u011fil, ayn\u0131 zamanda anlaml\u0131 bir t\u0131ls\u0131m haline getirir. M\u00fckemmel [...]<\/p>","protected":false},"featured_media":22235,"comment_status":"open","ping_status":"closed","template":"","meta":[],"product_cat":[466,464,449,452,434,417,465,432,415,450],"product_tag":[491,493],"class_list":{"0":"post-22233","1":"product","2":"type-product","3":"status-publish","4":"has-post-thumbnail","6":"product_brand-laseyta","7":"product_cat-evil-eye-collection","8":"product_cat-collections","9":"product_cat-costume-jewelry","10":"product_cat-earrings-women-costume-jewelry","11":"product_cat-earrings-women-silver","12":"product_cat-earrings","13":"product_cat-handmade-collection","14":"product_cat-women-silver","15":"product_cat-women","16":"product_cat-women-costume-jewelry","17":"product_tag-en-cok-goruntulenen-urunler","18":"product_tag-terimi-kaldir-en-cok-goruntulenen-urunler-en-cok-goruntulenen-urunler","20":"first","21":"outofstock","22":"taxable","23":"shipping-taxable","24":"purchasable","25":"product-type-simple"},"_links":{"self":[{"href":"https:\/\/www.laseyta.com\/tr\/wp-json\/wp\/v2\/product\/22233","targetHints":{"allow":["GET"]}}],"collection":[{"href":"https:\/\/www.laseyta.com\/tr\/wp-json\/wp\/v2\/product"}],"about":[{"href":"https:\/\/www.laseyta.com\/tr\/wp-json\/wp\/v2\/types\/product"}],"replies":[{"embeddable":true,"href":"https:\/\/www.laseyta.com\/tr\/wp-json\/wp\/v2\/comments?post=22233"}],"wp:featuredmedia":[{"embeddable":true,"href":"https:\/\/www.laseyta.com\/tr\/wp-json\/wp\/v2\/media\/22235"}],"wp:attachment":[{"href":"https:\/\/www.laseyta.com\/tr\/wp-json\/wp\/v2\/media?parent=22233"}],"wp:term":[{"taxonomy":"product_cat","embeddable":true,"href":"https:\/\/www.laseyta.com\/tr\/wp-json\/wp\/v2\/product_cat?post=22233"},{"taxonomy":"product_tag","embeddable":true,"href":"https:\/\/www.laseyta.com\/tr\/wp-json\/wp\/v2\/product_tag?post=22233"}],"curies":[{"name":"wp","href":"https:\/\/api.w.org\/{rel}","templated":true}]}}