{"id":22273,"date":"2024-07-13T15:58:11","date_gmt":"2024-07-13T15:58:11","guid":{"rendered":"https:\/\/www.laseyta.com\/?post_type=product&#038;p=22273"},"modified":"2024-07-13T16:00:20","modified_gmt":"2024-07-13T16:00:20","slug":"silver-woman-plain-ring-2","status":"publish","type":"product","link":"https:\/\/www.laseyta.com\/tr\/urun\/gumus-kadin-duz-yuzuk-2\/","title":{"rendered":"G\u00fcm\u00fc\u015f Kad\u0131n Sade Y\u00fcz\u00fck"},"content":{"rendered":"<p><span style=\"vertical-align: inherit;\"><span style=\"vertical-align: inherit;\">Malzeme:925 ayar g\u00fcm\u00fc\u015f<\/span><\/span><\/p>\n<p><span style=\"vertical-align: inherit;\"><span style=\"vertical-align: inherit;\">\u00dcr\u00fcn\u00fcn el yap\u0131m\u0131 olmas\u0131 nedeniyle a\u011f\u0131rl\u0131\u011f\u0131nda (+-0,1) de\u011fi\u015fiklik olabilir.<\/span><\/span><\/p>","protected":false},"excerpt":{"rendered":"<p>Malzeme: 925 ayar g\u00fcm\u00fc\u015f \u00dcr\u00fcn\u00fcn el yap\u0131m\u0131 olmas\u0131 nedeniyle a\u011f\u0131rl\u0131\u011f\u0131nda (+-0,1) de\u011fi\u015fiklik olabilir.<\/p>","protected":false},"featured_media":22274,"comment_status":"open","ping_status":"closed","template":"","meta":[],"product_cat":[464,469,436,431],"product_tag":[490],"class_list":{"0":"post-22273","1":"product","2":"type-product","3":"status-publish","4":"has-post-thumbnail","6":"product_brand-laseyta","7":"product_cat-collections","8":"product_cat-heart-collection","9":"product_cat-ring-women-silver","10":"product_cat-silver","11":"product_tag-yeni-gelenler","13":"first","14":"outofstock","15":"taxable","16":"shipping-taxable","17":"purchasable","18":"product-type-simple"},"_links":{"self":[{"href":"https:\/\/www.laseyta.com\/tr\/wp-json\/wp\/v2\/product\/22273","targetHints":{"allow":["GET"]}}],"collection":[{"href":"https:\/\/www.laseyta.com\/tr\/wp-json\/wp\/v2\/product"}],"about":[{"href":"https:\/\/www.laseyta.com\/tr\/wp-json\/wp\/v2\/types\/product"}],"replies":[{"embeddable":true,"href":"https:\/\/www.laseyta.com\/tr\/wp-json\/wp\/v2\/comments?post=22273"}],"wp:featuredmedia":[{"embeddable":true,"href":"https:\/\/www.laseyta.com\/tr\/wp-json\/wp\/v2\/media\/22274"}],"wp:attachment":[{"href":"https:\/\/www.laseyta.com\/tr\/wp-json\/wp\/v2\/media?parent=22273"}],"wp:term":[{"taxonomy":"product_cat","embeddable":true,"href":"https:\/\/www.laseyta.com\/tr\/wp-json\/wp\/v2\/product_cat?post=22273"},{"taxonomy":"product_tag","embeddable":true,"href":"https:\/\/www.laseyta.com\/tr\/wp-json\/wp\/v2\/product_tag?post=22273"}],"curies":[{"name":"wp","href":"https:\/\/api.w.org\/{rel}","templated":true}]}}